{"id":9499,"date":"2023-09-17T17:29:21","date_gmt":"2023-09-17T16:29:21","guid":{"rendered":"http:\/\/www.fftbliguedelorraine.fr\/?page_id=9499"},"modified":"2023-10-31T06:21:08","modified_gmt":"2023-10-31T05:21:08","slug":"commission-sportive-fftb-et-nbta","status":"publish","type":"page","link":"https:\/\/www.fftbliguedelorraine.fr\/?page_id=9499","title":{"rendered":"Commission sportive FFTB et NBTA"},"content":{"rendered":"\n<p class=\"elementtoproof\" style=\"background: white;\"><span style=\"font-size: 12.0pt; color: black;\">Vous trouverez ci-dessous un courrier du Directeur Technique F\u00e9d\u00e9ral concernant la mise en place du Dispositif Territorial.<\/span><\/p>\n<p>=&gt; <a href=\"http:\/\/www.fftbliguedelorraine.fr\/wp-content\/uploads\/2023\/10\/Courrier-Dispositif-Territorial.pdf\">Courrier Dispositif Territorial<\/a><\/p>\n<p>=&gt; <a href=\"http:\/\/www.fftbliguedelorraine.fr\/wp-content\/uploads\/2023\/10\/PRESENTATION-dispositif-Territorial.pdf\">PRESENTATION dispositif Territorial<\/a><\/p>\n<p>*********************************************************************************************************<\/p>\n<p class=\"xelementtoproof\" style=\"background: white;\"><span class=\"xcontentpasted1\"><span style=\"font-size: 12.0pt; color: black;\">Vous trouverez ci-dessous <b><u>un courrier mis \u00e0 jour<\/u><\/b> du Directeur Technique F\u00e9d\u00e9ral concernant a pr\u00e9sentation des disciplines Solo 1, 2 et 3 b\u00e2tons et Groupe Artistique.<\/span><\/span><\/p>\n<p><strong>=&gt; <a href=\"http:\/\/www.fftbliguedelorraine.fr\/wp-content\/uploads\/2023\/09\/Visio-1-2-3-Batons-GA.pdf\">Visio 1, 2, 3 B\u00e2tons + GA<\/a><\/strong><\/p>\n<p style=\"background: white;\"><span style=\"font-size: 12.0pt; font-family: 'Aptos',sans-serif; color: black;\">\u00a0<\/span><\/p>\n","protected":false},"excerpt":{"rendered":"<p>Vous trouverez ci-dessous un courrier du Directeur Technique F\u00e9d\u00e9ral concernant la mise en place du Dispositif Territorial. =&gt; Courrier Dispositif Territorial =&gt; PRESENTATION dispositif Territorial ********************************************************************************************************* Vous trouverez ci-dessous un courrier mis \u00e0 jour du Directeur Technique F\u00e9d\u00e9ral concernant a pr\u00e9sentation des disciplines Solo 1, 2 et 3 b\u00e2tons et Groupe Artistique. =&gt; Visio 1,<\/p>\n","protected":false},"author":1,"featured_media":0,"parent":0,"menu_order":0,"comment_status":"closed","ping_status":"closed","template":"","meta":{"footnotes":""},"class_list":["post-9499","page","type-page","status-publish","hentry"],"_links":{"self":[{"href":"https:\/\/www.fftbliguedelorraine.fr\/index.php?rest_route=\/wp\/v2\/pages\/9499","targetHints":{"allow":["GET"]}}],"collection":[{"href":"https:\/\/www.fftbliguedelorraine.fr\/index.php?rest_route=\/wp\/v2\/pages"}],"about":[{"href":"https:\/\/www.fftbliguedelorraine.fr\/index.php?rest_route=\/wp\/v2\/types\/page"}],"author":[{"embeddable":true,"href":"https:\/\/www.fftbliguedelorraine.fr\/index.php?rest_route=\/wp\/v2\/users\/1"}],"replies":[{"embeddable":true,"href":"https:\/\/www.fftbliguedelorraine.fr\/index.php?rest_route=%2Fwp%2Fv2%2Fcomments&post=9499"}],"version-history":[{"count":4,"href":"https:\/\/www.fftbliguedelorraine.fr\/index.php?rest_route=\/wp\/v2\/pages\/9499\/revisions"}],"predecessor-version":[{"id":9672,"href":"https:\/\/www.fftbliguedelorraine.fr\/index.php?rest_route=\/wp\/v2\/pages\/9499\/revisions\/9672"}],"wp:attachment":[{"href":"https:\/\/www.fftbliguedelorraine.fr\/index.php?rest_route=%2Fwp%2Fv2%2Fmedia&parent=9499"}],"curies":[{"name":"wp","href":"https:\/\/api.w.org\/{rel}","templated":true}]}}