{"id":9466,"date":"2023-09-01T14:51:15","date_gmt":"2023-09-01T13:51:15","guid":{"rendered":"http:\/\/www.fftbliguedelorraine.fr\/?page_id=9466"},"modified":"2025-03-06T19:10:03","modified_gmt":"2025-03-06T18:10:03","slug":"congres-2024","status":"publish","type":"page","link":"https:\/\/www.fftbliguedelorraine.fr\/?page_id=9466","title":{"rendered":"Congr\u00e8s 2025"},"content":{"rendered":"\n<div dir=\"auto\">\u00a0<\/div>\n<div dir=\"auto\" style=\"text-align: center;\"><strong>CONGRES FEDERAL FFSTB <\/strong><\/div>\n<div dir=\"auto\" style=\"text-align: center;\"><strong>29 et 30 Mars 2025\u00a0<\/strong><\/div>\n<div dir=\"auto\">\u00a0<\/div>\n<div dir=\"auto\" style=\"text-align: center;\">Cr\u00e9dit agricole Touraine Poitou\u00a0<\/div>\n<div dir=\"auto\" style=\"text-align: center;\">18 rue Salvador Allende<\/div>\n<div dir=\"auto\" style=\"text-align: center;\">86000 Poitiers\u00a0<\/div>\n<div dir=\"auto\">\u00a0<\/div>\n<div dir=\"auto\" style=\"text-align: center;\">Du samedi 13 heures au dimanche 12 heures\u00a0<\/div>\n<div dir=\"auto\">\u00a0<\/div>\n<div dir=\"auto\"><a href=\"http:\/\/www.fftbliguedelorraine.fr\/wp-content\/uploads\/2025\/03\/20250329_AG_CONVOCATION.pdf\">20250329_AG_CONVOCATION<\/a><\/div>\n<div dir=\"auto\">\u00a0<\/div>\n<div dir=\"auto\">\n<div class=\"x_elementToProof\"><span data-olk-copy-source=\"MessageBody\">Toutes les informations se trouvent sur le site f\u00e9d\u00e9ral <\/span><a id=\"OWAeac203dd-bfc8-58a2-af31-5f7c2423c800\" class=\"x_x_OWAAutoLink\" title=\"https:\/\/fftwirl.fr\/lassemblee-generale\/\" href=\"https:\/\/fftwirl.fr\/lassemblee-generale\/\" data-loopstyle=\"linkonly\" data-auth=\"NotApplicable\" data-linkindex=\"0\">https:\/\/fftwirl.fr\/lassemblee-generale\/<\/a>\u00a0:\u00a0<\/div>\n<ul data-editing-info=\"{&quot;applyListStyleFromLevel&quot;:false,&quot;unorderedStyleType&quot;:2}\">\n<li>\n<div class=\"x_elementToProof\"><a id=\"OWA2e069f44-0e68-efca-8e75-0f8121193d22\" class=\"x_OWAAutoLink\" title=\"https:\/\/fftwirl.fr\/wp-content\/uploads\/CONGRES\/MANDAT_AG_2025.pdf\" href=\"https:\/\/fftwirl.fr\/wp-content\/uploads\/CONGRES\/MANDAT_AG_2025.pdf\" data-auth=\"NotApplicable\" data-linkindex=\"1\">Mandat<\/a>,<\/div>\n<\/li>\n<li>\n<div><a id=\"OWAc826c218-0f84-5be8-11b4-26d1b013a2d9\" class=\"x_OWAAutoLink\" title=\"https:\/\/fftwirl.fr\/wp-content\/uploads\/CONGRES\/PROCURATION_AG_2025.pdf\" href=\"https:\/\/fftwirl.fr\/wp-content\/uploads\/CONGRES\/PROCURATION_AG_2025.pdf\" data-auth=\"NotApplicable\" data-linkindex=\"2\">Procuration<\/a>,<\/div>\n<\/li>\n<li>\n<div class=\"x_elementToProof\">Demande de lettre de f\u00e9licitations (version\u00a0<a id=\"LPlnk677986\" title=\"https:\/\/fftwirl.fr\/wp-content\/uploads\/CONGRES\/PROPOSITION_PERSONNE_POUR_LETTRE_DE_FELICITATION%20-%202025.docx\" href=\"https:\/\/fftwirl.fr\/wp-content\/uploads\/CONGRES\/PROPOSITION_PERSONNE_POUR_LETTRE_DE_FELICITATION%20-%202025.docx\" data-auth=\"NotApplicable\" data-linkindex=\"3\">.doc<\/a>\u00a0et\u00a0<a id=\"LPlnk339082\" title=\"https:\/\/fftwirl.fr\/wp-content\/uploads\/CONGRES\/PROPOSITION_PERSONNE_POUR_LETTRE_DE_FELICITATION%20-%202025.pdf\" href=\"https:\/\/fftwirl.fr\/wp-content\/uploads\/CONGRES\/PROPOSITION_PERSONNE_POUR_LETTRE_DE_FELICITATION%20-%202025.pdf\" data-auth=\"NotApplicable\" data-linkindex=\"4\">.pdf<\/a>),<\/div>\n<\/li>\n<li>\n<div class=\"x_elementToProof\">Demande de m\u00e9daille f\u00e9d\u00e9rale (version\u00a0<a id=\"LPlnk376556\" title=\"https:\/\/fftwirl.fr\/wp-content\/uploads\/CONGRES\/PROPOSITION_PERSONNE_POUR_MEDAILLE_FEDERALE%20-%202025.pdf\" href=\"https:\/\/fftwirl.fr\/wp-content\/uploads\/CONGRES\/PROPOSITION_PERSONNE_POUR_MEDAILLE_FEDERALE%20-%202025.pdf\" data-auth=\"NotApplicable\" data-linkindex=\"5\">pdf<\/a><a title=\"https:\/\/fftwirl.fr\/wp-content\/uploads\/CONGRES\/PROPOSITION_PERSONNE_POUR_MEDAILLE_FEDERALE%20-%202025.pdf\" href=\"https:\/\/fftwirl.fr\/wp-content\/uploads\/CONGRES\/PROPOSITION_PERSONNE_POUR_MEDAILLE_FEDERALE%20-%202025.pdf\" data-auth=\"NotApplicable\" data-linkindex=\"6\">\u00a0<\/a>et .<a id=\"LPlnk157730\" title=\"https:\/\/fftwirl.fr\/wp-content\/uploads\/CONGRES\/PROPOSITION_PERSONNE_POUR_MEDAILLE_FEDERALE%20-%202025.docx\" href=\"https:\/\/fftwirl.fr\/wp-content\/uploads\/CONGRES\/PROPOSITION_PERSONNE_POUR_MEDAILLE_FEDERALE%20-%202025.docx\" data-auth=\"NotApplicable\" data-linkindex=\"7\">doc<\/a>).<\/div>\n<\/li>\n<\/ul>\n<\/div>\n<div dir=\"auto\">\n<div class=\"x_elementToProof\" data-olk-copy-source=\"MessageBody\">La F\u00e9d\u00e9ration propose aux\u00a0congressistes de prendre leur diner du samedi 29 mars sur place.\u00a0<\/div>\n<div class=\"x_elementToProof\">\u00a0<\/div>\n<div class=\"x_elementToProof\">Nous vous prions de trouver en pi\u00e8ce jointe le bon de r\u00e9servation,\u00a0\u00e0 nous transmettre compl\u00e9t\u00e9\u00a0<b>avant\u00a0le 16 mars 2025<\/b>\u00a0sur\u00a0<a id=\"OWA1f31ea35-1fc5-821f-9bd2-30324c53b67a\" class=\"x_x_OWAAutoLink\" title=\"mailto:accueil@ffstb.fr\" href=\"mailto:accueil@ffstb.fr\" data-linkindex=\"0\">accueil@ffstb.fr<\/a><\/div>\n<div>\u00a0<\/div>\n<\/div>\n<div dir=\"auto\"><a href=\"http:\/\/www.fftbliguedelorraine.fr\/wp-content\/uploads\/2025\/03\/2025_REPAS_RESERVATION.pdf\">2025_REPAS_RESERVATION<\/a><\/div>\n<div dir=\"auto\"><a href=\"http:\/\/www.fftbliguedelorraine.fr\/wp-content\/uploads\/2025\/03\/2025_REPAS_RESERVATION.xlsx\">2025_REPAS_RESERVATION<\/a><\/div>\n<div data-olk-copy-source=\"MessageBody\">\n<div dir=\"auto\" style=\"text-align: center;\">***************************************************************************************<\/div>\n<div dir=\"auto\">\u00a0<\/div>\n<div dir=\"auto\">Nous sommes ravis de vous annoncer les r\u00e9sultats des \u00e9lections de la F\u00e9d\u00e9ration Fran\u00e7aise Sportive de Twirling B\u00e2ton.<\/div>\n<div dir=\"auto\">F\u00e9licitations \u00e0 Didier Pascal, \u00e9lu pr\u00e9sident f\u00e9d\u00e9ral pour le mandat 2024-2028, ainsi qu\u2019\u00e0 toute l\u2019\u00e9quipe \u00e9lue pour ce nouveau mandat.<\/div>\n<br \/>\n<div data-olk-copy-source=\"MessageBody\"><hr \/><\/div>\n<\/div>\n<div data-olk-copy-source=\"MessageBody\"><img loading=\"lazy\" decoding=\"async\" class=\"alignleft size-medium wp-image-10689\" src=\"http:\/\/www.fftbliguedelorraine.fr\/wp-content\/uploads\/2024\/11\/465982773_994772899358042_6884592404403408213_n-300x300.jpg\" alt=\"\" width=\"300\" height=\"300\" srcset=\"https:\/\/www.fftbliguedelorraine.fr\/wp-content\/uploads\/2024\/11\/465982773_994772899358042_6884592404403408213_n-300x300.jpg 300w, https:\/\/www.fftbliguedelorraine.fr\/wp-content\/uploads\/2024\/11\/465982773_994772899358042_6884592404403408213_n-1024x1024.jpg 1024w, https:\/\/www.fftbliguedelorraine.fr\/wp-content\/uploads\/2024\/11\/465982773_994772899358042_6884592404403408213_n-150x150.jpg 150w, https:\/\/www.fftbliguedelorraine.fr\/wp-content\/uploads\/2024\/11\/465982773_994772899358042_6884592404403408213_n-768x768.jpg 768w, https:\/\/www.fftbliguedelorraine.fr\/wp-content\/uploads\/2024\/11\/465982773_994772899358042_6884592404403408213_n-60x60.jpg 60w, https:\/\/www.fftbliguedelorraine.fr\/wp-content\/uploads\/2024\/11\/465982773_994772899358042_6884592404403408213_n.jpg 1080w\" sizes=\"auto, (max-width: 300px) 100vw, 300px\" \/><\/div>\n<div data-olk-copy-source=\"MessageBody\">\u00a0<\/div>\n<div data-olk-copy-source=\"MessageBody\">\n<div data-olk-copy-source=\"MessageBody\">\u00a0<\/div>\n<\/div>\n<div data-olk-copy-source=\"MessageBody\"><img loading=\"lazy\" decoding=\"async\" class=\"alignleft size-medium wp-image-10698\" src=\"http:\/\/www.fftbliguedelorraine.fr\/wp-content\/uploads\/2024\/11\/465982960_994861839349148_6654826545184734761_n-300x300.jpg\" alt=\"\" width=\"300\" height=\"300\" srcset=\"https:\/\/www.fftbliguedelorraine.fr\/wp-content\/uploads\/2024\/11\/465982960_994861839349148_6654826545184734761_n-300x300.jpg 300w, https:\/\/www.fftbliguedelorraine.fr\/wp-content\/uploads\/2024\/11\/465982960_994861839349148_6654826545184734761_n-1024x1024.jpg 1024w, https:\/\/www.fftbliguedelorraine.fr\/wp-content\/uploads\/2024\/11\/465982960_994861839349148_6654826545184734761_n-150x150.jpg 150w, https:\/\/www.fftbliguedelorraine.fr\/wp-content\/uploads\/2024\/11\/465982960_994861839349148_6654826545184734761_n-768x768.jpg 768w, https:\/\/www.fftbliguedelorraine.fr\/wp-content\/uploads\/2024\/11\/465982960_994861839349148_6654826545184734761_n-60x60.jpg 60w, https:\/\/www.fftbliguedelorraine.fr\/wp-content\/uploads\/2024\/11\/465982960_994861839349148_6654826545184734761_n.jpg 1080w\" sizes=\"auto, (max-width: 300px) 100vw, 300px\" \/> <img loading=\"lazy\" decoding=\"async\" class=\"alignleft size-medium wp-image-10699\" src=\"http:\/\/www.fftbliguedelorraine.fr\/wp-content\/uploads\/2024\/11\/466013206_994772909358041_1177855537135390204_n-300x300.jpg\" alt=\"\" width=\"300\" height=\"300\" srcset=\"https:\/\/www.fftbliguedelorraine.fr\/wp-content\/uploads\/2024\/11\/466013206_994772909358041_1177855537135390204_n-300x300.jpg 300w, https:\/\/www.fftbliguedelorraine.fr\/wp-content\/uploads\/2024\/11\/466013206_994772909358041_1177855537135390204_n-1024x1024.jpg 1024w, https:\/\/www.fftbliguedelorraine.fr\/wp-content\/uploads\/2024\/11\/466013206_994772909358041_1177855537135390204_n-150x150.jpg 150w, https:\/\/www.fftbliguedelorraine.fr\/wp-content\/uploads\/2024\/11\/466013206_994772909358041_1177855537135390204_n-768x768.jpg 768w, https:\/\/www.fftbliguedelorraine.fr\/wp-content\/uploads\/2024\/11\/466013206_994772909358041_1177855537135390204_n-60x60.jpg 60w, https:\/\/www.fftbliguedelorraine.fr\/wp-content\/uploads\/2024\/11\/466013206_994772909358041_1177855537135390204_n.jpg 1080w\" sizes=\"auto, (max-width: 300px) 100vw, 300px\" \/> <img loading=\"lazy\" decoding=\"async\" class=\"alignleft size-medium wp-image-10700\" src=\"http:\/\/www.fftbliguedelorraine.fr\/wp-content\/uploads\/2024\/11\/466422252_994772906024708_33318382670883570_n-300x300.jpg\" alt=\"\" width=\"300\" height=\"300\" srcset=\"https:\/\/www.fftbliguedelorraine.fr\/wp-content\/uploads\/2024\/11\/466422252_994772906024708_33318382670883570_n-300x300.jpg 300w, https:\/\/www.fftbliguedelorraine.fr\/wp-content\/uploads\/2024\/11\/466422252_994772906024708_33318382670883570_n-1024x1024.jpg 1024w, https:\/\/www.fftbliguedelorraine.fr\/wp-content\/uploads\/2024\/11\/466422252_994772906024708_33318382670883570_n-150x150.jpg 150w, https:\/\/www.fftbliguedelorraine.fr\/wp-content\/uploads\/2024\/11\/466422252_994772906024708_33318382670883570_n-768x768.jpg 768w, https:\/\/www.fftbliguedelorraine.fr\/wp-content\/uploads\/2024\/11\/466422252_994772906024708_33318382670883570_n-60x60.jpg 60w, https:\/\/www.fftbliguedelorraine.fr\/wp-content\/uploads\/2024\/11\/466422252_994772906024708_33318382670883570_n.jpg 1080w\" sizes=\"auto, (max-width: 300px) 100vw, 300px\" \/><\/div>\n<div data-olk-copy-source=\"MessageBody\">\u00a0<\/div>\n<div data-olk-copy-source=\"MessageBody\">\n<div data-olk-copy-source=\"MessageBody\">\u00a0<\/div>\n<div data-olk-copy-source=\"MessageBody\">\u00a0<\/div>\n<div data-olk-copy-source=\"MessageBody\">\u00a0<\/div>\n<div data-olk-copy-source=\"MessageBody\">\u00a0<\/div>\n<div data-olk-copy-source=\"MessageBody\">\u00a0<\/div>\n<div data-olk-copy-source=\"MessageBody\">\u00a0<\/div>\n<div data-olk-copy-source=\"MessageBody\">\u00a0<\/div>\n<div data-olk-copy-source=\"MessageBody\">\u00a0<\/div>\n<div data-olk-copy-source=\"MessageBody\">\u00a0<\/div>\n<div data-olk-copy-source=\"MessageBody\">\u00a0<\/div>\n<div data-olk-copy-source=\"MessageBody\">\u00a0<\/div>\n<div data-olk-copy-source=\"MessageBody\">\u00a0<\/div>\n<div data-olk-copy-source=\"MessageBody\">\u00a0<\/div>\n<div data-olk-copy-source=\"MessageBody\">\u00a0<\/div>\n<div data-olk-copy-source=\"MessageBody\">\u00a0<\/div>\n<div data-olk-copy-source=\"MessageBody\">\u00a0<\/div>\n<div data-olk-copy-source=\"MessageBody\">\u00a0<\/div>\n<\/div>\n<div data-olk-copy-source=\"MessageBody\">\u00a0<\/div>\n<div data-olk-copy-source=\"MessageBody\">\n<div data-olk-copy-source=\"MessageBody\">\u00a0<\/div>\n<div data-olk-copy-source=\"MessageBody\">\u00a0<\/div>\n<div data-olk-copy-source=\"MessageBody\">\u00a0<\/div>\n<div data-olk-copy-source=\"MessageBody\">\u00a0<\/div>\n<div data-olk-copy-source=\"MessageBody\">\u00a0<\/div>\n<div data-olk-copy-source=\"MessageBody\">\u00a0<\/div>\n<div data-olk-copy-source=\"MessageBody\">\u00a0<\/div>\n<div data-olk-copy-source=\"MessageBody\">\u00a0<\/div>\n<\/div>\n<div data-olk-copy-source=\"MessageBody\">\u00a0<\/div>\n<div data-olk-copy-source=\"MessageBody\">\u00a0<\/div>\n<div data-olk-copy-source=\"MessageBody\">\n<div style=\"text-align: center;\" data-olk-copy-source=\"MessageBody\">*********************<\/div>\n<div class=\"x_elementToProof\" data-olk-copy-source=\"MessageBody\">Nous vous informons que les r\u00e9sultats des votes pour les repr\u00e9sentants ci-dessous sont disponibles sur le site f\u00e9d\u00e9ral en cliquant sur le lien suivant :\u00a0<a id=\"LPlnk400681\" class=\"x_OWAAutoLink\" title=\"https:\/\/fftwirl.fr\/lassemblee-generale-elective\/\" href=\"https:\/\/fftwirl.fr\/lassemblee-generale-elective\/\" data-auth=\"NotApplicable\" data-linkindex=\"0\">https:\/\/fftwirl.fr\/lassemblee-generale-elective\/<\/a><\/div>\n<ul data-editing-info=\"{&quot;applyListStyleFromLevel&quot;:false,&quot;unorderedStyleType&quot;:1}\">\n<li>\n<div class=\"x_elementToProof\">Repr\u00e9sentant des Entraineurs<\/div>\n<\/li>\n<li>\n<div class=\"x_elementToProof\">Repr\u00e9sentant des Arbitres<\/div>\n<\/li>\n<li>\n<div class=\"x_elementToProof\">Repr\u00e9sentant des Sportifs de Haut Niveau<\/div>\n<\/li>\n<li>\n<div class=\"x_elementToProof\">Repr\u00e9sentant des licenci\u00e9s individuels<\/div>\n<\/li>\n<\/ul>\n<div>\n<div>\n<div>\n<div>\n<div>\n<div>\u00a0<\/div>\n<\/div>\n<\/div>\n<\/div>\n<\/div>\n<\/div>\n<\/div>\n<div style=\"text-align: center;\" data-olk-copy-source=\"MessageBody\">*****************************<\/div>\n<div data-olk-copy-source=\"MessageBody\">\u00a0<\/div>\n<div data-olk-copy-source=\"MessageBody\">\n<div data-olk-copy-source=\"MessageBody\">Madame, Monsieur,<\/div>\n<div aria-hidden=\"true\">\u00a0<\/div>\n<div>Veuillez trouver ci-joint les candidatures valid\u00e9es par la Commission de surveillance des op\u00e9rations \u00e9lectorales\u00a0pour l&rsquo;assembl\u00e9e g\u00e9n\u00e9rale \u00e9lective du 7 d\u00e9cembre 2024 \u00e0 Toulouse (les projets sportifs sont t\u00e9l\u00e9chargeables sur le site f\u00e9d\u00e9ral :\u00a0<a id=\"OWA7d066671-7d30-b69b-1f7e-13020d13f430\" class=\"x_x_OWAAutoLink\" href=\"https:\/\/fftwirl.fr\/lassemblee-generale-elective\/\" data-auth=\"NotApplicable\" data-linkindex=\"0\">https:\/\/fftwirl.fr\/lassemblee-generale-elective<\/a>).<\/div>\n<div>\u00a0<\/div>\n<div>Pour rappel, les documents mandat et procuration sont disponibles en t\u00e9l\u00e9chargement sur le site f\u00e9d\u00e9ral (<a id=\"OWAfd121be4-dea5-12f8-9b7e-fc66414fabfc\" class=\"x_x_OWAAutoLink\" href=\"https:\/\/fftwirl.fr\/lassemblee-generale-elective\/\" data-auth=\"NotApplicable\" data-linkindex=\"1\">https:\/\/fftwirl.fr\/lassemblee-generale-elective\/<\/a>) depuis le mois de mai 2024 ; nous attirons votre attention sur la date limit\u00e9e d&rsquo;envoi : le\u00a0<b>16 novembre 2024, cachet de la poste faisant foi<\/b>, \u00e0 FFSTB \u2013 21 Q, rue de Ruffigny \u2013 86240 Iteuil.<\/div>\n<div>\u00a0<\/div>\n<div>Toutes personnes souhaitant modifier son mandat ou sa procuration devra en envoyer un nouveau au secr\u00e9tariat dans les d\u00e9lais indiqu\u00e9s ci-dessus. Le nouveau annulera et remplacera l&rsquo;ancien.<\/div>\n<div>\u00a0<\/div>\n<div>De m\u00eame, un pr\u00e9sident de club ayant donn\u00e9 son mandat mais qui souhaite finalement \u00eatre pr\u00e9sent devra en informer le secr\u00e9tariat par courriel dans les d\u00e9lais indiqu\u00e9s ci-dessus.<\/div>\n<div>\u00a0<\/div>\n<div><a href=\"http:\/\/www.fftbliguedelorraine.fr\/wp-content\/uploads\/2024\/10\/CANDIDATURES-AG.pdf\">CANDIDATURES AG<\/a><\/div>\n<div>\u00a0<\/div>\n<\/div>\n<div data-olk-copy-source=\"MessageBody\"><hr \/><\/div>\n<div class=\"x_elementToProof\" data-olk-copy-source=\"MessageBody\">Veuillez trouver ci-joint l&rsquo;ordre du jour de l&rsquo;assembl\u00e9e g\u00e9n\u00e9rale \u00e9lective qui aura lieu au Novotel Toulouse Purpan A\u00e9roport.<\/div>\n<div data-olk-copy-source=\"MessageBody\"><a href=\"http:\/\/www.fftbliguedelorraine.fr\/wp-content\/uploads\/2024\/10\/20241207_ODJ_AG.pdf\">20241207_ODJ_AG<\/a><\/div>\n<div>\u00a0<\/div>\n<div class=\"x_elementToProof\">Pour rappel, les documents mandat et procuration sont disponibles en t\u00e9l\u00e9chargement sur le site f\u00e9d\u00e9ral (<a id=\"LPlnk642211\" href=\"https:\/\/fftwirl.fr\/lassemblee-generale-elective\/\" data-auth=\"NotApplicable\" data-linkindex=\"0\">https:\/\/fftwirl.fr\/lassemblee-generale-elective\/<\/a>) depuis le mois de mai 2024 ; nous attirons votre attention sur la date limit\u00e9e d&rsquo;envoi : le\u00a0<b>16 novembre 2024, cachet de la poste faisant foi<\/b>, \u00e0 FFSTB \u2013 21 Q, rue de Ruffigny \u2013 86240 Iteuil.<\/div>\n<div class=\"x_elementToProof\">\u00a0<\/div>\n<div class=\"x_elementToProof\">Les candidatures sont en cours de validation par la commission de surveillance des op\u00e9rations \u00e9lectorales et vous seront communiqu\u00e9es prochainement.<\/div>\n<div><hr \/><\/div>\n<p>Pour rappel, la date limite pour nous faire parvenir vos r\u00e9servations de repas et mandat ou procuration pour le Congr\u00e8s F\u00e9d\u00e9ral est le 16 mars 2024.<\/p>\n<p>Pour les Pr\u00e9sidents de Ligues, CD\/CID, pensez \u00e9galement \u00e0 nous transmettre vos demandes de distinctions honorifiques.<\/p>\n<p><strong>Il vous reste donc 12 jours.<\/strong><\/p>\n<p>Tous les documents et informations se trouvent sur le site f\u00e9d\u00e9ral : <a href=\"https:\/\/fftwirl.fr\/lassemblee-generale\/\" data-loopstyle=\"linkonly\" data-auth=\"NotApplicable\">https:\/\/fftwirl.fr\/lassemblee-generale\/<\/a><\/p>\n<p>Bien cordialement<\/p>\n<hr \/>\n<p>L\u2019assembl\u00e9e G\u00e9n\u00e9rale 2024 aura lieu le 6 avril 2024 \u00e0 Compi\u00e8gne dans la salle St Nicolas (Rue du Grand Ferr\u00e9 \u2013 60200 Compi\u00e8gne)<\/p>\n<p><a href=\"https:\/\/fftwirl.fr\/lassemblee-generale\/\">https:\/\/fftwirl.fr\/lassemblee-generale\/<\/a><\/p>\n<hr \/>\n<p><em>A l&rsquo;attention des Pr\u00e9sidents D\u00e9partementaux, de CID\u00a0et de Ligues,<\/em><\/p>\n<p><em>Pour information aux\u00a0Membres du Comit\u00e9 Directeur F\u00e9d\u00e9ral,<\/em><\/p>\n<p>Mesdames, Messieurs,<\/p>\n<p>Nous vous prions de bien vouloir trouver ci-joint l&rsquo;appel\u00a0\u00e0 candidature pour l&rsquo;organisation de notre prochaine assembl\u00e9e g\u00e9n\u00e9rale.<\/p>\n<p>Nous vous en souhaitons bonne r\u00e9ception.<\/p>\n<p>Bien cordialement,<\/p>\n<p><strong>Secr\u00e9tariat<\/strong><br \/>F\u00e9d\u00e9ration Fran\u00e7aise Sportive\u00a0de Twirling B\u00e2ton<\/p>\n<p>21 Q, rue de Ruffigny 86240 Iteuil<\/p>\n<p>Tel : 0805 690 382<\/p>\n<p><a href=\"https:\/\/fftwirl.fr\/\" data-loopstyle=\"linkonly\">fftwirl.fr<\/a><\/p>\n<p><a href=\"http:\/\/www.fftbliguedelorraine.fr\/wp-content\/uploads\/2023\/09\/20230704_COMMUNIQUE.pdf\">20230704_COMMUNIQUE<\/a><\/p>\n","protected":false},"excerpt":{"rendered":"<p>\u00a0 CONGRES FEDERAL FFSTB 29 et 30 Mars 2025\u00a0 \u00a0 Cr\u00e9dit agricole Touraine Poitou\u00a0 18 rue Salvador Allende 86000 Poitiers\u00a0 \u00a0 Du samedi 13 heures au dimanche 12 heures\u00a0 \u00a0 20250329_AG_CONVOCATION \u00a0 Toutes les informations se trouvent sur le site f\u00e9d\u00e9ral https:\/\/fftwirl.fr\/lassemblee-generale\/\u00a0:\u00a0 Mandat, Procuration, Demande de lettre de f\u00e9licitations (version\u00a0.doc\u00a0et\u00a0.pdf), Demande de m\u00e9daille f\u00e9d\u00e9rale (version\u00a0pdf\u00a0et<\/p>\n","protected":false},"author":1,"featured_media":0,"parent":0,"menu_order":0,"comment_status":"closed","ping_status":"closed","template":"","meta":{"footnotes":""},"class_list":["post-9466","page","type-page","status-publish","hentry"],"_links":{"self":[{"href":"https:\/\/www.fftbliguedelorraine.fr\/index.php?rest_route=\/wp\/v2\/pages\/9466","targetHints":{"allow":["GET"]}}],"collection":[{"href":"https:\/\/www.fftbliguedelorraine.fr\/index.php?rest_route=\/wp\/v2\/pages"}],"about":[{"href":"https:\/\/www.fftbliguedelorraine.fr\/index.php?rest_route=\/wp\/v2\/types\/page"}],"author":[{"embeddable":true,"href":"https:\/\/www.fftbliguedelorraine.fr\/index.php?rest_route=\/wp\/v2\/users\/1"}],"replies":[{"embeddable":true,"href":"https:\/\/www.fftbliguedelorraine.fr\/index.php?rest_route=%2Fwp%2Fv2%2Fcomments&post=9466"}],"version-history":[{"count":19,"href":"https:\/\/www.fftbliguedelorraine.fr\/index.php?rest_route=\/wp\/v2\/pages\/9466\/revisions"}],"predecessor-version":[{"id":11596,"href":"https:\/\/www.fftbliguedelorraine.fr\/index.php?rest_route=\/wp\/v2\/pages\/9466\/revisions\/11596"}],"wp:attachment":[{"href":"https:\/\/www.fftbliguedelorraine.fr\/index.php?rest_route=%2Fwp%2Fv2%2Fmedia&parent=9466"}],"curies":[{"name":"wp","href":"https:\/\/api.w.org\/{rel}","templated":true}]}}