{"id":8981,"date":"2023-02-09T18:44:52","date_gmt":"2023-02-09T17:44:52","guid":{"rendered":"http:\/\/www.fftbliguedelorraine.fr\/?page_id=8981"},"modified":"2026-02-25T14:01:51","modified_gmt":"2026-02-25T13:01:51","slug":"pre-selectif-n3","status":"publish","type":"page","link":"https:\/\/www.fftbliguedelorraine.fr\/?page_id=8981","title":{"rendered":"S\u00e9lectif N3"},"content":{"rendered":"\n\n\n<p>Pr\u00e9 S\u00e9lectif National 3<\/p>\n<p>\u00e0 S\u00e9r\u00e9mange les 21 et 22 Mars 2026\u00a0<\/p>\n<p>ordre de passage =&gt; <a href=\"http:\/\/www.fftbliguedelorraine.fr\/wp-content\/uploads\/2026\/02\/odp-Selectif-N3-3.xlsx\">odp S\u00e9l\u00e9ctif N3 (3)<\/a><\/p>\n\n\n","protected":false},"excerpt":{"rendered":"<p>Pr\u00e9 S\u00e9lectif National 3 \u00e0 S\u00e9r\u00e9mange les 21 et 22 Mars 2026\u00a0 ordre de passage =&gt; odp S\u00e9l\u00e9ctif N3 (3)<\/p>\n","protected":false},"author":1,"featured_media":0,"parent":0,"menu_order":0,"comment_status":"closed","ping_status":"closed","template":"","meta":{"footnotes":""},"class_list":["post-8981","page","type-page","status-publish","hentry"],"_links":{"self":[{"href":"https:\/\/www.fftbliguedelorraine.fr\/index.php?rest_route=\/wp\/v2\/pages\/8981","targetHints":{"allow":["GET"]}}],"collection":[{"href":"https:\/\/www.fftbliguedelorraine.fr\/index.php?rest_route=\/wp\/v2\/pages"}],"about":[{"href":"https:\/\/www.fftbliguedelorraine.fr\/index.php?rest_route=\/wp\/v2\/types\/page"}],"author":[{"embeddable":true,"href":"https:\/\/www.fftbliguedelorraine.fr\/index.php?rest_route=\/wp\/v2\/users\/1"}],"replies":[{"embeddable":true,"href":"https:\/\/www.fftbliguedelorraine.fr\/index.php?rest_route=%2Fwp%2Fv2%2Fcomments&post=8981"}],"version-history":[{"count":16,"href":"https:\/\/www.fftbliguedelorraine.fr\/index.php?rest_route=\/wp\/v2\/pages\/8981\/revisions"}],"predecessor-version":[{"id":11635,"href":"https:\/\/www.fftbliguedelorraine.fr\/index.php?rest_route=\/wp\/v2\/pages\/8981\/revisions\/11635"}],"wp:attachment":[{"href":"https:\/\/www.fftbliguedelorraine.fr\/index.php?rest_route=%2Fwp%2Fv2%2Fmedia&parent=8981"}],"curies":[{"name":"wp","href":"https:\/\/api.w.org\/{rel}","templated":true}]}}