{"id":83,"date":"2013-08-25T16:49:46","date_gmt":"2013-08-25T15:49:46","guid":{"rendered":"http:\/\/localhost\/wordpress\/?page_id=83"},"modified":"2025-09-27T14:31:20","modified_gmt":"2025-09-27T13:31:20","slug":"formation-enseignant","status":"publish","type":"page","link":"https:\/\/www.fftbliguedelorraine.fr\/?page_id=83","title":{"rendered":"Formation enseignant ETN3,ETN2, ICN4 ,AMT&#8230;"},"content":{"rendered":"\n<p>Dates des stages ICN4\u00a0 saison 2025-2026 \u00e0 Pont \u00e0 Mousson\u00a0<\/p>\n<p>04 et 05 octobre 2025<\/p>\n<p>08 et 09 novembre 2025<\/p>\n<p>29 et 30 Novembre 2025<\/p>\n<p>03 et 04 Janvier 2026 examen\u00a0<\/p>\n<hr \/>\n<p>F\u00e9licitations aux nouvelles instructrices ICN4 , Camille, In\u00e8s, Julie et Ma\u00ebline pour cette belle r\u00e9ussite<\/p>\n<p style=\"text-align: center;\"><strong>Club de Woustviller\u00a0<\/strong><\/p>\n<p><img loading=\"lazy\" decoding=\"async\" class=\"size-medium wp-image-10956 aligncenter\" src=\"http:\/\/www.fftbliguedelorraine.fr\/wp-content\/uploads\/2025\/03\/icn4-voustviller-300x300.jpg\" alt=\"\" width=\"300\" height=\"300\" srcset=\"https:\/\/www.fftbliguedelorraine.fr\/wp-content\/uploads\/2025\/03\/icn4-voustviller-300x300.jpg 300w, https:\/\/www.fftbliguedelorraine.fr\/wp-content\/uploads\/2025\/03\/icn4-voustviller-150x150.jpg 150w, https:\/\/www.fftbliguedelorraine.fr\/wp-content\/uploads\/2025\/03\/icn4-voustviller-60x60.jpg 60w, https:\/\/www.fftbliguedelorraine.fr\/wp-content\/uploads\/2025\/03\/icn4-voustviller.jpg 526w\" sizes=\"auto, (max-width: 300px) 100vw, 300px\" \/><\/p>\n<p>\u00a0<\/p>\n<p><a href=\"http:\/\/www.fftbliguedelorraine.fr\/wp-content\/uploads\/2024\/09\/2024_DESCRIPTIF-IC-ICN4.pdf\">2024_DESCRIPTIF IC-ICN4<\/a><\/p>\n<p>Dates des diff\u00e9rents stages ICN4\u00a0<\/p>\n<p>-1er stage 05 et 06 octobre 2024 \u00e0 Pont \u00e0 Mousson\u00a0<\/p>\n<p>-2\u00e8me stage 09 et 10 Novembre 2024 \u00e0 Pont \u00e0 Mousson<\/p>\n<p>-3\u00e8me stage 30 Novembre 2024 et 01 d\u00e9cembre 2024 \u00e0 Pont \u00e0 Mousson\u00a0<\/p>\n<p>-Examen 04 et 05 Janvier 2025 \u00e0 Pont \u00e0 Mousson\u00a0<\/p>\n<p><img loading=\"lazy\" decoding=\"async\" class=\"alignleft size-medium wp-image-10679\" src=\"http:\/\/www.fftbliguedelorraine.fr\/wp-content\/uploads\/2024\/11\/photo-icn-4-300x225.jpg\" alt=\"\" width=\"300\" height=\"225\" srcset=\"https:\/\/www.fftbliguedelorraine.fr\/wp-content\/uploads\/2024\/11\/photo-icn-4-300x225.jpg 300w, https:\/\/www.fftbliguedelorraine.fr\/wp-content\/uploads\/2024\/11\/photo-icn-4-1024x768.jpg 1024w, https:\/\/www.fftbliguedelorraine.fr\/wp-content\/uploads\/2024\/11\/photo-icn-4-768x576.jpg 768w, https:\/\/www.fftbliguedelorraine.fr\/wp-content\/uploads\/2024\/11\/photo-icn-4-1536x1152.jpg 1536w, https:\/\/www.fftbliguedelorraine.fr\/wp-content\/uploads\/2024\/11\/photo-icn-4.jpg 2048w\" sizes=\"auto, (max-width: 300px) 100vw, 300px\" \/><\/p>\n","protected":false},"excerpt":{"rendered":"<p>Dates des stages ICN4\u00a0 saison 2025-2026 \u00e0 Pont \u00e0 Mousson\u00a0 04 et 05 octobre 2025 08 et 09 novembre 2025 29 et 30 Novembre 2025 03 et 04 Janvier 2026 examen\u00a0 F\u00e9licitations aux nouvelles instructrices ICN4 , Camille, In\u00e8s, Julie et Ma\u00ebline pour cette belle r\u00e9ussite Club de Woustviller\u00a0 \u00a0 2024_DESCRIPTIF IC-ICN4 Dates des diff\u00e9rents<\/p>\n","protected":false},"author":1,"featured_media":0,"parent":79,"menu_order":0,"comment_status":"closed","ping_status":"closed","template":"","meta":{"footnotes":""},"class_list":["post-83","page","type-page","status-publish","hentry"],"_links":{"self":[{"href":"https:\/\/www.fftbliguedelorraine.fr\/index.php?rest_route=\/wp\/v2\/pages\/83","targetHints":{"allow":["GET"]}}],"collection":[{"href":"https:\/\/www.fftbliguedelorraine.fr\/index.php?rest_route=\/wp\/v2\/pages"}],"about":[{"href":"https:\/\/www.fftbliguedelorraine.fr\/index.php?rest_route=\/wp\/v2\/types\/page"}],"author":[{"embeddable":true,"href":"https:\/\/www.fftbliguedelorraine.fr\/index.php?rest_route=\/wp\/v2\/users\/1"}],"replies":[{"embeddable":true,"href":"https:\/\/www.fftbliguedelorraine.fr\/index.php?rest_route=%2Fwp%2Fv2%2Fcomments&post=83"}],"version-history":[{"count":76,"href":"https:\/\/www.fftbliguedelorraine.fr\/index.php?rest_route=\/wp\/v2\/pages\/83\/revisions"}],"predecessor-version":[{"id":11470,"href":"https:\/\/www.fftbliguedelorraine.fr\/index.php?rest_route=\/wp\/v2\/pages\/83\/revisions\/11470"}],"up":[{"embeddable":true,"href":"https:\/\/www.fftbliguedelorraine.fr\/index.php?rest_route=\/wp\/v2\/pages\/79"}],"wp:attachment":[{"href":"https:\/\/www.fftbliguedelorraine.fr\/index.php?rest_route=%2Fwp%2Fv2%2Fmedia&parent=83"}],"curies":[{"name":"wp","href":"https:\/\/api.w.org\/{rel}","templated":true}]}}