{"id":7949,"date":"2022-02-16T14:53:02","date_gmt":"2022-02-16T13:53:02","guid":{"rendered":"http:\/\/www.fftbliguedelorraine.fr\/?page_id=7949"},"modified":"2022-03-26T17:14:50","modified_gmt":"2022-03-26T16:14:50","slug":"saison-2022","status":"publish","type":"page","link":"https:\/\/www.fftbliguedelorraine.fr\/?page_id=7949","title":{"rendered":"Saison 2022"},"content":{"rendered":"<p style=\"text-align: center;\"><span style=\"color: #008000;\"><strong>Championnat S\u00e9lectif National 1, National 2, National 3<\/strong><\/span><\/p>\n<p style=\"text-align: center;\">05 et 06 mars 2022 \u00e0 Forbach (57)<\/p>\n<p style=\"text-align: center;\"><span style=\"color: #808000;\"><em>Photo prise par Monsieur Randy SALUT photographe aux S\u00e9lectifs\u00a0<\/em><\/span><\/p>\n<p><a href=\"http:\/\/www.fftbliguedelorraine.fr\/wp-content\/uploads\/2022\/03\/b.jpg\"><img loading=\"lazy\" decoding=\"async\" class=\"size-medium wp-image-8044 aligncenter\" src=\"http:\/\/www.fftbliguedelorraine.fr\/wp-content\/uploads\/2022\/03\/b-200x300.jpg\" alt=\"\" width=\"200\" height=\"300\" srcset=\"https:\/\/www.fftbliguedelorraine.fr\/wp-content\/uploads\/2022\/03\/b-200x300.jpg 200w, https:\/\/www.fftbliguedelorraine.fr\/wp-content\/uploads\/2022\/03\/b.jpg 481w\" sizes=\"auto, (max-width: 200px) 100vw, 200px\" \/><\/a> <img loading=\"lazy\" decoding=\"async\" class=\"size-medium wp-image-8058 aligncenter\" src=\"http:\/\/www.fftbliguedelorraine.fr\/wp-content\/uploads\/2022\/03\/p-200x300.jpg\" alt=\"\" width=\"200\" height=\"300\" \/> <a href=\"http:\/\/www.fftbliguedelorraine.fr\/wp-content\/uploads\/2022\/03\/q.jpg\"><img loading=\"lazy\" decoding=\"async\" class=\"size-medium wp-image-8059 aligncenter\" src=\"http:\/\/www.fftbliguedelorraine.fr\/wp-content\/uploads\/2022\/03\/q-300x199.jpg\" alt=\"\" width=\"300\" height=\"199\" srcset=\"https:\/\/www.fftbliguedelorraine.fr\/wp-content\/uploads\/2022\/03\/q-300x199.jpg 300w, https:\/\/www.fftbliguedelorraine.fr\/wp-content\/uploads\/2022\/03\/q-768x510.jpg 768w, https:\/\/www.fftbliguedelorraine.fr\/wp-content\/uploads\/2022\/03\/q.jpg 800w\" sizes=\"auto, (max-width: 300px) 100vw, 300px\" \/><\/a> <a href=\"http:\/\/www.fftbliguedelorraine.fr\/wp-content\/uploads\/2022\/03\/o.jpg\"><img loading=\"lazy\" decoding=\"async\" class=\"size-medium wp-image-8057 aligncenter\" src=\"http:\/\/www.fftbliguedelorraine.fr\/wp-content\/uploads\/2022\/03\/o-200x300.jpg\" alt=\"\" width=\"200\" height=\"300\" srcset=\"https:\/\/www.fftbliguedelorraine.fr\/wp-content\/uploads\/2022\/03\/o-200x300.jpg 200w, https:\/\/www.fftbliguedelorraine.fr\/wp-content\/uploads\/2022\/03\/o.jpg 533w\" sizes=\"auto, (max-width: 200px) 100vw, 200px\" \/><\/a> <a href=\"http:\/\/www.fftbliguedelorraine.fr\/wp-content\/uploads\/2022\/03\/n.jpg\"><img loading=\"lazy\" decoding=\"async\" class=\"size-medium wp-image-8056 aligncenter\" src=\"http:\/\/www.fftbliguedelorraine.fr\/wp-content\/uploads\/2022\/03\/n-300x200.jpg\" alt=\"\" width=\"300\" height=\"200\" srcset=\"https:\/\/www.fftbliguedelorraine.fr\/wp-content\/uploads\/2022\/03\/n-300x200.jpg 300w, https:\/\/www.fftbliguedelorraine.fr\/wp-content\/uploads\/2022\/03\/n-768x513.jpg 768w, https:\/\/www.fftbliguedelorraine.fr\/wp-content\/uploads\/2022\/03\/n.jpg 800w\" sizes=\"auto, (max-width: 300px) 100vw, 300px\" \/><\/a> <a href=\"http:\/\/www.fftbliguedelorraine.fr\/wp-content\/uploads\/2022\/03\/m.jpg\"><img loading=\"lazy\" decoding=\"async\" class=\"size-medium wp-image-8055 aligncenter\" src=\"http:\/\/www.fftbliguedelorraine.fr\/wp-content\/uploads\/2022\/03\/m-300x200.jpg\" alt=\"\" width=\"300\" height=\"200\" srcset=\"https:\/\/www.fftbliguedelorraine.fr\/wp-content\/uploads\/2022\/03\/m-300x200.jpg 300w, https:\/\/www.fftbliguedelorraine.fr\/wp-content\/uploads\/2022\/03\/m-768x512.jpg 768w, https:\/\/www.fftbliguedelorraine.fr\/wp-content\/uploads\/2022\/03\/m.jpg 800w\" sizes=\"auto, (max-width: 300px) 100vw, 300px\" \/><\/a> <a href=\"http:\/\/www.fftbliguedelorraine.fr\/wp-content\/uploads\/2022\/03\/k.jpg\"><img loading=\"lazy\" decoding=\"async\" class=\"size-medium wp-image-8053 aligncenter\" src=\"http:\/\/www.fftbliguedelorraine.fr\/wp-content\/uploads\/2022\/03\/k-300x200.jpg\" alt=\"\" width=\"300\" height=\"200\" srcset=\"https:\/\/www.fftbliguedelorraine.fr\/wp-content\/uploads\/2022\/03\/k-300x200.jpg 300w, https:\/\/www.fftbliguedelorraine.fr\/wp-content\/uploads\/2022\/03\/k-768x512.jpg 768w, https:\/\/www.fftbliguedelorraine.fr\/wp-content\/uploads\/2022\/03\/k.jpg 800w\" sizes=\"auto, (max-width: 300px) 100vw, 300px\" \/><\/a> <a href=\"http:\/\/www.fftbliguedelorraine.fr\/wp-content\/uploads\/2022\/03\/l.jpg\"><img loading=\"lazy\" decoding=\"async\" class=\"size-medium wp-image-8054 aligncenter\" src=\"http:\/\/www.fftbliguedelorraine.fr\/wp-content\/uploads\/2022\/03\/l-300x200.jpg\" alt=\"\" width=\"300\" height=\"200\" srcset=\"https:\/\/www.fftbliguedelorraine.fr\/wp-content\/uploads\/2022\/03\/l-300x200.jpg 300w, https:\/\/www.fftbliguedelorraine.fr\/wp-content\/uploads\/2022\/03\/l-768x512.jpg 768w, https:\/\/www.fftbliguedelorraine.fr\/wp-content\/uploads\/2022\/03\/l.jpg 800w\" sizes=\"auto, (max-width: 300px) 100vw, 300px\" \/><\/a> <a href=\"http:\/\/www.fftbliguedelorraine.fr\/wp-content\/uploads\/2022\/03\/j.jpg\"><img loading=\"lazy\" decoding=\"async\" class=\"size-medium wp-image-8052 aligncenter\" src=\"http:\/\/www.fftbliguedelorraine.fr\/wp-content\/uploads\/2022\/03\/j-300x200.jpg\" alt=\"\" width=\"300\" height=\"200\" srcset=\"https:\/\/www.fftbliguedelorraine.fr\/wp-content\/uploads\/2022\/03\/j-300x200.jpg 300w, https:\/\/www.fftbliguedelorraine.fr\/wp-content\/uploads\/2022\/03\/j-768x512.jpg 768w, https:\/\/www.fftbliguedelorraine.fr\/wp-content\/uploads\/2022\/03\/j.jpg 800w\" sizes=\"auto, (max-width: 300px) 100vw, 300px\" \/><\/a> <a href=\"http:\/\/www.fftbliguedelorraine.fr\/wp-content\/uploads\/2022\/03\/h.jpg\"><img loading=\"lazy\" decoding=\"async\" class=\"size-medium wp-image-8050 aligncenter\" src=\"http:\/\/www.fftbliguedelorraine.fr\/wp-content\/uploads\/2022\/03\/h-200x300.jpg\" alt=\"\" width=\"200\" height=\"300\" srcset=\"https:\/\/www.fftbliguedelorraine.fr\/wp-content\/uploads\/2022\/03\/h-200x300.jpg 200w, https:\/\/www.fftbliguedelorraine.fr\/wp-content\/uploads\/2022\/03\/h.jpg 481w\" sizes=\"auto, (max-width: 200px) 100vw, 200px\" \/><\/a> <a href=\"http:\/\/www.fftbliguedelorraine.fr\/wp-content\/uploads\/2022\/03\/i.jpg\"><img loading=\"lazy\" decoding=\"async\" class=\"size-medium wp-image-8051 aligncenter\" src=\"http:\/\/www.fftbliguedelorraine.fr\/wp-content\/uploads\/2022\/03\/i-202x300.jpg\" alt=\"\" width=\"202\" height=\"300\" srcset=\"https:\/\/www.fftbliguedelorraine.fr\/wp-content\/uploads\/2022\/03\/i-202x300.jpg 202w, https:\/\/www.fftbliguedelorraine.fr\/wp-content\/uploads\/2022\/03\/i.jpg 481w\" sizes=\"auto, (max-width: 202px) 100vw, 202px\" \/><\/a> <a href=\"http:\/\/www.fftbliguedelorraine.fr\/wp-content\/uploads\/2022\/03\/g.jpg\"><img loading=\"lazy\" decoding=\"async\" class=\"size-medium wp-image-8049 aligncenter\" src=\"http:\/\/www.fftbliguedelorraine.fr\/wp-content\/uploads\/2022\/03\/g-200x300.jpg\" alt=\"\" width=\"200\" height=\"300\" srcset=\"https:\/\/www.fftbliguedelorraine.fr\/wp-content\/uploads\/2022\/03\/g-200x300.jpg 200w, https:\/\/www.fftbliguedelorraine.fr\/wp-content\/uploads\/2022\/03\/g.jpg 481w\" sizes=\"auto, (max-width: 200px) 100vw, 200px\" \/><\/a> <a href=\"http:\/\/www.fftbliguedelorraine.fr\/wp-content\/uploads\/2022\/03\/e.jpg\"><img loading=\"lazy\" decoding=\"async\" class=\"size-medium wp-image-8047 aligncenter\" src=\"http:\/\/www.fftbliguedelorraine.fr\/wp-content\/uploads\/2022\/03\/e-200x300.jpg\" alt=\"\" width=\"200\" height=\"300\" srcset=\"https:\/\/www.fftbliguedelorraine.fr\/wp-content\/uploads\/2022\/03\/e-200x300.jpg 200w, https:\/\/www.fftbliguedelorraine.fr\/wp-content\/uploads\/2022\/03\/e.jpg 481w\" sizes=\"auto, (max-width: 200px) 100vw, 200px\" \/><\/a> <a href=\"http:\/\/www.fftbliguedelorraine.fr\/wp-content\/uploads\/2022\/03\/f.jpg\"><img loading=\"lazy\" decoding=\"async\" class=\"size-medium wp-image-8048 aligncenter\" src=\"http:\/\/www.fftbliguedelorraine.fr\/wp-content\/uploads\/2022\/03\/f-200x300.jpg\" alt=\"\" width=\"200\" height=\"300\" srcset=\"https:\/\/www.fftbliguedelorraine.fr\/wp-content\/uploads\/2022\/03\/f-200x300.jpg 200w, https:\/\/www.fftbliguedelorraine.fr\/wp-content\/uploads\/2022\/03\/f.jpg 481w\" sizes=\"auto, (max-width: 200px) 100vw, 200px\" \/><\/a> <a href=\"http:\/\/www.fftbliguedelorraine.fr\/wp-content\/uploads\/2022\/03\/c.jpg\"><img loading=\"lazy\" decoding=\"async\" class=\"size-medium wp-image-8045 aligncenter\" src=\"http:\/\/www.fftbliguedelorraine.fr\/wp-content\/uploads\/2022\/03\/c-180x300.jpg\" alt=\"\" width=\"180\" height=\"300\" srcset=\"https:\/\/www.fftbliguedelorraine.fr\/wp-content\/uploads\/2022\/03\/c-180x300.jpg 180w, https:\/\/www.fftbliguedelorraine.fr\/wp-content\/uploads\/2022\/03\/c.jpg 481w\" sizes=\"auto, (max-width: 180px) 100vw, 180px\" \/><\/a> <a href=\"http:\/\/www.fftbliguedelorraine.fr\/wp-content\/uploads\/2022\/03\/d.jpg\"><img loading=\"lazy\" decoding=\"async\" class=\"size-medium wp-image-8046 aligncenter\" src=\"http:\/\/www.fftbliguedelorraine.fr\/wp-content\/uploads\/2022\/03\/d-200x300.jpg\" alt=\"\" width=\"200\" height=\"300\" srcset=\"https:\/\/www.fftbliguedelorraine.fr\/wp-content\/uploads\/2022\/03\/d-200x300.jpg 200w, https:\/\/www.fftbliguedelorraine.fr\/wp-content\/uploads\/2022\/03\/d.jpg 481w\" sizes=\"auto, (max-width: 200px) 100vw, 200px\" \/><\/a> <a href=\"http:\/\/www.fftbliguedelorraine.fr\/wp-content\/uploads\/2022\/03\/a.jpg\"><img loading=\"lazy\" decoding=\"async\" class=\"size-medium wp-image-8043 aligncenter\" src=\"http:\/\/www.fftbliguedelorraine.fr\/wp-content\/uploads\/2022\/03\/a-200x300.jpg\" alt=\"\" width=\"200\" height=\"300\" srcset=\"https:\/\/www.fftbliguedelorraine.fr\/wp-content\/uploads\/2022\/03\/a-200x300.jpg 200w, https:\/\/www.fftbliguedelorraine.fr\/wp-content\/uploads\/2022\/03\/a.jpg 481w\" sizes=\"auto, (max-width: 200px) 100vw, 200px\" \/><\/a><\/p>\n<hr \/>\n<p style=\"text-align: center;\"><span style=\"color: #0000ff;\"><strong>Championnat D\u00e9partemental National 2 et National 3<\/strong><\/span><\/p>\n<p style=\"text-align: center;\"><span style=\"color: #0000ff;\"><strong>D\u00e9partements 54 55 88\u00a0<\/strong><\/span><\/p>\n<p style=\"text-align: center;\"><span style=\"color: #0000ff;\"><strong>06 F\u00e9vrier 2022 \u00e0 Vandoeuvre les Nancy 54<\/strong><\/span><\/p>\n<p style=\"text-align: center;\"><span style=\"color: #0000ff;\"><strong><a href=\"http:\/\/www.fftbliguedelorraine.fr\/wp-content\/uploads\/2022\/02\/1.jpg\"><img loading=\"lazy\" decoding=\"async\" class=\"alignnone size-medium wp-image-7953\" src=\"http:\/\/www.fftbliguedelorraine.fr\/wp-content\/uploads\/2022\/02\/1-300x225.jpg\" alt=\"\" width=\"300\" height=\"225\" \/><\/a> <a href=\"http:\/\/www.fftbliguedelorraine.fr\/wp-content\/uploads\/2022\/02\/2.jpg\"><img loading=\"lazy\" decoding=\"async\" class=\"alignnone size-medium wp-image-7954\" src=\"http:\/\/www.fftbliguedelorraine.fr\/wp-content\/uploads\/2022\/02\/2-300x225.jpg\" alt=\"\" width=\"300\" height=\"225\" srcset=\"https:\/\/www.fftbliguedelorraine.fr\/wp-content\/uploads\/2022\/02\/2-300x225.jpg 300w, https:\/\/www.fftbliguedelorraine.fr\/wp-content\/uploads\/2022\/02\/2.jpg 667w\" sizes=\"auto, (max-width: 300px) 100vw, 300px\" \/><\/a> <a href=\"http:\/\/www.fftbliguedelorraine.fr\/wp-content\/uploads\/2022\/02\/3.jpg\"><img loading=\"lazy\" decoding=\"async\" class=\"alignnone size-medium wp-image-7955\" src=\"http:\/\/www.fftbliguedelorraine.fr\/wp-content\/uploads\/2022\/02\/3-300x225.jpg\" alt=\"\" width=\"300\" height=\"225\" srcset=\"https:\/\/www.fftbliguedelorraine.fr\/wp-content\/uploads\/2022\/02\/3-300x225.jpg 300w, https:\/\/www.fftbliguedelorraine.fr\/wp-content\/uploads\/2022\/02\/3.jpg 667w\" sizes=\"auto, (max-width: 300px) 100vw, 300px\" \/><\/a> <a href=\"http:\/\/www.fftbliguedelorraine.fr\/wp-content\/uploads\/2022\/02\/4.jpg\"><img loading=\"lazy\" decoding=\"async\" class=\"alignnone size-medium wp-image-7956\" src=\"http:\/\/www.fftbliguedelorraine.fr\/wp-content\/uploads\/2022\/02\/4-225x300.jpg\" alt=\"\" width=\"225\" height=\"300\" srcset=\"https:\/\/www.fftbliguedelorraine.fr\/wp-content\/uploads\/2022\/02\/4-225x300.jpg 225w, https:\/\/www.fftbliguedelorraine.fr\/wp-content\/uploads\/2022\/02\/4.jpg 500w\" sizes=\"auto, (max-width: 225px) 100vw, 225px\" \/><\/a> <a href=\"http:\/\/www.fftbliguedelorraine.fr\/wp-content\/uploads\/2022\/02\/5.jpg\"><img loading=\"lazy\" decoding=\"async\" class=\"alignnone size-medium wp-image-7957\" src=\"http:\/\/www.fftbliguedelorraine.fr\/wp-content\/uploads\/2022\/02\/5-300x225.jpg\" alt=\"\" width=\"300\" height=\"225\" srcset=\"https:\/\/www.fftbliguedelorraine.fr\/wp-content\/uploads\/2022\/02\/5-300x225.jpg 300w, https:\/\/www.fftbliguedelorraine.fr\/wp-content\/uploads\/2022\/02\/5.jpg 667w\" sizes=\"auto, (max-width: 300px) 100vw, 300px\" \/><\/a> <a href=\"http:\/\/www.fftbliguedelorraine.fr\/wp-content\/uploads\/2022\/02\/6.jpg\"><img loading=\"lazy\" decoding=\"async\" class=\"alignnone size-medium wp-image-7958\" src=\"http:\/\/www.fftbliguedelorraine.fr\/wp-content\/uploads\/2022\/02\/6-300x225.jpg\" alt=\"\" width=\"300\" height=\"225\" srcset=\"https:\/\/www.fftbliguedelorraine.fr\/wp-content\/uploads\/2022\/02\/6-300x225.jpg 300w, https:\/\/www.fftbliguedelorraine.fr\/wp-content\/uploads\/2022\/02\/6.jpg 667w\" sizes=\"auto, (max-width: 300px) 100vw, 300px\" \/><\/a> <a href=\"http:\/\/www.fftbliguedelorraine.fr\/wp-content\/uploads\/2022\/02\/7.jpg\"><img loading=\"lazy\" decoding=\"async\" class=\"alignnone size-medium wp-image-7959\" src=\"http:\/\/www.fftbliguedelorraine.fr\/wp-content\/uploads\/2022\/02\/7-225x300.jpg\" alt=\"\" width=\"225\" height=\"300\" srcset=\"https:\/\/www.fftbliguedelorraine.fr\/wp-content\/uploads\/2022\/02\/7-225x300.jpg 225w, https:\/\/www.fftbliguedelorraine.fr\/wp-content\/uploads\/2022\/02\/7.jpg 500w\" sizes=\"auto, (max-width: 225px) 100vw, 225px\" \/><\/a> <a href=\"http:\/\/www.fftbliguedelorraine.fr\/wp-content\/uploads\/2022\/02\/8.jpg\"><img loading=\"lazy\" decoding=\"async\" class=\"alignnone size-medium wp-image-7960\" src=\"http:\/\/www.fftbliguedelorraine.fr\/wp-content\/uploads\/2022\/02\/8-300x225.jpg\" alt=\"\" width=\"300\" height=\"225\" srcset=\"https:\/\/www.fftbliguedelorraine.fr\/wp-content\/uploads\/2022\/02\/8-300x225.jpg 300w, https:\/\/www.fftbliguedelorraine.fr\/wp-content\/uploads\/2022\/02\/8.jpg 667w\" sizes=\"auto, (max-width: 300px) 100vw, 300px\" \/><\/a>\u00a0<\/strong><\/span><\/p>\n\n","protected":false},"excerpt":{"rendered":"<p>Championnat S\u00e9lectif National 1, National 2, National 3 05 et 06 mars 2022 \u00e0 Forbach (57) Photo prise par Monsieur Randy SALUT photographe aux S\u00e9lectifs\u00a0 Championnat D\u00e9partemental National 2 et National 3 D\u00e9partements 54 55 88\u00a0 06 F\u00e9vrier 2022 \u00e0 Vandoeuvre les Nancy 54 \u00a0<\/p>\n","protected":false},"author":1,"featured_media":0,"parent":91,"menu_order":0,"comment_status":"closed","ping_status":"closed","template":"","meta":{"footnotes":""},"class_list":["post-7949","page","type-page","status-publish","hentry"],"_links":{"self":[{"href":"https:\/\/www.fftbliguedelorraine.fr\/index.php?rest_route=\/wp\/v2\/pages\/7949","targetHints":{"allow":["GET"]}}],"collection":[{"href":"https:\/\/www.fftbliguedelorraine.fr\/index.php?rest_route=\/wp\/v2\/pages"}],"about":[{"href":"https:\/\/www.fftbliguedelorraine.fr\/index.php?rest_route=\/wp\/v2\/types\/page"}],"author":[{"embeddable":true,"href":"https:\/\/www.fftbliguedelorraine.fr\/index.php?rest_route=\/wp\/v2\/users\/1"}],"replies":[{"embeddable":true,"href":"https:\/\/www.fftbliguedelorraine.fr\/index.php?rest_route=%2Fwp%2Fv2%2Fcomments&post=7949"}],"version-history":[{"count":10,"href":"https:\/\/www.fftbliguedelorraine.fr\/index.php?rest_route=\/wp\/v2\/pages\/7949\/revisions"}],"predecessor-version":[{"id":8069,"href":"https:\/\/www.fftbliguedelorraine.fr\/index.php?rest_route=\/wp\/v2\/pages\/7949\/revisions\/8069"}],"up":[{"embeddable":true,"href":"https:\/\/www.fftbliguedelorraine.fr\/index.php?rest_route=\/wp\/v2\/pages\/91"}],"wp:attachment":[{"href":"https:\/\/www.fftbliguedelorraine.fr\/index.php?rest_route=%2Fwp%2Fv2%2Fmedia&parent=7949"}],"curies":[{"name":"wp","href":"https:\/\/api.w.org\/{rel}","templated":true}]}}