{"id":7794,"date":"2021-11-25T10:06:18","date_gmt":"2021-11-25T09:06:18","guid":{"rendered":"http:\/\/www.fftbliguedelorraine.fr\/?page_id=7794"},"modified":"2021-11-25T13:28:12","modified_gmt":"2021-11-25T12:28:12","slug":"reconnaissance-haut-niveau","status":"publish","type":"page","link":"https:\/\/www.fftbliguedelorraine.fr\/?page_id=7794","title":{"rendered":"Reconnaissance Haut-Niveau"},"content":{"rendered":"<p><strong>Courrier de notre Pr\u00e9sidente F\u00e9d\u00e9rale relatif \u00e0 la reconnaissance de haut niveau du Twirling B\u00e2ton.<\/strong><\/p>\n<p><a href=\"http:\/\/www.fftbliguedelorraine.fr\/wp-content\/uploads\/2021\/11\/reconnaissance-du-haut-niveau-du-twirling-b\u00e2ton.jpg\"><img loading=\"lazy\" decoding=\"async\" class=\"alignleft size-full wp-image-7801\" src=\"http:\/\/www.fftbliguedelorraine.fr\/wp-content\/uploads\/2021\/11\/reconnaissance-du-haut-niveau-du-twirling-b\u00e2ton.jpg\" alt=\"\" width=\"1080\" height=\"1535\" srcset=\"https:\/\/www.fftbliguedelorraine.fr\/wp-content\/uploads\/2021\/11\/reconnaissance-du-haut-niveau-du-twirling-b\u00e2ton.jpg 1080w, https:\/\/www.fftbliguedelorraine.fr\/wp-content\/uploads\/2021\/11\/reconnaissance-du-haut-niveau-du-twirling-b\u00e2ton-211x300.jpg 211w, https:\/\/www.fftbliguedelorraine.fr\/wp-content\/uploads\/2021\/11\/reconnaissance-du-haut-niveau-du-twirling-b\u00e2ton-768x1092.jpg 768w, https:\/\/www.fftbliguedelorraine.fr\/wp-content\/uploads\/2021\/11\/reconnaissance-du-haut-niveau-du-twirling-b\u00e2ton-720x1024.jpg 720w\" sizes=\"auto, (max-width: 1080px) 100vw, 1080px\" \/><\/a><\/p>\n","protected":false},"excerpt":{"rendered":"<p>Courrier de notre Pr\u00e9sidente F\u00e9d\u00e9rale relatif \u00e0 la reconnaissance de haut niveau du Twirling B\u00e2ton.<\/p>\n","protected":false},"author":1,"featured_media":0,"parent":0,"menu_order":0,"comment_status":"closed","ping_status":"closed","template":"","meta":{"footnotes":""},"class_list":["post-7794","page","type-page","status-publish","hentry"],"_links":{"self":[{"href":"https:\/\/www.fftbliguedelorraine.fr\/index.php?rest_route=\/wp\/v2\/pages\/7794","targetHints":{"allow":["GET"]}}],"collection":[{"href":"https:\/\/www.fftbliguedelorraine.fr\/index.php?rest_route=\/wp\/v2\/pages"}],"about":[{"href":"https:\/\/www.fftbliguedelorraine.fr\/index.php?rest_route=\/wp\/v2\/types\/page"}],"author":[{"embeddable":true,"href":"https:\/\/www.fftbliguedelorraine.fr\/index.php?rest_route=\/wp\/v2\/users\/1"}],"replies":[{"embeddable":true,"href":"https:\/\/www.fftbliguedelorraine.fr\/index.php?rest_route=%2Fwp%2Fv2%2Fcomments&post=7794"}],"version-history":[{"count":3,"href":"https:\/\/www.fftbliguedelorraine.fr\/index.php?rest_route=\/wp\/v2\/pages\/7794\/revisions"}],"predecessor-version":[{"id":7802,"href":"https:\/\/www.fftbliguedelorraine.fr\/index.php?rest_route=\/wp\/v2\/pages\/7794\/revisions\/7802"}],"wp:attachment":[{"href":"https:\/\/www.fftbliguedelorraine.fr\/index.php?rest_route=%2Fwp%2Fv2%2Fmedia&parent=7794"}],"curies":[{"name":"wp","href":"https:\/\/api.w.org\/{rel}","templated":true}]}}