{"id":7692,"date":"2021-09-13T13:54:42","date_gmt":"2021-09-13T12:54:42","guid":{"rendered":"http:\/\/www.fftbliguedelorraine.fr\/?page_id=7692"},"modified":"2021-09-13T14:01:41","modified_gmt":"2021-09-13T13:01:41","slug":"commission-formation-mise-a-disposition-des-resultats","status":"publish","type":"page","link":"https:\/\/www.fftbliguedelorraine.fr\/?page_id=7692","title":{"rendered":"COMMISSION FORMATION Mise \u00e0 disposition des r\u00e9sultats"},"content":{"rendered":"<p><strong><a href=\"http:\/\/www.fftbliguedelorraine.fr\/wp-content\/uploads\/2020\/08\/wbouton00.gif\"><img loading=\"lazy\" decoding=\"async\" class=\"alignnone size-full wp-image-7279\" src=\"http:\/\/www.fftbliguedelorraine.fr\/wp-content\/uploads\/2020\/08\/wbouton00.gif\" alt=\"\" width=\"14\" height=\"14\" \/><\/a>\u00a0A compter de cette ann\u00e9e, les r\u00e9sultats des examens des cadres enseignants se trouveront sur le site f\u00e9d\u00e9ral dans les documents FFSTB :\u00a0<\/strong><\/p>\n<p><strong><a href=\"https:\/\/fftb.sharepoint.com\/:f:\/g\/EoyoZD0sR_VDh82CPqCi7CYBl610N-Mbo4wFBtxgGZzuAw?e=4oWFNf\" data-ogsc=\"\">RESULTATS_TOUTES_FORMATIONS<\/a><\/strong><\/p>\n<p><span style=\"color: #0000ff;\"><strong>Les r\u00e9sultats pour la formation IC\/ICN4, ETN3 et ETN2 2020\/2021 ont \u00e9t\u00e9 mis \u00e0 jour.<\/strong><\/span><\/p>\n<p><span style=\"color: #008000;\"><strong>Les demandes d&rsquo;attestation devront se faire par mail \u00e0 l&rsquo;adresse du secr\u00e9tariat.<\/strong><\/span><\/p>\n","protected":false},"excerpt":{"rendered":"<p>\u00a0A compter de cette ann\u00e9e, les r\u00e9sultats des examens des cadres enseignants se trouveront sur le site f\u00e9d\u00e9ral dans les documents FFSTB :\u00a0 RESULTATS_TOUTES_FORMATIONS Les r\u00e9sultats pour la formation IC\/ICN4, ETN3 et ETN2 2020\/2021 ont \u00e9t\u00e9 mis \u00e0 jour. Les demandes d&rsquo;attestation devront se faire par mail \u00e0 l&rsquo;adresse du secr\u00e9tariat.<\/p>\n","protected":false},"author":1,"featured_media":0,"parent":79,"menu_order":0,"comment_status":"closed","ping_status":"closed","template":"","meta":{"footnotes":""},"class_list":["post-7692","page","type-page","status-publish","hentry"],"_links":{"self":[{"href":"https:\/\/www.fftbliguedelorraine.fr\/index.php?rest_route=\/wp\/v2\/pages\/7692","targetHints":{"allow":["GET"]}}],"collection":[{"href":"https:\/\/www.fftbliguedelorraine.fr\/index.php?rest_route=\/wp\/v2\/pages"}],"about":[{"href":"https:\/\/www.fftbliguedelorraine.fr\/index.php?rest_route=\/wp\/v2\/types\/page"}],"author":[{"embeddable":true,"href":"https:\/\/www.fftbliguedelorraine.fr\/index.php?rest_route=\/wp\/v2\/users\/1"}],"replies":[{"embeddable":true,"href":"https:\/\/www.fftbliguedelorraine.fr\/index.php?rest_route=%2Fwp%2Fv2%2Fcomments&post=7692"}],"version-history":[{"count":3,"href":"https:\/\/www.fftbliguedelorraine.fr\/index.php?rest_route=\/wp\/v2\/pages\/7692\/revisions"}],"predecessor-version":[{"id":7697,"href":"https:\/\/www.fftbliguedelorraine.fr\/index.php?rest_route=\/wp\/v2\/pages\/7692\/revisions\/7697"}],"up":[{"embeddable":true,"href":"https:\/\/www.fftbliguedelorraine.fr\/index.php?rest_route=\/wp\/v2\/pages\/79"}],"wp:attachment":[{"href":"https:\/\/www.fftbliguedelorraine.fr\/index.php?rest_route=%2Fwp%2Fv2%2Fmedia&parent=7692"}],"curies":[{"name":"wp","href":"https:\/\/api.w.org\/{rel}","templated":true}]}}