{"id":7025,"date":"2020-02-07T06:57:21","date_gmt":"2020-02-07T05:57:21","guid":{"rendered":"http:\/\/www.fftbliguedelorraine.fr\/?page_id=7025"},"modified":"2024-11-27T07:16:49","modified_gmt":"2024-11-27T06:16:49","slug":"juges-grand-est","status":"publish","type":"page","link":"https:\/\/www.fftbliguedelorraine.fr\/?page_id=7025","title":{"rendered":"Juges Grand Est"},"content":{"rendered":"<p><strong>Juge National 1<\/strong><\/p>\n<p>Christie Merlin ( L&rsquo;ESPERANCE DE CHALONS-ENCHAMPAGNE 51 ) Champagne Ardennes<\/p>\n<p><a href=\"mailto:kristiee@hotmail.fr\">kristiee@hotmail.fr\u00a0<\/a><\/p>\n<hr \/>\n<p>Madame Hollier Sylvie (Illkirch 67) Alsace<\/p>\n<p><a href=\"mailto:hollier.sylvie@neuf.fr\">hollier.sylvie@neuf.fr<\/a><\/p>\n<hr \/>\n<p>Madame Caroline Schuster (Forbach 57) Lorraine<\/p>\n<p><a href=\"mailto:caro.schuster@ymail.com\">caro.schuster@ymail.com<\/a><\/p>\n<hr \/>\n<p>Melle Ma\u00e9va Butlingaire (Faulquemont-Cr\u00e9hange 57) Lorraine<\/p>\n<p><a href=\"mailto:maevabutlingaire@gmail.com\"> maevabutlingaire@gmail.com<\/a><\/p>\n<hr \/>\n<p>Madame Christelle Lambert (Faulquemont-Cr\u00e9hange 57) Lorraine<\/p>\n<p><a href=\"mailto:christellelambert57@gmail.com\"> christellelambert57@gmail.com<\/a><\/p>\n<hr \/>\n<p>Madame Sandra Letisserand (Territoire de Belfort) 90<\/p>\n<p><a href=\"mailto:sandratwirl@gmail.com\"> sandratwirl@gmail.com <\/a><\/p>\n<hr \/>\n<p>Madame Morgane Martinez (Yutz 57) Lorraine<\/p>\n<p><a href=\"mailto:morgane.martinezm22@gmail.com\">morgane.martinezm22@gmail.com<\/a><\/p>\n<p>****************************<\/p>\n<p><strong>Juge National 2<\/strong><\/p>\n<p>Monsieur Ga\u00ebtan Chr\u00e9tien ( La Chapelle Saint-Luc 10) Champagne Ardennes<\/p>\n<p><a href=\"mailto:chretiengaet@gmail.com\">chretiengaet@gmail.com<\/a><\/p>\n<p>Romain Latapie (Faulquemont Cr\u00e9hange 57) Lorraine<\/p>\n<p><a href=\"mailto:romainlatapie58@gmail.com\">romainlatapie58@gmail.com \u00a0\u00a0<\/a><\/p>\n<p>******************************<\/p>\n<p><strong>Juge National 3<\/strong><\/p>\n<p><span data-olk-copy-source=\"MessageBody\">Romain ZIMMERMANN (Maisonsgoutte 67) Alsace<\/span><\/p>\n<p><span data-olk-copy-source=\"MessageBody\"><a href=\"mailto:romainzimmermann28@gmail.com\">romainzimmermann28@gmail.com<\/a><\/span><\/p>\n<hr \/>\n<p>BINDLER Amandine (Obernai 67) Alsace<\/p>\n<p><a href=\"mailto:bindleramandine@gmail.com\">bindleramandine@gmail.com\u00a0<\/a><\/p>\n<hr \/>\n<p>BINDLER Fanny (Obernai 67 ) Alsace<\/p>\n<p><a href=\"mailto:bindlerfanny@gmail.com\"> bindlerfanny@gmail.com<\/a><\/p>\n<hr \/>\n<p>Cynthia Bach (Woustviller 57) Lorraine<\/p>\n<p><a href=\"mailto:cynthiabach@hotmail.com\">cynthiabach@hotmail.com<\/a><\/p>\n<hr \/>\n<p>L\u00e9a Jacob Jungbluth\u00a0 (Forbach 57) Lorraine<\/p>\n<p><a href=\"http:\/\/L\u00e9a.jacob.j@gmail.com\">L\u00e9a.jacob.j@gmail.com<\/a><\/p>\n<hr \/>\n<p>Lise Trivero JN3 (Ars sur Moselle 57) Lorraine<\/p>\n","protected":false},"excerpt":{"rendered":"<p>Juge National 1 Christie Merlin ( L&rsquo;ESPERANCE DE CHALONS-ENCHAMPAGNE 51 ) Champagne Ardennes kristiee@hotmail.fr\u00a0 Madame Hollier Sylvie (Illkirch 67) Alsace hollier.sylvie@neuf.fr Madame Caroline Schuster (Forbach 57) Lorraine caro.schuster@ymail.com Melle Ma\u00e9va Butlingaire (Faulquemont-Cr\u00e9hange 57) Lorraine maevabutlingaire@gmail.com Madame Christelle Lambert (Faulquemont-Cr\u00e9hange 57) Lorraine christellelambert57@gmail.com Madame Sandra Letisserand (Territoire de Belfort) 90 sandratwirl@gmail.com Madame Morgane Martinez (Yutz 57)<\/p>\n","protected":false},"author":1,"featured_media":0,"parent":4794,"menu_order":0,"comment_status":"closed","ping_status":"closed","template":"","meta":{"footnotes":""},"class_list":["post-7025","page","type-page","status-publish","hentry"],"_links":{"self":[{"href":"https:\/\/www.fftbliguedelorraine.fr\/index.php?rest_route=\/wp\/v2\/pages\/7025","targetHints":{"allow":["GET"]}}],"collection":[{"href":"https:\/\/www.fftbliguedelorraine.fr\/index.php?rest_route=\/wp\/v2\/pages"}],"about":[{"href":"https:\/\/www.fftbliguedelorraine.fr\/index.php?rest_route=\/wp\/v2\/types\/page"}],"author":[{"embeddable":true,"href":"https:\/\/www.fftbliguedelorraine.fr\/index.php?rest_route=\/wp\/v2\/users\/1"}],"replies":[{"embeddable":true,"href":"https:\/\/www.fftbliguedelorraine.fr\/index.php?rest_route=%2Fwp%2Fv2%2Fcomments&post=7025"}],"version-history":[{"count":14,"href":"https:\/\/www.fftbliguedelorraine.fr\/index.php?rest_route=\/wp\/v2\/pages\/7025\/revisions"}],"predecessor-version":[{"id":10742,"href":"https:\/\/www.fftbliguedelorraine.fr\/index.php?rest_route=\/wp\/v2\/pages\/7025\/revisions\/10742"}],"up":[{"embeddable":true,"href":"https:\/\/www.fftbliguedelorraine.fr\/index.php?rest_route=\/wp\/v2\/pages\/4794"}],"wp:attachment":[{"href":"https:\/\/www.fftbliguedelorraine.fr\/index.php?rest_route=%2Fwp%2Fv2%2Fmedia&parent=7025"}],"curies":[{"name":"wp","href":"https:\/\/api.w.org\/{rel}","templated":true}]}}