{"id":5827,"date":"2018-07-04T12:28:54","date_gmt":"2018-07-04T11:28:54","guid":{"rendered":"http:\/\/www.fftbliguedelorraine.fr\/?page_id=5827"},"modified":"2026-01-20T12:41:00","modified_gmt":"2026-01-20T11:41:00","slug":"calendrier-2019","status":"publish","type":"page","link":"https:\/\/www.fftbliguedelorraine.fr\/?page_id=5827","title":{"rendered":"Calendrier 2026 Lorraine (54-57-55-88)"},"content":{"rendered":"<div dir=\"ltr\">\n<div style=\"font-size: small; text-decoration: none; font-family: 'Calibri'; font-weight: normal; color: #000000; font-style: normal; display: inline;\">\n<div id=\"divtagdefaultwrapper\" dir=\"ltr\" style=\"font-size: 12pt; font-family: calibri, helvetica, sans-serif, emojifont, 'Apple Color Emoji', 'Segoe UI Emoji', notocoloremoji, 'Segoe UI Symbol', 'Android Emoji', emojisymbols; color: #000000;\">\n<div dir=\"ltr\">\n<div id=\"x_divtagdefaultwrapper\" dir=\"ltr\" style=\"font-size: 12pt; font-family: calibri,helvetica,sans-serif,'EmojiFont','Apple Color Emoji','Segoe UI Emoji',notocoloremoji,'Segoe UI Symbol','Android Emoji',emojisymbols; color: #000000;\">\n<div id=\"divtagdefaultwrapper\" dir=\"ltr\" style=\"font-size: 12pt; font-family: Calibri,Helvetica,sans-serif,EmojiFont,'Apple Color Emoji','Segoe UI Emoji',NotoColorEmoji,'Segoe UI Symbol','Android Emoji',EmojiSymbols; color: #000000;\">\n<div dir=\"ltr\">\n<div id=\"x_divtagdefaultwrapper\" dir=\"ltr\">\n<div dir=\"ltr\">\n<div id=\"x_x_divtagdefaultwrapper\" dir=\"ltr\">\n<div dir=\"ltr\">\n<div id=\"x_x_x_divtagdefaultwrapper\" dir=\"ltr\">\n<div dir=\"ltr\">\n<div id=\"x_x_x_x_divtagdefaultwrapper\" dir=\"ltr\">\n<h2 style=\"text-align: center;\"><span style=\"color: #ff0000;\">Calendrier 2026<\/span><\/h2>\n<h3 style=\"text-align: center;\"><span style=\"background-color: #ffcc99;\">Calendrier Comp\u00e9tition 2026<\/span><\/h3>\n<h4 dir=\"ltr\" style=\"text-align: center;\"><span style=\"background-color: #ffff99;\">Grand Est Lorraine<\/span>\u00a0 54-55-57-88<\/h4>\n<h4 style=\"text-align: center;\"><span style=\"background-color: #ccffcc;\">Championnats D\u00e9partementaux<\/span><br \/>31 Janvier 2026 et 01 f\u00e9vrier 2026 <span style=\"background-color: #ccffff;\">D\u00e9partements 54-55-88<\/span> toutes les fili\u00e8res<\/h4>\n<p style=\"text-align: center;\"><span style=\"background-color: #e6b5e8;\"><strong>Gymnase Edmond de Goncourt route de Cerville\u00a0 54425 Pulnoy\u00a0<\/strong><\/span><\/p>\n<h4 style=\"text-align: center;\">07 et 08 F\u00e9vrier 2026 <span style=\"background-color: #ccffff;\">D\u00e9partement de la Moselle (57)<\/span> toutes les fili\u00e8res<\/h4>\n<p style=\"text-align: center;\"><span style=\"background-color: #c6aded;\"><strong>\u00e0 Florange 57190<\/strong><\/span><\/p>\n<h4 style=\"text-align: center;\"><span style=\"background-color: #ccffcc;\">S\u00e9lectifs Pr\u00e9 R\u00e9gionaux<\/span><br \/>07 et 08 mars 2026 National 1 et National 2<\/h4>\n<p style=\"text-align: center;\"><span style=\"background-color: #ffff99;\"><strong>\u00e0 Remilly 54580<\/strong><\/span><\/p>\n<h4 style=\"text-align: center;\"><br \/>21 et 22 Mars 2026 National 3<\/h4>\n<p style=\"text-align: center;\"><span style=\"background-color: #ffff99;\"><strong>\u00e0 S\u00e9r\u00e9mange Herzange 57290<\/strong><\/span><\/p>\n<h4 style=\"text-align: center;\"><span style=\"background-color: #ccffcc;\">Ligue<\/span><br \/>11 et 12 Avril 2026 National 2<br \/>18 et 19 Avril 2026 National 1<br \/>25 et 26 avril 2026 National 3<\/h4>\n<h4 style=\"text-align: center;\"><span style=\"background-color: #ccffcc;\">Demi-finale Nord Est<\/span><br \/>09 et 10 Mai 2026 National 2<br \/>16 et 17 Mai 2026 National 1<br \/>30 et 31 mai 2026 National 3<\/h4>\n<h4 style=\"text-align: center;\"><span style=\"background-color: #ccffcc;\">Finale<\/span><\/h4>\n<h4 style=\"text-align: center;\"><span style=\"background-color: #f0aaaa;\">06 et 07 juin 2026 National 2<\/span><\/h4>\n<h4 style=\"text-align: center;\"><span style=\"background-color: #ffff99;\">Complexe Sportif Ren\u00e9-Yves Aubin<\/span><br \/><span style=\"background-color: #ffff99;\">201 Boulevard de Montois \u2013 89000 Auxerre<\/span><\/h4>\n<h4 style=\"text-align: center;\"><span style=\"background-color: #cc99ff;\">13 et 14 juin 2026 National 1<\/span><\/h4>\n<h4 style=\"text-align: center;\"><span style=\"background-color: #ffff99;\"><i data-olk-copy-source=\"MessageBody\">Arena Grand Paris<\/i><\/span><br \/><span style=\"background-color: #ffff99;\">1 Avenue Traversi\u00e8re \u2013 93290 Tremblay-en-France<\/span><\/h4>\n<h4 style=\"text-align: center;\"><span style=\"background-color: #99ccff;\">20 et 21 juin 2026 National 3<\/span><\/h4>\n<p style=\"text-align: center;\"><span style=\"background-color: #ffff99;\"><strong>Palais Omnisports Joseph Claudel<\/strong><\/span><br \/><span style=\"background-color: #ffff99;\"><strong>Rue du 12\u00e8me R\u00e9giment d\u2019Artillerie Prolong\u00e9e \u2013 88100 Saint-Di\u00e9-des-Vosges<\/strong><\/span><\/p>\n<\/div>\n<\/div>\n<\/div>\n<\/div>\n<\/div>\n<\/div>\n<\/div>\n<\/div>\n<\/div>\n<\/div>\n<\/div>\n<div dir=\"ltr\">\n<div id=\"x_divtagdefaultwrapper\" dir=\"ltr\" style=\"font-size: 12pt; font-family: calibri,helvetica,sans-serif,'EmojiFont','Apple Color Emoji','Segoe UI Emoji',notocoloremoji,'Segoe UI Symbol','Android Emoji',emojisymbols; color: #000000;\">\n<div>\n<div>\n<div id=\"x_divtagdefaultwrapper\" dir=\"ltr\" style=\"font-size: 12pt; font-family: calibri,helvetica,sans-serif,emojifont,'Apple Color Emoji','Segoe UI Emoji',notocoloremoji,'Segoe UI Symbol','Android Emoji',emojisymbols,emojifont,'Apple Color Emoji','Segoe UI Emoji',notocoloremoji,'Segoe UI Symbol','Android Emoji',emojisymbols; color: #000000;\">\n<div>\n<div>\u00a0<\/div>\n<\/div>\n<\/div>\n<\/div>\n<\/div>\n<\/div>\n<\/div>\n<\/div>\n<\/div>\n<\/div>\n\n","protected":false},"excerpt":{"rendered":"<p>Calendrier 2026 Calendrier Comp\u00e9tition 2026 Grand Est Lorraine\u00a0 54-55-57-88 Championnats D\u00e9partementaux31 Janvier 2026 et 01 f\u00e9vrier 2026 D\u00e9partements 54-55-88 toutes les fili\u00e8res Gymnase Edmond de Goncourt route de Cerville\u00a0 54425 Pulnoy\u00a0 07 et 08 F\u00e9vrier 2026 D\u00e9partement de la Moselle (57) toutes les fili\u00e8res \u00e0 Florange 57190 S\u00e9lectifs Pr\u00e9 R\u00e9gionaux07 et 08 mars 2026 National<\/p>\n","protected":false},"author":1,"featured_media":0,"parent":16,"menu_order":0,"comment_status":"closed","ping_status":"closed","template":"","meta":{"footnotes":""},"class_list":["post-5827","page","type-page","status-publish","hentry"],"_links":{"self":[{"href":"https:\/\/www.fftbliguedelorraine.fr\/index.php?rest_route=\/wp\/v2\/pages\/5827","targetHints":{"allow":["GET"]}}],"collection":[{"href":"https:\/\/www.fftbliguedelorraine.fr\/index.php?rest_route=\/wp\/v2\/pages"}],"about":[{"href":"https:\/\/www.fftbliguedelorraine.fr\/index.php?rest_route=\/wp\/v2\/types\/page"}],"author":[{"embeddable":true,"href":"https:\/\/www.fftbliguedelorraine.fr\/index.php?rest_route=\/wp\/v2\/users\/1"}],"replies":[{"embeddable":true,"href":"https:\/\/www.fftbliguedelorraine.fr\/index.php?rest_route=%2Fwp%2Fv2%2Fcomments&post=5827"}],"version-history":[{"count":118,"href":"https:\/\/www.fftbliguedelorraine.fr\/index.php?rest_route=\/wp\/v2\/pages\/5827\/revisions"}],"predecessor-version":[{"id":11581,"href":"https:\/\/www.fftbliguedelorraine.fr\/index.php?rest_route=\/wp\/v2\/pages\/5827\/revisions\/11581"}],"up":[{"embeddable":true,"href":"https:\/\/www.fftbliguedelorraine.fr\/index.php?rest_route=\/wp\/v2\/pages\/16"}],"wp:attachment":[{"href":"https:\/\/www.fftbliguedelorraine.fr\/index.php?rest_route=%2Fwp%2Fv2%2Fmedia&parent=5827"}],"curies":[{"name":"wp","href":"https:\/\/api.w.org\/{rel}","templated":true}]}}