{"id":5654,"date":"2018-05-14T19:29:26","date_gmt":"2018-05-14T18:29:26","guid":{"rendered":"http:\/\/www.fftbliguedelorraine.fr\/?page_id=5654"},"modified":"2024-12-17T06:55:10","modified_gmt":"2024-12-17T05:55:10","slug":"informations-diverses","status":"publish","type":"page","link":"https:\/\/www.fftbliguedelorraine.fr\/?page_id=5654","title":{"rendered":"Informations diverses (r\u00e9union,AG,compte-rendu&#8230;.)"},"content":{"rendered":"<p>Assembl\u00e9e G\u00e9n\u00e9rale Ordinaire 2025 Comit\u00e9 R\u00e9gional Grand Est<\/p>\n<p>Dimanche 12 janvier 2025<\/p>\n<p>Complexe Jean Jaur\u00e8s (salle de r\u00e9union) Rue Fond de Vaux<\/p>\n<p>52100 BETTANCOURT la Ferr\u00e9e<\/p>\n<p><a href=\"http:\/\/www.fftbliguedelorraine.fr\/wp-content\/uploads\/2024\/12\/Convocation-AG-2025-Comite-Regional-Grand-Est-Janvier-12.docx\">Convocation AG 2025 Comit\u00e9 R\u00e9gional Grand Est Janvier 12<\/a><\/p>\n<p><a href=\"http:\/\/www.fftbliguedelorraine.fr\/wp-content\/uploads\/2024\/12\/1412BProcuration-pour-un-autre-club-AG-27.10.24.docx\">1412BProcuration pour un autre club &#8211; AG 27.10.24<\/a><\/p>\n<p><a href=\"http:\/\/www.fftbliguedelorraine.fr\/wp-content\/uploads\/2024\/12\/1412AMandat-pour-un-membre-meme-club-A.G.-2025.docx\">1412AMandat pour un membre m\u00eame club &#8211; A.G. 2025<\/a><\/p>\n","protected":false},"excerpt":{"rendered":"<p>Assembl\u00e9e G\u00e9n\u00e9rale Ordinaire 2025 Comit\u00e9 R\u00e9gional Grand Est Dimanche 12 janvier 2025 Complexe Jean Jaur\u00e8s (salle de r\u00e9union) Rue Fond de Vaux 52100 BETTANCOURT la Ferr\u00e9e Convocation AG 2025 Comit\u00e9 R\u00e9gional Grand Est Janvier 12 1412BProcuration pour un autre club &#8211; AG 27.10.24 1412AMandat pour un membre m\u00eame club &#8211; A.G. 2025<\/p>\n","protected":false},"author":1,"featured_media":0,"parent":4794,"menu_order":0,"comment_status":"closed","ping_status":"closed","template":"","meta":{"footnotes":""},"class_list":["post-5654","page","type-page","status-publish","hentry"],"_links":{"self":[{"href":"https:\/\/www.fftbliguedelorraine.fr\/index.php?rest_route=\/wp\/v2\/pages\/5654","targetHints":{"allow":["GET"]}}],"collection":[{"href":"https:\/\/www.fftbliguedelorraine.fr\/index.php?rest_route=\/wp\/v2\/pages"}],"about":[{"href":"https:\/\/www.fftbliguedelorraine.fr\/index.php?rest_route=\/wp\/v2\/types\/page"}],"author":[{"embeddable":true,"href":"https:\/\/www.fftbliguedelorraine.fr\/index.php?rest_route=\/wp\/v2\/users\/1"}],"replies":[{"embeddable":true,"href":"https:\/\/www.fftbliguedelorraine.fr\/index.php?rest_route=%2Fwp%2Fv2%2Fcomments&post=5654"}],"version-history":[{"count":34,"href":"https:\/\/www.fftbliguedelorraine.fr\/index.php?rest_route=\/wp\/v2\/pages\/5654\/revisions"}],"predecessor-version":[{"id":10775,"href":"https:\/\/www.fftbliguedelorraine.fr\/index.php?rest_route=\/wp\/v2\/pages\/5654\/revisions\/10775"}],"up":[{"embeddable":true,"href":"https:\/\/www.fftbliguedelorraine.fr\/index.php?rest_route=\/wp\/v2\/pages\/4794"}],"wp:attachment":[{"href":"https:\/\/www.fftbliguedelorraine.fr\/index.php?rest_route=%2Fwp%2Fv2%2Fmedia&parent=5654"}],"curies":[{"name":"wp","href":"https:\/\/api.w.org\/{rel}","templated":true}]}}