{"id":5639,"date":"2018-05-14T19:14:36","date_gmt":"2018-05-14T18:14:36","guid":{"rendered":"http:\/\/www.fftbliguedelorraine.fr\/?page_id=5639"},"modified":"2023-02-12T18:10:45","modified_gmt":"2023-02-12T17:10:45","slug":"presentation","status":"publish","type":"page","link":"https:\/\/www.fftbliguedelorraine.fr\/?page_id=5639","title":{"rendered":"Pr\u00e9sentation"},"content":{"rendered":"<p style=\"text-align: center;\">\n<p><a href=\"http:\/\/www.fftbliguedelorraine.fr\/wp-content\/uploads\/2013\/08\/Alsace-Champagne-Ardenne-Lorraine_et_provinces.svg_.jpg\"><img loading=\"lazy\" decoding=\"async\" class=\"aligncenter size-full wp-image-5573\" src=\"http:\/\/www.fftbliguedelorraine.fr\/wp-content\/uploads\/2013\/08\/Alsace-Champagne-Ardenne-Lorraine_et_provinces.svg_.jpg\" alt=\"\" width=\"250\" height=\"189\" \/><\/a><\/p>\n<p><strong>Le Grand Est est une r\u00e9gion administrative fran\u00e7aise r\u00e9sultant de la fusion des anciennes r\u00e9gions Alsace, Lorraine et Champagne-Ardenne. Elle compte 10 D\u00e9partements .\u00a0<\/strong><a href=\"http:\/\/www.fftbliguedelorraine.fr\/wp-content\/uploads\/2013\/08\/Alsace-Champagne-Ardenne-Lorraine_et_provinces.svg_.jpg\"><br \/>\n<\/a><\/p>\n<p><span style=\"color: #0000ff; background-color: #ccffff;\"><strong>Bas-Rhin, Haut-Rhin (CID Alsace)<\/strong><\/span><\/p>\n\n\t\t<style type=\"text\/css\">\n\t\t\t#gallery-1 {\n\t\t\t\tmargin: auto;\n\t\t\t}\n\t\t\t#gallery-1 .gallery-item {\n\t\t\t\tfloat: left;\n\t\t\t\tmargin-top: 10px;\n\t\t\t\ttext-align: center;\n\t\t\t\twidth: 33%;\n\t\t\t}\n\t\t\t#gallery-1 img {\n\t\t\t\tborder: 2px solid #cfcfcf;\n\t\t\t}\n\t\t\t#gallery-1 .gallery-caption {\n\t\t\t\tmargin-left: 0;\n\t\t\t}\n\t\t\t\/* see gallery_shortcode() in wp-includes\/media.php *\/\n\t\t<\/style>\n\t\t<div id='gallery-1' class='gallery galleryid-5639 gallery-columns-3 gallery-size-thumbnail'><dl class='gallery-item'>\n\t\t\t<dt class='gallery-icon landscape'>\n\t\t\t\t<a href='https:\/\/www.fftbliguedelorraine.fr\/?attachment_id=5681'><img loading=\"lazy\" decoding=\"async\" width=\"150\" height=\"150\" src=\"https:\/\/www.fftbliguedelorraine.fr\/wp-content\/uploads\/2018\/05\/6-150x150.jpg\" class=\"attachment-thumbnail size-thumbnail\" alt=\"\" srcset=\"https:\/\/www.fftbliguedelorraine.fr\/wp-content\/uploads\/2018\/05\/6-150x150.jpg 150w, https:\/\/www.fftbliguedelorraine.fr\/wp-content\/uploads\/2018\/05\/6-60x60.jpg 60w\" sizes=\"auto, (max-width: 150px) 100vw, 150px\" \/><\/a>\n\t\t\t<\/dt><\/dl><dl class='gallery-item'>\n\t\t\t<dt class='gallery-icon portrait'>\n\t\t\t\t<a href='https:\/\/www.fftbliguedelorraine.fr\/?attachment_id=5680'><img loading=\"lazy\" decoding=\"async\" width=\"150\" height=\"150\" src=\"https:\/\/www.fftbliguedelorraine.fr\/wp-content\/uploads\/2018\/05\/5-150x150.jpg\" class=\"attachment-thumbnail size-thumbnail\" alt=\"\" srcset=\"https:\/\/www.fftbliguedelorraine.fr\/wp-content\/uploads\/2018\/05\/5-150x150.jpg 150w, https:\/\/www.fftbliguedelorraine.fr\/wp-content\/uploads\/2018\/05\/5-60x60.jpg 60w, https:\/\/www.fftbliguedelorraine.fr\/wp-content\/uploads\/2018\/05\/5.jpg 289w\" sizes=\"auto, (max-width: 150px) 100vw, 150px\" \/><\/a>\n\t\t\t<\/dt><\/dl><dl class='gallery-item'>\n\t\t\t<dt class='gallery-icon landscape'>\n\t\t\t\t<a href='https:\/\/www.fftbliguedelorraine.fr\/?attachment_id=5679'><img loading=\"lazy\" decoding=\"async\" width=\"150\" height=\"150\" src=\"https:\/\/www.fftbliguedelorraine.fr\/wp-content\/uploads\/2018\/05\/4-150x150.jpg\" class=\"attachment-thumbnail size-thumbnail\" alt=\"\" srcset=\"https:\/\/www.fftbliguedelorraine.fr\/wp-content\/uploads\/2018\/05\/4-150x150.jpg 150w, https:\/\/www.fftbliguedelorraine.fr\/wp-content\/uploads\/2018\/05\/4-60x60.jpg 60w\" sizes=\"auto, (max-width: 150px) 100vw, 150px\" \/><\/a>\n\t\t\t<\/dt><\/dl><br style=\"clear: both\" \/><dl class='gallery-item'>\n\t\t\t<dt class='gallery-icon landscape'>\n\t\t\t\t<a href='https:\/\/www.fftbliguedelorraine.fr\/?attachment_id=5678'><img loading=\"lazy\" decoding=\"async\" width=\"150\" height=\"150\" src=\"https:\/\/www.fftbliguedelorraine.fr\/wp-content\/uploads\/2018\/05\/3-150x150.jpg\" class=\"attachment-thumbnail size-thumbnail\" alt=\"\" srcset=\"https:\/\/www.fftbliguedelorraine.fr\/wp-content\/uploads\/2018\/05\/3-150x150.jpg 150w, https:\/\/www.fftbliguedelorraine.fr\/wp-content\/uploads\/2018\/05\/3-60x60.jpg 60w\" sizes=\"auto, (max-width: 150px) 100vw, 150px\" \/><\/a>\n\t\t\t<\/dt><\/dl><dl class='gallery-item'>\n\t\t\t<dt class='gallery-icon landscape'>\n\t\t\t\t<a href='https:\/\/www.fftbliguedelorraine.fr\/?attachment_id=5677'><img loading=\"lazy\" decoding=\"async\" width=\"150\" height=\"150\" src=\"https:\/\/www.fftbliguedelorraine.fr\/wp-content\/uploads\/2018\/05\/2-150x150.jpg\" class=\"attachment-thumbnail size-thumbnail\" alt=\"\" srcset=\"https:\/\/www.fftbliguedelorraine.fr\/wp-content\/uploads\/2018\/05\/2-150x150.jpg 150w, https:\/\/www.fftbliguedelorraine.fr\/wp-content\/uploads\/2018\/05\/2-60x60.jpg 60w\" sizes=\"auto, (max-width: 150px) 100vw, 150px\" \/><\/a>\n\t\t\t<\/dt><\/dl><dl class='gallery-item'>\n\t\t\t<dt class='gallery-icon landscape'>\n\t\t\t\t<a href='https:\/\/www.fftbliguedelorraine.fr\/?attachment_id=5676'><img loading=\"lazy\" decoding=\"async\" width=\"150\" height=\"150\" src=\"https:\/\/www.fftbliguedelorraine.fr\/wp-content\/uploads\/2018\/05\/1-150x150.jpg\" class=\"attachment-thumbnail size-thumbnail\" alt=\"\" srcset=\"https:\/\/www.fftbliguedelorraine.fr\/wp-content\/uploads\/2018\/05\/1-150x150.jpg 150w, https:\/\/www.fftbliguedelorraine.fr\/wp-content\/uploads\/2018\/05\/1-60x60.jpg 60w\" sizes=\"auto, (max-width: 150px) 100vw, 150px\" \/><\/a>\n\t\t\t<\/dt><\/dl><br style=\"clear: both\" \/>\n\t\t<\/div>\n\n<p><span style=\"color: #0000ff; background-color: #ccffff;\"><strong>Haute-Marne, Marne, Ardennes,Aube (CID Champagne-Ardenne)<\/strong><\/span><\/p>\n\n\t\t<style type=\"text\/css\">\n\t\t\t#gallery-2 {\n\t\t\t\tmargin: auto;\n\t\t\t}\n\t\t\t#gallery-2 .gallery-item {\n\t\t\t\tfloat: left;\n\t\t\t\tmargin-top: 10px;\n\t\t\t\ttext-align: center;\n\t\t\t\twidth: 33%;\n\t\t\t}\n\t\t\t#gallery-2 img {\n\t\t\t\tborder: 2px solid #cfcfcf;\n\t\t\t}\n\t\t\t#gallery-2 .gallery-caption {\n\t\t\t\tmargin-left: 0;\n\t\t\t}\n\t\t\t\/* see gallery_shortcode() in wp-includes\/media.php *\/\n\t\t<\/style>\n\t\t<div id='gallery-2' class='gallery galleryid-5639 gallery-columns-3 gallery-size-thumbnail'><dl class='gallery-item'>\n\t\t\t<dt class='gallery-icon landscape'>\n\t\t\t\t<a href='https:\/\/www.fftbliguedelorraine.fr\/?attachment_id=5696'><img loading=\"lazy\" decoding=\"async\" width=\"150\" height=\"150\" src=\"https:\/\/www.fftbliguedelorraine.fr\/wp-content\/uploads\/2018\/05\/14-150x150.jpg\" class=\"attachment-thumbnail size-thumbnail\" alt=\"\" srcset=\"https:\/\/www.fftbliguedelorraine.fr\/wp-content\/uploads\/2018\/05\/14-150x150.jpg 150w, https:\/\/www.fftbliguedelorraine.fr\/wp-content\/uploads\/2018\/05\/14-60x60.jpg 60w\" sizes=\"auto, (max-width: 150px) 100vw, 150px\" \/><\/a>\n\t\t\t<\/dt><\/dl><dl class='gallery-item'>\n\t\t\t<dt class='gallery-icon landscape'>\n\t\t\t\t<a href='https:\/\/www.fftbliguedelorraine.fr\/?attachment_id=5695'><img loading=\"lazy\" decoding=\"async\" width=\"150\" height=\"150\" src=\"https:\/\/www.fftbliguedelorraine.fr\/wp-content\/uploads\/2018\/05\/13-150x150.jpg\" class=\"attachment-thumbnail size-thumbnail\" alt=\"\" srcset=\"https:\/\/www.fftbliguedelorraine.fr\/wp-content\/uploads\/2018\/05\/13-150x150.jpg 150w, https:\/\/www.fftbliguedelorraine.fr\/wp-content\/uploads\/2018\/05\/13-60x60.jpg 60w\" sizes=\"auto, (max-width: 150px) 100vw, 150px\" \/><\/a>\n\t\t\t<\/dt><\/dl><dl class='gallery-item'>\n\t\t\t<dt class='gallery-icon landscape'>\n\t\t\t\t<a href='https:\/\/www.fftbliguedelorraine.fr\/?attachment_id=5694'><img loading=\"lazy\" decoding=\"async\" width=\"150\" height=\"150\" src=\"https:\/\/www.fftbliguedelorraine.fr\/wp-content\/uploads\/2018\/05\/12-150x150.jpg\" class=\"attachment-thumbnail size-thumbnail\" alt=\"\" srcset=\"https:\/\/www.fftbliguedelorraine.fr\/wp-content\/uploads\/2018\/05\/12-150x150.jpg 150w, https:\/\/www.fftbliguedelorraine.fr\/wp-content\/uploads\/2018\/05\/12-60x60.jpg 60w\" sizes=\"auto, (max-width: 150px) 100vw, 150px\" \/><\/a>\n\t\t\t<\/dt><\/dl><br style=\"clear: both\" \/><dl class='gallery-item'>\n\t\t\t<dt class='gallery-icon landscape'>\n\t\t\t\t<a href='https:\/\/www.fftbliguedelorraine.fr\/?attachment_id=5693'><img loading=\"lazy\" decoding=\"async\" width=\"150\" height=\"150\" src=\"https:\/\/www.fftbliguedelorraine.fr\/wp-content\/uploads\/2018\/05\/11-150x150.jpg\" class=\"attachment-thumbnail size-thumbnail\" alt=\"\" srcset=\"https:\/\/www.fftbliguedelorraine.fr\/wp-content\/uploads\/2018\/05\/11-150x150.jpg 150w, https:\/\/www.fftbliguedelorraine.fr\/wp-content\/uploads\/2018\/05\/11-60x60.jpg 60w\" sizes=\"auto, (max-width: 150px) 100vw, 150px\" \/><\/a>\n\t\t\t<\/dt><\/dl><dl class='gallery-item'>\n\t\t\t<dt class='gallery-icon landscape'>\n\t\t\t\t<a href='https:\/\/www.fftbliguedelorraine.fr\/?attachment_id=5692'><img loading=\"lazy\" decoding=\"async\" width=\"150\" height=\"150\" src=\"https:\/\/www.fftbliguedelorraine.fr\/wp-content\/uploads\/2018\/05\/10-150x150.jpg\" class=\"attachment-thumbnail size-thumbnail\" alt=\"\" srcset=\"https:\/\/www.fftbliguedelorraine.fr\/wp-content\/uploads\/2018\/05\/10-150x150.jpg 150w, https:\/\/www.fftbliguedelorraine.fr\/wp-content\/uploads\/2018\/05\/10-60x60.jpg 60w\" sizes=\"auto, (max-width: 150px) 100vw, 150px\" \/><\/a>\n\t\t\t<\/dt><\/dl><dl class='gallery-item'>\n\t\t\t<dt class='gallery-icon landscape'>\n\t\t\t\t<a href='https:\/\/www.fftbliguedelorraine.fr\/?attachment_id=5691'><img loading=\"lazy\" decoding=\"async\" width=\"150\" height=\"150\" src=\"https:\/\/www.fftbliguedelorraine.fr\/wp-content\/uploads\/2018\/05\/9-150x150.jpg\" class=\"attachment-thumbnail size-thumbnail\" alt=\"\" srcset=\"https:\/\/www.fftbliguedelorraine.fr\/wp-content\/uploads\/2018\/05\/9-150x150.jpg 150w, https:\/\/www.fftbliguedelorraine.fr\/wp-content\/uploads\/2018\/05\/9-60x60.jpg 60w\" sizes=\"auto, (max-width: 150px) 100vw, 150px\" \/><\/a>\n\t\t\t<\/dt><\/dl><br style=\"clear: both\" \/><dl class='gallery-item'>\n\t\t\t<dt class='gallery-icon landscape'>\n\t\t\t\t<a href='https:\/\/www.fftbliguedelorraine.fr\/?attachment_id=5690'><img loading=\"lazy\" decoding=\"async\" width=\"150\" height=\"150\" src=\"https:\/\/www.fftbliguedelorraine.fr\/wp-content\/uploads\/2018\/05\/8-150x150.jpg\" class=\"attachment-thumbnail size-thumbnail\" alt=\"\" srcset=\"https:\/\/www.fftbliguedelorraine.fr\/wp-content\/uploads\/2018\/05\/8-150x150.jpg 150w, https:\/\/www.fftbliguedelorraine.fr\/wp-content\/uploads\/2018\/05\/8-60x60.jpg 60w\" sizes=\"auto, (max-width: 150px) 100vw, 150px\" \/><\/a>\n\t\t\t<\/dt><\/dl><dl class='gallery-item'>\n\t\t\t<dt class='gallery-icon landscape'>\n\t\t\t\t<a href='https:\/\/www.fftbliguedelorraine.fr\/?attachment_id=5689'><img loading=\"lazy\" decoding=\"async\" width=\"150\" height=\"150\" src=\"https:\/\/www.fftbliguedelorraine.fr\/wp-content\/uploads\/2018\/05\/7-150x150.jpg\" class=\"attachment-thumbnail size-thumbnail\" alt=\"\" srcset=\"https:\/\/www.fftbliguedelorraine.fr\/wp-content\/uploads\/2018\/05\/7-150x150.jpg 150w, https:\/\/www.fftbliguedelorraine.fr\/wp-content\/uploads\/2018\/05\/7-60x60.jpg 60w\" sizes=\"auto, (max-width: 150px) 100vw, 150px\" \/><\/a>\n\t\t\t<\/dt><\/dl>\n\t\t\t<br style='clear: both' \/>\n\t\t<\/div>\n\n<p><strong><span style=\"color: #0000ff; background-color: #ccffff;\">Meurthe et Moselle,Moselle,Meuse,Vosges (CID Lorraine)<\/span><\/strong><\/p>\n\n\t\t<style type=\"text\/css\">\n\t\t\t#gallery-3 {\n\t\t\t\tmargin: auto;\n\t\t\t}\n\t\t\t#gallery-3 .gallery-item {\n\t\t\t\tfloat: left;\n\t\t\t\tmargin-top: 10px;\n\t\t\t\ttext-align: center;\n\t\t\t\twidth: 33%;\n\t\t\t}\n\t\t\t#gallery-3 img {\n\t\t\t\tborder: 2px solid #cfcfcf;\n\t\t\t}\n\t\t\t#gallery-3 .gallery-caption {\n\t\t\t\tmargin-left: 0;\n\t\t\t}\n\t\t\t\/* see gallery_shortcode() in wp-includes\/media.php *\/\n\t\t<\/style>\n\t\t<div id='gallery-3' class='gallery galleryid-5639 gallery-columns-3 gallery-size-thumbnail'><dl class='gallery-item'>\n\t\t\t<dt class='gallery-icon landscape'>\n\t\t\t\t<a href='https:\/\/www.fftbliguedelorraine.fr\/?attachment_id=5710'><img loading=\"lazy\" decoding=\"async\" width=\"150\" height=\"150\" src=\"https:\/\/www.fftbliguedelorraine.fr\/wp-content\/uploads\/2018\/05\/23-150x150.jpg\" class=\"attachment-thumbnail size-thumbnail\" alt=\"\" srcset=\"https:\/\/www.fftbliguedelorraine.fr\/wp-content\/uploads\/2018\/05\/23-150x150.jpg 150w, https:\/\/www.fftbliguedelorraine.fr\/wp-content\/uploads\/2018\/05\/23-60x60.jpg 60w\" sizes=\"auto, (max-width: 150px) 100vw, 150px\" \/><\/a>\n\t\t\t<\/dt><\/dl><dl class='gallery-item'>\n\t\t\t<dt class='gallery-icon landscape'>\n\t\t\t\t<a href='https:\/\/www.fftbliguedelorraine.fr\/?attachment_id=5709'><img loading=\"lazy\" decoding=\"async\" width=\"150\" height=\"150\" src=\"https:\/\/www.fftbliguedelorraine.fr\/wp-content\/uploads\/2018\/05\/22-150x150.jpg\" class=\"attachment-thumbnail size-thumbnail\" alt=\"\" srcset=\"https:\/\/www.fftbliguedelorraine.fr\/wp-content\/uploads\/2018\/05\/22-150x150.jpg 150w, https:\/\/www.fftbliguedelorraine.fr\/wp-content\/uploads\/2018\/05\/22-60x60.jpg 60w\" sizes=\"auto, (max-width: 150px) 100vw, 150px\" \/><\/a>\n\t\t\t<\/dt><\/dl><dl class='gallery-item'>\n\t\t\t<dt class='gallery-icon landscape'>\n\t\t\t\t<a href='https:\/\/www.fftbliguedelorraine.fr\/?attachment_id=5708'><img loading=\"lazy\" decoding=\"async\" width=\"150\" height=\"150\" src=\"https:\/\/www.fftbliguedelorraine.fr\/wp-content\/uploads\/2018\/05\/21-150x150.jpg\" class=\"attachment-thumbnail size-thumbnail\" alt=\"\" srcset=\"https:\/\/www.fftbliguedelorraine.fr\/wp-content\/uploads\/2018\/05\/21-150x150.jpg 150w, https:\/\/www.fftbliguedelorraine.fr\/wp-content\/uploads\/2018\/05\/21-60x60.jpg 60w\" sizes=\"auto, (max-width: 150px) 100vw, 150px\" \/><\/a>\n\t\t\t<\/dt><\/dl><br style=\"clear: both\" \/><dl class='gallery-item'>\n\t\t\t<dt class='gallery-icon landscape'>\n\t\t\t\t<a href='https:\/\/www.fftbliguedelorraine.fr\/?attachment_id=5707'><img loading=\"lazy\" decoding=\"async\" width=\"150\" height=\"150\" src=\"https:\/\/www.fftbliguedelorraine.fr\/wp-content\/uploads\/2018\/05\/20-150x150.jpg\" class=\"attachment-thumbnail size-thumbnail\" alt=\"\" srcset=\"https:\/\/www.fftbliguedelorraine.fr\/wp-content\/uploads\/2018\/05\/20-150x150.jpg 150w, https:\/\/www.fftbliguedelorraine.fr\/wp-content\/uploads\/2018\/05\/20-60x60.jpg 60w\" sizes=\"auto, (max-width: 150px) 100vw, 150px\" \/><\/a>\n\t\t\t<\/dt><\/dl><dl class='gallery-item'>\n\t\t\t<dt class='gallery-icon landscape'>\n\t\t\t\t<a href='https:\/\/www.fftbliguedelorraine.fr\/?attachment_id=5706'><img loading=\"lazy\" decoding=\"async\" width=\"150\" height=\"150\" src=\"https:\/\/www.fftbliguedelorraine.fr\/wp-content\/uploads\/2018\/05\/19-150x150.jpg\" class=\"attachment-thumbnail size-thumbnail\" alt=\"\" srcset=\"https:\/\/www.fftbliguedelorraine.fr\/wp-content\/uploads\/2018\/05\/19-150x150.jpg 150w, https:\/\/www.fftbliguedelorraine.fr\/wp-content\/uploads\/2018\/05\/19-60x60.jpg 60w\" sizes=\"auto, (max-width: 150px) 100vw, 150px\" \/><\/a>\n\t\t\t<\/dt><\/dl><dl class='gallery-item'>\n\t\t\t<dt class='gallery-icon landscape'>\n\t\t\t\t<a href='https:\/\/www.fftbliguedelorraine.fr\/?attachment_id=5705'><img loading=\"lazy\" decoding=\"async\" width=\"150\" height=\"150\" src=\"https:\/\/www.fftbliguedelorraine.fr\/wp-content\/uploads\/2018\/05\/18-150x150.jpg\" class=\"attachment-thumbnail size-thumbnail\" alt=\"\" srcset=\"https:\/\/www.fftbliguedelorraine.fr\/wp-content\/uploads\/2018\/05\/18-150x150.jpg 150w, https:\/\/www.fftbliguedelorraine.fr\/wp-content\/uploads\/2018\/05\/18-60x60.jpg 60w\" sizes=\"auto, (max-width: 150px) 100vw, 150px\" \/><\/a>\n\t\t\t<\/dt><\/dl><br style=\"clear: both\" \/><dl class='gallery-item'>\n\t\t\t<dt class='gallery-icon landscape'>\n\t\t\t\t<a href='https:\/\/www.fftbliguedelorraine.fr\/?attachment_id=5704'><img loading=\"lazy\" decoding=\"async\" width=\"150\" height=\"150\" src=\"https:\/\/www.fftbliguedelorraine.fr\/wp-content\/uploads\/2018\/05\/17-150x150.jpg\" class=\"attachment-thumbnail size-thumbnail\" alt=\"\" srcset=\"https:\/\/www.fftbliguedelorraine.fr\/wp-content\/uploads\/2018\/05\/17-150x150.jpg 150w, https:\/\/www.fftbliguedelorraine.fr\/wp-content\/uploads\/2018\/05\/17-60x60.jpg 60w\" sizes=\"auto, (max-width: 150px) 100vw, 150px\" \/><\/a>\n\t\t\t<\/dt><\/dl><dl class='gallery-item'>\n\t\t\t<dt class='gallery-icon landscape'>\n\t\t\t\t<a href='https:\/\/www.fftbliguedelorraine.fr\/?attachment_id=5703'><img loading=\"lazy\" decoding=\"async\" width=\"150\" height=\"150\" src=\"https:\/\/www.fftbliguedelorraine.fr\/wp-content\/uploads\/2018\/05\/16-150x150.jpg\" class=\"attachment-thumbnail size-thumbnail\" alt=\"\" srcset=\"https:\/\/www.fftbliguedelorraine.fr\/wp-content\/uploads\/2018\/05\/16-150x150.jpg 150w, https:\/\/www.fftbliguedelorraine.fr\/wp-content\/uploads\/2018\/05\/16-60x60.jpg 60w\" sizes=\"auto, (max-width: 150px) 100vw, 150px\" \/><\/a>\n\t\t\t<\/dt><\/dl><dl class='gallery-item'>\n\t\t\t<dt class='gallery-icon landscape'>\n\t\t\t\t<a href='https:\/\/www.fftbliguedelorraine.fr\/?attachment_id=5702'><img loading=\"lazy\" decoding=\"async\" width=\"150\" height=\"150\" src=\"https:\/\/www.fftbliguedelorraine.fr\/wp-content\/uploads\/2018\/05\/15-150x150.jpg\" class=\"attachment-thumbnail size-thumbnail\" alt=\"\" srcset=\"https:\/\/www.fftbliguedelorraine.fr\/wp-content\/uploads\/2018\/05\/15-150x150.jpg 150w, https:\/\/www.fftbliguedelorraine.fr\/wp-content\/uploads\/2018\/05\/15-60x60.jpg 60w\" sizes=\"auto, (max-width: 150px) 100vw, 150px\" \/><\/a>\n\t\t\t<\/dt><\/dl><br style=\"clear: both\" \/>\n\t\t<\/div>\n\n","protected":false},"excerpt":{"rendered":"<p>Le Grand Est est une r\u00e9gion administrative fran\u00e7aise r\u00e9sultant de la fusion des anciennes r\u00e9gions Alsace, Lorraine et Champagne-Ardenne. Elle compte 10 D\u00e9partements .\u00a0 Bas-Rhin, Haut-Rhin (CID Alsace) Haute-Marne, Marne, Ardennes,Aube (CID Champagne-Ardenne) Meurthe et Moselle,Moselle,Meuse,Vosges (CID Lorraine)<\/p>\n","protected":false},"author":1,"featured_media":0,"parent":4794,"menu_order":0,"comment_status":"closed","ping_status":"closed","template":"","meta":{"footnotes":""},"class_list":["post-5639","page","type-page","status-publish","hentry"],"_links":{"self":[{"href":"https:\/\/www.fftbliguedelorraine.fr\/index.php?rest_route=\/wp\/v2\/pages\/5639","targetHints":{"allow":["GET"]}}],"collection":[{"href":"https:\/\/www.fftbliguedelorraine.fr\/index.php?rest_route=\/wp\/v2\/pages"}],"about":[{"href":"https:\/\/www.fftbliguedelorraine.fr\/index.php?rest_route=\/wp\/v2\/types\/page"}],"author":[{"embeddable":true,"href":"https:\/\/www.fftbliguedelorraine.fr\/index.php?rest_route=\/wp\/v2\/users\/1"}],"replies":[{"embeddable":true,"href":"https:\/\/www.fftbliguedelorraine.fr\/index.php?rest_route=%2Fwp%2Fv2%2Fcomments&post=5639"}],"version-history":[{"count":23,"href":"https:\/\/www.fftbliguedelorraine.fr\/index.php?rest_route=\/wp\/v2\/pages\/5639\/revisions"}],"predecessor-version":[{"id":9009,"href":"https:\/\/www.fftbliguedelorraine.fr\/index.php?rest_route=\/wp\/v2\/pages\/5639\/revisions\/9009"}],"up":[{"embeddable":true,"href":"https:\/\/www.fftbliguedelorraine.fr\/index.php?rest_route=\/wp\/v2\/pages\/4794"}],"wp:attachment":[{"href":"https:\/\/www.fftbliguedelorraine.fr\/index.php?rest_route=%2Fwp%2Fv2%2Fmedia&parent=5639"}],"curies":[{"name":"wp","href":"https:\/\/api.w.org\/{rel}","templated":true}]}}