{"id":42,"date":"2013-08-25T16:26:49","date_gmt":"2013-08-25T15:26:49","guid":{"rendered":"http:\/\/localhost\/wordpress\/?page_id=42"},"modified":"2024-11-17T17:13:33","modified_gmt":"2024-11-17T16:13:33","slug":"compte-rendu-des-reunions","status":"publish","type":"page","link":"https:\/\/www.fftbliguedelorraine.fr\/?page_id=42","title":{"rendered":"R\u00e9unions et compte-rendu de r\u00e9unions"},"content":{"rendered":"<div dir=\"ltr\">\n<div>\n<p><span style=\"background-color: #ccffff; color: #000080;\"><strong>Pour le D\u00e9partement 54<\/strong><\/span><\/p>\n<p>Ag Elective le 16 Novembre 2024 \u00e0 14 h 30 au gymnase Milliat de Villers les NANCY .<\/p>\n<p>AG annul\u00e9e , personne ne s&rsquo;est pr\u00e9sent\u00e9 .<\/p>\n<p>Le Pr\u00e9sident Monsieur Bondarewicz Jerzy<\/p>\n<hr \/>\n<p>Bonjour \u00e0 tous.<\/p>\n<p>Je vous propose de nous r\u00e9unir le dimanche apr\u00e8s midi du 17\/09\/2023 \u00e0 partir de 14heures au gymnase CHEPFER \u00e0 Villers les Nancy.<\/p>\n<p>Nous discuterons du devenir du D\u00e9partement, des clubs et des athl\u00e8tes.<\/p>\n<p>Du choix \u00e9ventuel de notre participation aux diff\u00e9rentes comp\u00e9titions du Championnat.<\/p>\n<p>Du p\u00f4le espoir, du CNF et du Groupe Artistique.<\/p>\n<p>Je compte sur votre pr\u00e9sence, merci.<\/p>\n<p>Sportivement.<\/p>\n<p>Bondarewicz Jerzy<\/p>\n<p>Pr\u00e9sident du CD 54<\/p>\n<p>***********************************************************************************************************<\/p>\n<p>Derni\u00e8re AG du CID V4M\u00a0 lundi 13 f\u00e9vrier 2023 en visio.<\/p>\n<p>Cette AG sera suivi de l&rsquo;AG extraordinaire de dissolution du CID.<\/p>\n<p>Les comit\u00e9s d\u00e9partementaux sont maintenant cr\u00e9\u00e9s, donc nous pouvons dissoudre officiellement le CID,<\/p>\n<p>Vous recevrez les documents de l&rsquo;AG prochainement<\/p>\n<p>Inscrivez , d\u00e8s \u00e0 pr\u00e9sent cette date sur vos calendriers<\/p>\n<p>N&rsquo;h\u00e9sitez pas \u00e0 me contacter si vous avez des questions, soit par mail, soit par t\u00e9lephone. Je serai aux comp\u00e9titions d\u00e9partementales<\/p>\n<p>Je vous remercie<\/p>\n<p>Sportivement<\/p>\n<p>Dominique<\/p>\n<p>=&gt; <a href=\"http:\/\/www.fftbliguedelorraine.fr\/wp-content\/uploads\/2023\/02\/Mot-daccueil15111.docx\">Mot d&rsquo;accueil[15111]<\/a><\/p>\n<p>=&gt; <a href=\"http:\/\/www.fftbliguedelorraine.fr\/wp-content\/uploads\/2023\/02\/rapport-moral-annexe-1.doc\">rapport moral, annexe 1<\/a><\/p>\n<p>=&gt; <a href=\"http:\/\/www.fftbliguedelorraine.fr\/wp-content\/uploads\/2023\/02\/RAPPORT-TECHNIQUE-POLE-ESPOIR-202215115.docx\">RAPPORT TECHNIQUE POLE ESPOIR 2022[15115]<\/a><\/p>\n<p>=&gt; <a href=\"http:\/\/www.fftbliguedelorraine.fr\/wp-content\/uploads\/2023\/02\/finalistes-des-3-filieres-2022.docx\">finalistes des 3 fili\u00e8res 2022<\/a><\/p>\n<\/div>\n<div><\/div>\n<\/div>\n","protected":false},"excerpt":{"rendered":"<p>Pour le D\u00e9partement 54 Ag Elective le 16 Novembre 2024 \u00e0 14 h 30 au gymnase Milliat de Villers les NANCY . AG annul\u00e9e , personne ne s&rsquo;est pr\u00e9sent\u00e9 . Le Pr\u00e9sident Monsieur Bondarewicz Jerzy Bonjour \u00e0 tous. Je vous propose de nous r\u00e9unir le dimanche apr\u00e8s midi du 17\/09\/2023 \u00e0 partir de 14heures au<\/p>\n","protected":false},"author":1,"featured_media":0,"parent":22,"menu_order":0,"comment_status":"closed","ping_status":"closed","template":"","meta":{"footnotes":""},"class_list":["post-42","page","type-page","status-publish","hentry"],"_links":{"self":[{"href":"https:\/\/www.fftbliguedelorraine.fr\/index.php?rest_route=\/wp\/v2\/pages\/42","targetHints":{"allow":["GET"]}}],"collection":[{"href":"https:\/\/www.fftbliguedelorraine.fr\/index.php?rest_route=\/wp\/v2\/pages"}],"about":[{"href":"https:\/\/www.fftbliguedelorraine.fr\/index.php?rest_route=\/wp\/v2\/types\/page"}],"author":[{"embeddable":true,"href":"https:\/\/www.fftbliguedelorraine.fr\/index.php?rest_route=\/wp\/v2\/users\/1"}],"replies":[{"embeddable":true,"href":"https:\/\/www.fftbliguedelorraine.fr\/index.php?rest_route=%2Fwp%2Fv2%2Fcomments&post=42"}],"version-history":[{"count":46,"href":"https:\/\/www.fftbliguedelorraine.fr\/index.php?rest_route=\/wp\/v2\/pages\/42\/revisions"}],"predecessor-version":[{"id":10713,"href":"https:\/\/www.fftbliguedelorraine.fr\/index.php?rest_route=\/wp\/v2\/pages\/42\/revisions\/10713"}],"up":[{"embeddable":true,"href":"https:\/\/www.fftbliguedelorraine.fr\/index.php?rest_route=\/wp\/v2\/pages\/22"}],"wp:attachment":[{"href":"https:\/\/www.fftbliguedelorraine.fr\/index.php?rest_route=%2Fwp%2Fv2%2Fmedia&parent=42"}],"curies":[{"name":"wp","href":"https:\/\/api.w.org\/{rel}","templated":true}]}}