{"id":4044,"date":"2016-09-27T13:32:29","date_gmt":"2016-09-27T12:32:29","guid":{"rendered":"http:\/\/www.fftbliguedelorraine.fr\/?page_id=4044"},"modified":"2024-10-11T05:44:11","modified_gmt":"2024-10-11T04:44:11","slug":"infos-diverses","status":"publish","type":"page","link":"https:\/\/www.fftbliguedelorraine.fr\/?page_id=4044","title":{"rendered":"Informations diverses"},"content":{"rendered":"\n<p>Charte graphique&nbsp;<\/p>\n<p>Nous vous prions de bien vouloir trouver ci-joint la&nbsp;charte&nbsp;graphique&nbsp;2023 de la FFSTB.<\/p>\n<p>La Charte Graphique pr\u00e9sente les \u00e9l\u00e9ments essentiels de l&rsquo;identit\u00e9 visuelle de la F\u00e9d\u00e9ration.<\/p>\n<p>Elle a pour objectif de cr\u00e9er une coh\u00e9rence entre les diff\u00e9rents supports de communication, et doit \u00eatre respect\u00e9e dans sa totalit\u00e9.<\/p>\n<p>Nous vous informons que l&rsquo;utilisation du logotype FFSTB&nbsp;est exclusivement r\u00e9serv\u00e9e \u00e0 la F\u00e9d\u00e9ration.<\/p>\n<p>Tous les clubs affili\u00e9s, ainsi que les Organes D\u00e9concentr\u00e9s (Ligue, CD\/CID) recevront prochainement leur logo.<\/p>\n<p>=&gt; <a href=\"http:\/\/www.fftbliguedelorraine.fr\/wp-content\/uploads\/2023\/04\/CHARTE-GRAPHIQUE-2023.pdf\">CHARTE GRAPHIQUE 2023<\/a><\/p>\n<hr \/>\n<p>&nbsp;<\/p>\n\n\n\n<p>Vous trouverez ci-joint un courrier que nous a adress\u00e9 ce jour\u00a0 M. David Lappartient, Pr\u00e9sident du\u00a0Comit\u00e9 national olympique et sportif fran\u00e7ais.<\/p>\n<p><a href=\"http:\/\/www.fftbliguedelorraine.fr\/wp-content\/uploads\/2024\/10\/20240924_CNOSF.pdf\">20240924_CNOSF<\/a><\/p>\n\n\n\n<div class=\"x_elementToProof\" data-olk-copy-source=\"MessageBody\">Veuillez trouver ci-dessous le lien concernant le WEBINAIRE qui a eu lieu le 19\/09\/2024 sur les disciplines Artistic Twirl et Artisitc Pair.<\/div>\n<div class=\"x_elementToProof\">\u00a0<\/div>\n<div class=\"x_elementToProof\"><a id=\"LPlnk947931\" class=\"x_OWAAutoLink\" href=\"https:\/\/youtu.be\/EyC5r26YLeQ\" data-auth=\"NotApplicable\" data-linkindex=\"0\">https:\/\/youtu.be\/EyC5r26YLeQ<\/a><\/div>\n","protected":false},"excerpt":{"rendered":"<p>Charte graphique&nbsp; Nous vous prions de bien vouloir trouver ci-joint la&nbsp;charte&nbsp;graphique&nbsp;2023 de la FFSTB. La Charte Graphique pr\u00e9sente les \u00e9l\u00e9ments essentiels de l&rsquo;identit\u00e9 visuelle de la F\u00e9d\u00e9ration. Elle a pour objectif de cr\u00e9er une coh\u00e9rence entre les diff\u00e9rents supports de communication, et doit \u00eatre respect\u00e9e dans sa totalit\u00e9. Nous vous informons que l&rsquo;utilisation du logotype<\/p>\n","protected":false},"author":1,"featured_media":0,"parent":110,"menu_order":0,"comment_status":"closed","ping_status":"closed","template":"","meta":{"footnotes":""},"class_list":["post-4044","page","type-page","status-publish","hentry"],"_links":{"self":[{"href":"https:\/\/www.fftbliguedelorraine.fr\/index.php?rest_route=\/wp\/v2\/pages\/4044","targetHints":{"allow":["GET"]}}],"collection":[{"href":"https:\/\/www.fftbliguedelorraine.fr\/index.php?rest_route=\/wp\/v2\/pages"}],"about":[{"href":"https:\/\/www.fftbliguedelorraine.fr\/index.php?rest_route=\/wp\/v2\/types\/page"}],"author":[{"embeddable":true,"href":"https:\/\/www.fftbliguedelorraine.fr\/index.php?rest_route=\/wp\/v2\/users\/1"}],"replies":[{"embeddable":true,"href":"https:\/\/www.fftbliguedelorraine.fr\/index.php?rest_route=%2Fwp%2Fv2%2Fcomments&post=4044"}],"version-history":[{"count":19,"href":"https:\/\/www.fftbliguedelorraine.fr\/index.php?rest_route=\/wp\/v2\/pages\/4044\/revisions"}],"predecessor-version":[{"id":10590,"href":"https:\/\/www.fftbliguedelorraine.fr\/index.php?rest_route=\/wp\/v2\/pages\/4044\/revisions\/10590"}],"up":[{"embeddable":true,"href":"https:\/\/www.fftbliguedelorraine.fr\/index.php?rest_route=\/wp\/v2\/pages\/110"}],"wp:attachment":[{"href":"https:\/\/www.fftbliguedelorraine.fr\/index.php?rest_route=%2Fwp%2Fv2%2Fmedia&parent=4044"}],"curies":[{"name":"wp","href":"https:\/\/api.w.org\/{rel}","templated":true}]}}