{"id":1865,"date":"2014-10-27T17:33:23","date_gmt":"2014-10-27T16:33:23","guid":{"rendered":"http:\/\/www.fftbliguedelorraine.fr\/?page_id=1865"},"modified":"2024-05-17T05:40:59","modified_gmt":"2024-05-17T04:40:59","slug":"liens","status":"publish","type":"page","link":"https:\/\/www.fftbliguedelorraine.fr\/?page_id=1865","title":{"rendered":"Liens, site, tout sur le Twirling"},"content":{"rendered":"<p class=\"x_elementToProof\">Vous voulez offrir ou vous acheter un souvenir de votre finale ? &#x1f381;<\/p>\n<p class=\"x_elementToProof\">Achetez le Tee-Shirt officiel de la Finale de votre choix sur notre\u00a0<b>nouvelle boutique en ligne<\/b>\u00a0! &#x1f4bb;<\/p>\n<p class=\"x_elementToProof\">Coupe femme ou homme, de 6 ans \u00e0 XXXL, blanc, noir, avec deux mod\u00e8les, choisissez votre pr\u00e9f\u00e9r\u00e9 !<\/p>\n<p class=\"x_elementToProof\">Le retrait sur place est gratuit le weekend de la finale\u00a0<u>si la commande est pass\u00e9 au plus tard le dimanche pr\u00e9c\u00e9dent<\/u>.<\/p>\n<p class=\"x_elementToProof\">Si la commande est pass\u00e9e apr\u00e8s, l&rsquo;envoi postal reste possible !<\/p>\n<p class=\"x_elementToProof\">Et pour commander, c&rsquo;est ici :<strong>\u00a0<a id=\"LPlnk694599\" href=\"https:\/\/boutique.fftwirl.fr\/\" data-auth=\"NotApplicable\" data-linkindex=\"0\">https:\/\/boutique.fftwirl.fr\/<\/a><\/strong><\/p>\n<p>********************************************<\/p>\n<p><strong><span style=\"background-color: #ffffff; color: #000000;\">K-Twirl =&gt;\u00a0<a href=\"https:\/\/www.k-twirl.com\/\">https:\/\/www.k-twirl.com\/<\/a><\/span><\/strong><\/p>\n<p><strong>Mail : <a href=\"mailto:k.twirl03@gmail.com\">\u00a0k.twirl03@gmail.com<\/a><\/strong><\/p>\n<p><strong>Facebook :\u00a0<a href=\"https:\/\/www.facebook.com\/TwirlingKarine\">https:\/\/www.facebook.com\/TwirlingKarine<\/a><\/strong><\/p>\n<p style=\"text-align: center;\">************************<\/p>\n<p><strong>Site de vente de mat\u00e9riel twirling<\/strong>\u00a0=&gt;<strong><a href=\"http:\/\/www.andreasport-twirling.fr\/\">http:\/\/www.andreasport-twirling.fr\/<\/a><\/strong><\/p>\n<p>=&gt;\u00a0<a href=\"http:\/\/www.andreasport-tissus.fr\/\">http:\/\/www.andreasport-tissus.fr\/<\/a><a href=\"http:\/\/www.fftbliguedelorraine.fr\/wp-content\/uploads\/2019\/02\/Image2.jpg\"><img loading=\"lazy\" decoding=\"async\" class=\"aligncenter size-full wp-image-6257\" src=\"http:\/\/www.fftbliguedelorraine.fr\/wp-content\/uploads\/2019\/02\/Image2.jpg\" alt=\"\" width=\"338\" height=\"142\" srcset=\"https:\/\/www.fftbliguedelorraine.fr\/wp-content\/uploads\/2019\/02\/Image2.jpg 338w, https:\/\/www.fftbliguedelorraine.fr\/wp-content\/uploads\/2019\/02\/Image2-300x126.jpg 300w\" sizes=\"auto, (max-width: 338px) 100vw, 338px\" \/><\/a><\/p>\n<div dir=\"ltr\">\n<div class=\"gmail_quote\">\n<div>\n<p style=\"text-align: center;\"><span style=\"color: #000080;\"><em><strong>Pascale Giannone<\/strong><\/em><\/span><br \/>\n<span style=\"color: #000080;\"><em><strong>ANDREA SPORT<\/strong><\/em><\/span><br \/>\n<span style=\"color: #000080;\"><em><strong>296 rue des b\u00e9ali\u00e8res<\/strong><\/em><\/span><br \/>\n<span style=\"color: #000080;\"><em><strong>38113 Veurey<\/strong><\/em><\/span><\/p>\n<\/div>\n<\/div>\n<\/div>\n<p style=\"text-align: center;\">**************************<\/p>\n<p style=\"text-align: center;\">\n","protected":false},"excerpt":{"rendered":"<p>Vous voulez offrir ou vous acheter un souvenir de votre finale ? &#x1f381; Achetez le Tee-Shirt officiel de la Finale de votre choix sur notre\u00a0nouvelle boutique en ligne\u00a0! &#x1f4bb; Coupe femme ou homme, de 6 ans \u00e0 XXXL, blanc, noir, avec deux mod\u00e8les, choisissez votre pr\u00e9f\u00e9r\u00e9 ! Le retrait sur place est gratuit le weekend<\/p>\n","protected":false},"author":1,"featured_media":0,"parent":13,"menu_order":0,"comment_status":"closed","ping_status":"closed","template":"","meta":{"footnotes":""},"class_list":["post-1865","page","type-page","status-publish","hentry"],"_links":{"self":[{"href":"https:\/\/www.fftbliguedelorraine.fr\/index.php?rest_route=\/wp\/v2\/pages\/1865","targetHints":{"allow":["GET"]}}],"collection":[{"href":"https:\/\/www.fftbliguedelorraine.fr\/index.php?rest_route=\/wp\/v2\/pages"}],"about":[{"href":"https:\/\/www.fftbliguedelorraine.fr\/index.php?rest_route=\/wp\/v2\/types\/page"}],"author":[{"embeddable":true,"href":"https:\/\/www.fftbliguedelorraine.fr\/index.php?rest_route=\/wp\/v2\/users\/1"}],"replies":[{"embeddable":true,"href":"https:\/\/www.fftbliguedelorraine.fr\/index.php?rest_route=%2Fwp%2Fv2%2Fcomments&post=1865"}],"version-history":[{"count":25,"href":"https:\/\/www.fftbliguedelorraine.fr\/index.php?rest_route=\/wp\/v2\/pages\/1865\/revisions"}],"predecessor-version":[{"id":10281,"href":"https:\/\/www.fftbliguedelorraine.fr\/index.php?rest_route=\/wp\/v2\/pages\/1865\/revisions\/10281"}],"up":[{"embeddable":true,"href":"https:\/\/www.fftbliguedelorraine.fr\/index.php?rest_route=\/wp\/v2\/pages\/13"}],"wp:attachment":[{"href":"https:\/\/www.fftbliguedelorraine.fr\/index.php?rest_route=%2Fwp%2Fv2%2Fmedia&parent=1865"}],"curies":[{"name":"wp","href":"https:\/\/api.w.org\/{rel}","templated":true}]}}