{"id":16,"date":"2013-08-25T16:16:39","date_gmt":"2013-08-25T15:16:39","guid":{"rendered":"http:\/\/www.fftbliguedelorraine.fr\/?page_id=16"},"modified":"2023-04-14T15:49:33","modified_gmt":"2023-04-14T14:49:33","slug":"competitions","status":"publish","type":"page","link":"https:\/\/www.fftbliguedelorraine.fr\/?page_id=16","title":{"rendered":"Comp\u00e9titions"},"content":{"rendered":"<p>&#x2666; Voir les pages d\u00e9di\u00e9es pour chaque compt\u00e9tition &#x2666;<\/p>\n","protected":false},"excerpt":{"rendered":"<p>&#x2666; Voir les pages d\u00e9di\u00e9es pour chaque compt\u00e9tition &#x2666;<\/p>\n","protected":false},"author":1,"featured_media":0,"parent":0,"menu_order":0,"comment_status":"closed","ping_status":"closed","template":"","meta":{"footnotes":""},"class_list":["post-16","page","type-page","status-publish","hentry"],"_links":{"self":[{"href":"https:\/\/www.fftbliguedelorraine.fr\/index.php?rest_route=\/wp\/v2\/pages\/16","targetHints":{"allow":["GET"]}}],"collection":[{"href":"https:\/\/www.fftbliguedelorraine.fr\/index.php?rest_route=\/wp\/v2\/pages"}],"about":[{"href":"https:\/\/www.fftbliguedelorraine.fr\/index.php?rest_route=\/wp\/v2\/types\/page"}],"author":[{"embeddable":true,"href":"https:\/\/www.fftbliguedelorraine.fr\/index.php?rest_route=\/wp\/v2\/users\/1"}],"replies":[{"embeddable":true,"href":"https:\/\/www.fftbliguedelorraine.fr\/index.php?rest_route=%2Fwp%2Fv2%2Fcomments&post=16"}],"version-history":[{"count":14,"href":"https:\/\/www.fftbliguedelorraine.fr\/index.php?rest_route=\/wp\/v2\/pages\/16\/revisions"}],"predecessor-version":[{"id":9167,"href":"https:\/\/www.fftbliguedelorraine.fr\/index.php?rest_route=\/wp\/v2\/pages\/16\/revisions\/9167"}],"wp:attachment":[{"href":"https:\/\/www.fftbliguedelorraine.fr\/index.php?rest_route=%2Fwp%2Fv2%2Fmedia&parent=16"}],"curies":[{"name":"wp","href":"https:\/\/api.w.org\/{rel}","templated":true}]}}