{"id":106,"date":"2013-08-26T12:07:41","date_gmt":"2013-08-26T11:07:41","guid":{"rendered":"http:\/\/localhost\/wordpress\/?page_id=106"},"modified":"2026-05-01T19:19:56","modified_gmt":"2026-05-01T18:19:56","slug":"accueil","status":"publish","type":"page","link":"https:\/\/www.fftbliguedelorraine.fr\/","title":{"rendered":"Accueil"},"content":{"rendered":"\n<p class=\"has-text-align-center\"><strong style=\"font-size: revert; color: initial;\">Bienvenue sur le site des Clubs des d\u00e9partements de la Meurthe et Moselle , Moselle, Meuse et&nbsp; Vosges de Twirling B\u00e2ton, nous d\u00e9pendons de la FFSTB F\u00e9d\u00e9ration Fran\u00e7aise Sportive de Twirling B\u00e2ton qui compte <span style=\"color: #ff0000;\">25 000 licenci\u00e9s&nbsp;<\/span>&nbsp;<\/strong><\/p>\n\n\n\n<p class=\"has-text-align-center\"><span style=\"color: #000080;\"><strong><span style=\"background-color: #ffffff;\">Monsieur Didier PASCAL <\/span><\/strong><\/span><\/p>\n\n\n\n<p class=\"has-text-align-center\"><span style=\"color: #000080;\">Pr\u00e9sident de la F\u00e9d\u00e9ration Fran\u00e7aise Sportive de Twirling B\u00e2ton depuis le 7 d\u00e9cembre 2024.<\/span><\/p>\n\n\n\n<p class=\"has-text-align-center\"><span style=\"color: #000000; background-color: #ccffcc;\"><strong>Pour 2025 le nombre de comp\u00e9titeurs s\u2019\u00e9tablit comme suit :<\/strong><\/span><br \/><span style=\"color: #000000; background-color: #ccffcc;\"><strong>National 1 = 1 031<\/strong><\/span><br \/><span style=\"color: #000000; background-color: #ccffcc;\"><strong>National 2 = 2854<\/strong><\/span><br \/><span style=\"color: #000000; background-color: #ccffcc;\"><strong>National 3 = 4754<\/strong><\/span><\/p>\n\n\n\n<figure><\/figure>\n\n\n<div class=\"wp-block-image\">\n<figure class=\"alignleft\"><img loading=\"lazy\" decoding=\"async\" width=\"296\" height=\"114\" src=\"http:\/\/www.fftbliguedelorraine.fr\/wp-content\/uploads\/2013\/08\/logo-grand-est-1.jpg\" alt=\"logo-grand-est-1\" class=\"wp-image-4034\"\/><\/figure>\n<\/div>\n\n\n<p class=\"has-text-align-center\"><\/p>\n\n\n<div class=\"wp-block-image\">\n<figure class=\"alignleft\"><img loading=\"lazy\" decoding=\"async\" width=\"240\" height=\"300\" src=\"http:\/\/www.fftbliguedelorraine.fr\/wp-content\/uploads\/2023\/04\/LOGO-CLUBS-FFSTB-2023-240x300.png\" alt=\"\" class=\"wp-image-9198\" srcset=\"https:\/\/www.fftbliguedelorraine.fr\/wp-content\/uploads\/2023\/04\/LOGO-CLUBS-FFSTB-2023-240x300.png 240w, https:\/\/www.fftbliguedelorraine.fr\/wp-content\/uploads\/2023\/04\/LOGO-CLUBS-FFSTB-2023-819x1024.png 819w, https:\/\/www.fftbliguedelorraine.fr\/wp-content\/uploads\/2023\/04\/LOGO-CLUBS-FFSTB-2023-768x960.png 768w, https:\/\/www.fftbliguedelorraine.fr\/wp-content\/uploads\/2023\/04\/LOGO-CLUBS-FFSTB-2023-1229x1536.png 1229w, https:\/\/www.fftbliguedelorraine.fr\/wp-content\/uploads\/2023\/04\/LOGO-CLUBS-FFSTB-2023-1638x2048.png 1638w\" sizes=\"auto, (max-width: 240px) 100vw, 240px\" \/><\/figure>\n<\/div>\n\n\n<p><\/p>\n\n\n\n<figure class=\"wp-block-image\"><img loading=\"lazy\" decoding=\"async\" width=\"250\" height=\"189\" src=\"http:\/\/www.fftbliguedelorraine.fr\/wp-content\/uploads\/2013\/08\/Alsace-Champagne-Ardenne-Lorraine_et_provinces.svg_.jpg\" alt=\"\" class=\"wp-image-5573\"\/><\/figure>\n\n\n\n<p class=\"has-text-align-center\"><\/p>\n\n\n\n<p class=\"has-text-align-center\"><span style=\"color: #008000;\"><strong><span style=\"color: #000080;\"><img decoding=\"async\" src=\"http:\/\/www.icone-gif.com\/gif\/emoticones\/emoticone-3d\/emoticones-3d-315.gif\" alt=\"\"\/>&nbsp;Le site est mis \u00e0 jour r\u00e9guli\u00e8rement , n&rsquo;h\u00e9sitez pas \u00e0 le visiter !!&nbsp;&nbsp;<\/span><\/strong><\/span><\/p>\n\n\n\n<p class=\"has-text-align-center\"><span style=\"color: #800080;\"><strong><span style=\"font-family: 'Comic Sans MS'; font-size: xx-small;\">&nbsp;<\/span>&nbsp;<a href=\"http:\/\/www.fftbliguedelorraine.fr\/wp-content\/uploads\/2013\/08\/mis-a-jour-rose.gif\"><img loading=\"lazy\" decoding=\"async\" width=\"80\" height=\"25\" class=\"alignnone size-full wp-image-1827\" src=\"http:\/\/www.fftbliguedelorraine.fr\/wp-content\/uploads\/2013\/08\/mis-a-jour-rose.gif\" alt=\"mis a jour rose\"\/><\/a>&nbsp;<span style=\"color: #000080;\">du 01 mai 2026&nbsp;<\/span><\/strong><\/span><\/p>\n\n\n\n<p class=\"has-text-align-center\"><strong><span style=\"color: #000080;\">Derni\u00e8res mises \u00e0 jour signal\u00e9es par <img loading=\"lazy\" decoding=\"async\" class=\"wp-image-10779 alignnone\" src=\"http:\/\/www.fftbliguedelorraine.fr\/wp-content\/uploads\/2024\/12\/pin3-a.gif\" alt=\"\" width=\"32\" height=\"32\"\/><\/span><\/strong><\/p>\n\n\n\n<p><a href=\"http:\/\/www.fftbliguedelorraine.fr\/wp-content\/uploads\/2026\/05\/ODP-DEMI-FINALE-NORD-EST-N2.pdf\">ODP-DEMI-FINALE-NORD-EST-N2<\/a><\/p>\n\n\n\n<p><img loading=\"lazy\" decoding=\"async\" class=\"aligncenter  wp-image-11712\" src=\"http:\/\/www.fftbliguedelorraine.fr\/wp-content\/uploads\/2026\/05\/685422873_1589360299856038_8744631152284620289_n-724x1024.jpg\" alt=\"\" width=\"456\" height=\"645\" srcset=\"https:\/\/www.fftbliguedelorraine.fr\/wp-content\/uploads\/2026\/05\/685422873_1589360299856038_8744631152284620289_n-724x1024.jpg 724w, https:\/\/www.fftbliguedelorraine.fr\/wp-content\/uploads\/2026\/05\/685422873_1589360299856038_8744631152284620289_n-212x300.jpg 212w, https:\/\/www.fftbliguedelorraine.fr\/wp-content\/uploads\/2026\/05\/685422873_1589360299856038_8744631152284620289_n-768x1086.jpg 768w, https:\/\/www.fftbliguedelorraine.fr\/wp-content\/uploads\/2026\/05\/685422873_1589360299856038_8744631152284620289_n-1086x1536.jpg 1086w, https:\/\/www.fftbliguedelorraine.fr\/wp-content\/uploads\/2026\/05\/685422873_1589360299856038_8744631152284620289_n.jpg 1131w\" sizes=\"auto, (max-width: 456px) 100vw, 456px\" \/><\/p>\n\n\n\n\n\n<div><hr \/><\/div>\n\n\n\n<div><span data-olk-copy-source=\"MessageBody\"><span style=\"background-color: #f29de6;\"><strong>Courrier de la Commission Enseignement relatif aux r\u00f4les des enseignants <span style=\"background-color: #ffffff;\">=&gt;<\/span><\/strong><\/span><\/span><span data-olk-copy-source=\"MessageBody\"><a href=\"http:\/\/www.fftbliguedelorraine.fr\/wp-content\/uploads\/2025\/10\/20251008_ENSEIGNANTS_Role-et-Obligations.pdf\">20251008_ENSEIGNANTS_R\u00f4le et Obligations<\/a><\/span><\/div>\n\n\n\n<hr class=\"wp-block-separator has-alpha-channel-opacity\"\/>\n\n\n\n<p><a href=\"http:\/\/www.fftbliguedelorraine.fr\/wp-content\/uploads\/2025\/09\/2025-2026-Nouveautes-extranet.pdf\">&nbsp;2025 2026 Nouveaut\u00e9s extranet<\/a><\/p>\n\n\n\n<div data-olk-copy-source=\"MessageBody\"><hr \/><\/div>\n\n\n\n<div class=\"x_elementToProof\" data-olk-copy-source=\"MessageBody\">\n<div class=\"x_elementToProof\"><span data-olk-copy-source=\"MessageBody\">L&rsquo;extranet fera la bascule sur la saison 2025-2026&nbsp;<\/span><b>\u00e0 partir du lundi 1er septembre 2025<\/b><b>,<\/b> date \u00e0 laquelle vous pourrez saisir votre renouvellement d&rsquo;affiliation.<\/div>\n<div><span style=\"background-color: #00ffff;\">L&rsquo;extranet pour saisir votre affiliation et vos prises de licences est ouvert \u00e0 l&rsquo;adresse suivante : <a id=\"LPlnkOWAbcddbe6e-66fe-e625-23d1-3a4a138a726f\" class=\"x_OWAAutoLink\" style=\"background-color: #00ffff;\" title=\"http:\/\/dirigeants.ffstb.fr\/\" href=\"http:\/\/dirigeants.ffstb.fr\/\" data-linkindex=\"0\" data-auth=\"NotApplicable\">http:\/\/dirigeants.ffstb.fr\/<\/a><\/span><\/div>\n<div><hr \/><\/div>\n<\/div>\n\n\n\n<p class=\"has-text-align-center\"><span style=\"background-color: #ffff99; color: #000000;\"><strong>La lettre tir\u00e9e au sort lors du Congr\u00e8s et pour les Comp\u00e9titions 2025-2026 est le&nbsp;<\/strong><\/span><\/p>\n\n\n<div class=\"wp-block-image\">\n<figure class=\"aligncenter\"><img loading=\"lazy\" decoding=\"async\" width=\"134\" height=\"150\" src=\"http:\/\/www.fftbliguedelorraine.fr\/wp-content\/uploads\/2025\/03\/N-134x150.gif\" alt=\"\" class=\"wp-image-11074\"\/><\/figure>\n<\/div>\n\n\n<hr class=\"wp-block-separator has-alpha-channel-opacity\"\/>\n\n\n\n<div dir=\"auto\">-Nouvel onglet&nbsp; <span style=\"color: #ff0000;\"><strong>\u00ab\u00a0CENTRE TECHNIQUE REGIONAL DU GRAND EST\u00a0\u00bb&nbsp;<\/strong><\/span><\/div>\n\n\n\n<div dir=\"auto\">\n<div class=\"x_elementToProof\" data-olk-copy-source=\"MessageBody\"><strong><span style=\"color: #0000ff;\">-Les bar\u00e8mes et la m\u00e9thodologie de jugement freestyle pour la saison 2025-2026 ont \u00e9t\u00e9 post\u00e9s sur le site f\u00e9d\u00e9ral.&nbsp;<\/span><\/strong><\/div>\n<div class=\"x_elementToProof\"><span style=\"color: #0000ff;\"><strong>Ils sont t\u00e9l\u00e9chargeables en cliquant sur le lien suivant<\/strong><\/span> :<a href=\"https:\/\/fftwirl.fr\/baremes-et-methodologie-2\/\">https:\/\/fftwirl.fr\/baremes-et-methodologie-2\/<\/a><\/div>\n<\/div>\n\n\n\n<div>\n<div dir=\"auto\">-Nouvelle page <span style=\"color: #0000ff;\"><strong>\u00ab\u00a0INFORMATIONS COMPETITIONS 2025-2026\u00a0\u00bb<\/strong><\/span> dans<span style=\"color: #0000ff;\"><strong> Onglet Comp\u00e9titons&nbsp;<\/strong><\/span><\/div>\n<div dir=\"auto\">Informations importantes concernant les photos d&rsquo;identit\u00e9 pour les licences<\/div>\n<div dir=\"auto\">&nbsp;<\/div>\n<div dir=\"auto\"><strong>-Calendrier comp\u00e9tition 2026 =&gt; <a href=\"http:\/\/www.fftbliguedelorraine.fr\/wp-content\/uploads\/2025\/09\/Calendrier-des-competitions-2026.pdf\">Calendrier des comp\u00e9titions 2026<\/a><\/strong><\/div>\n<div dir=\"auto\">&nbsp;<\/div>\n<\/div>\n\n\n\n<div dir=\"auto\"><strong>-Calendrier Comp\u00e9tition 2026 -Lorraine-Alsace-Champagne Ardenne<\/strong><\/div>\n\n\n\n<div dir=\"auto\">&#x2663;<a href=\"http:\/\/www.fftbliguedelorraine.fr\/wp-content\/uploads\/2025\/10\/Calendrier-2026-Lorraine.docx\">Calendrier 2026 Lorraine<\/a><\/div>\n\n\n\n<div dir=\"auto\">&#x2663; <a href=\"http:\/\/www.fftbliguedelorraine.fr\/wp-content\/uploads\/2025\/10\/Calendrier-Competition-2026-alsace.docx\">Calendrier Comp\u00e9tition 2026 alsace<\/a><\/div>\n\n\n\n<div dir=\"auto\">&#x2663;<a href=\"http:\/\/www.fftbliguedelorraine.fr\/wp-content\/uploads\/2025\/10\/Calendrier-Competition-2026-champagne-ardennes.docx\">Calendrier Comp\u00e9tition 2026 champagne ardennes<\/a><\/div>\n\n\n\n<div dir=\"auto\"><strong style=\"color: initial;\">-Dans onglet Documents Administratifs =&gt;<\/strong> <strong style=\"color: initial;\">R\u00e8glement Sportif Pratique Artistique&nbsp;<\/strong><\/div>\n\n\n\n<p class=\"has-text-align-center\">***********************************<\/p>\n\n\n\n<p class=\"has-text-align-center\"><span style=\"color: #008000;\"><strong>&nbsp;Dans ACTUALITES<\/strong><\/span><span style=\"font-size: 0.95em; line-height: 1.6em;\"> =&gt; <\/span><span style=\"color: #800080;\"><strong>\u00ab\u00a0<\/strong><em><strong>le Twirling dans la presse\u00a0\u00bb&nbsp;<\/strong><\/em><\/span><\/p>\n\n\n\n<div dir=\"ltr\" style=\"text-align: center;\">\n<div dir=\"ltr\">\n<div style=\"text-align: center;\">\n<p>*********************************<\/p>\n<p><span style=\"color: #0000ff;\"><em><strong>A voir aussi<\/strong><\/em>\u00a0<\/span><\/p>\n<\/div>\n<\/div>\n<\/div>\n\n\n<div class=\"wp-block-image\">\n<figure class=\"aligncenter\"><img loading=\"lazy\" decoding=\"async\" width=\"70\" height=\"52\" src=\"http:\/\/www.fftbliguedelorraine.fr\/wp-content\/uploads\/2013\/08\/marjorie-b.jpg\" alt=\"marjorie b\" class=\"wp-image-2181\"\/><\/figure>\n<\/div>\n\n\n<p class=\"has-text-align-center\"><strong>-Dans onglet DOCUMENTS ADMINISTRATIFS=&gt;<\/strong>&nbsp;<strong>t\u00e9l\u00e9chargement du droit \u00e0 l&rsquo;image<\/strong><br \/><span style=\"font-family: 'Comic Sans MS'; font-size: xx-small;\">&nbsp; &nbsp;&nbsp;<\/span><a href=\"https:\/\/fr-fr.facebook.com\/FotografikMarjorieBondarewicz\"><em><span style=\"color: #0000ff;\"><strong>https:\/\/fr-fr.facebook.com\/FotografikMarjorieBondarewicz<\/strong><\/span><\/em><\/a><\/p>\n\n\n\n<p class=\"has-text-align-center\">****************************<\/p>\n\n\n\n<figure class=\"wp-block-gallery has-nested-images columns-3 is-cropped wp-block-gallery-1 is-layout-flex wp-block-gallery-is-layout-flex\">\n<figure class=\"wp-block-image size-large\"><img loading=\"lazy\" decoding=\"async\" width=\"389\" height=\"260\" data-id=\"221\" src=\"https:\/\/www.fftbliguedelorraine.fr\/wp-content\/uploads\/2013\/08\/tk1a5b5k.jpg\" alt=\"\" class=\"wp-image-221\" srcset=\"https:\/\/www.fftbliguedelorraine.fr\/wp-content\/uploads\/2013\/08\/tk1a5b5k.jpg 389w, https:\/\/www.fftbliguedelorraine.fr\/wp-content\/uploads\/2013\/08\/tk1a5b5k-300x200.jpg 300w\" sizes=\"auto, (max-width: 389px) 100vw, 389px\" \/><\/figure>\n\n\n\n<figure class=\"wp-block-image size-large\"><img loading=\"lazy\" decoding=\"async\" width=\"800\" height=\"541\" data-id=\"216\" src=\"https:\/\/www.fftbliguedelorraine.fr\/wp-content\/uploads\/2013\/08\/h-4-1655343-1250089754.jpg\" alt=\"\" class=\"wp-image-216\" srcset=\"https:\/\/www.fftbliguedelorraine.fr\/wp-content\/uploads\/2013\/08\/h-4-1655343-1250089754.jpg 800w, https:\/\/www.fftbliguedelorraine.fr\/wp-content\/uploads\/2013\/08\/h-4-1655343-1250089754-300x202.jpg 300w\" sizes=\"auto, (max-width: 800px) 100vw, 800px\" \/><\/figure>\n\n\n\n<figure class=\"wp-block-image size-large\"><img loading=\"lazy\" decoding=\"async\" width=\"700\" height=\"424\" data-id=\"219\" src=\"https:\/\/www.fftbliguedelorraine.fr\/wp-content\/uploads\/2013\/08\/pont-a-mousson-abbaye-premontres.jpg\" alt=\"\" class=\"wp-image-219\" srcset=\"https:\/\/www.fftbliguedelorraine.fr\/wp-content\/uploads\/2013\/08\/pont-a-mousson-abbaye-premontres.jpg 700w, https:\/\/www.fftbliguedelorraine.fr\/wp-content\/uploads\/2013\/08\/pont-a-mousson-abbaye-premontres-300x181.jpg 300w\" sizes=\"auto, (max-width: 700px) 100vw, 700px\" \/><\/figure>\n\n\n\n<figure class=\"wp-block-image size-large\"><img loading=\"lazy\" decoding=\"async\" width=\"605\" height=\"400\" data-id=\"214\" src=\"https:\/\/www.fftbliguedelorraine.fr\/wp-content\/uploads\/2013\/08\/611367_centre-pompidou-metz.jpg\" alt=\"\" class=\"wp-image-214\" srcset=\"https:\/\/www.fftbliguedelorraine.fr\/wp-content\/uploads\/2013\/08\/611367_centre-pompidou-metz.jpg 605w, https:\/\/www.fftbliguedelorraine.fr\/wp-content\/uploads\/2013\/08\/611367_centre-pompidou-metz-300x198.jpg 300w\" sizes=\"auto, (max-width: 605px) 100vw, 605px\" \/><\/figure>\n\n\n\n<figure class=\"wp-block-image size-large\"><img loading=\"lazy\" decoding=\"async\" width=\"600\" height=\"412\" data-id=\"220\" src=\"https:\/\/www.fftbliguedelorraine.fr\/wp-content\/uploads\/2013\/08\/Porte-des-Allemands.jpg\" alt=\"\" class=\"wp-image-220\" srcset=\"https:\/\/www.fftbliguedelorraine.fr\/wp-content\/uploads\/2013\/08\/Porte-des-Allemands.jpg 600w, https:\/\/www.fftbliguedelorraine.fr\/wp-content\/uploads\/2013\/08\/Porte-des-Allemands-300x206.jpg 300w\" sizes=\"auto, (max-width: 600px) 100vw, 600px\" \/><\/figure>\n\n\n\n<figure class=\"wp-block-image size-large\"><img loading=\"lazy\" decoding=\"async\" width=\"468\" height=\"345\" data-id=\"218\" src=\"https:\/\/www.fftbliguedelorraine.fr\/wp-content\/uploads\/2013\/08\/madeleines_commercy.jpg\" alt=\"\" class=\"wp-image-218\" srcset=\"https:\/\/www.fftbliguedelorraine.fr\/wp-content\/uploads\/2013\/08\/madeleines_commercy.jpg 468w, https:\/\/www.fftbliguedelorraine.fr\/wp-content\/uploads\/2013\/08\/madeleines_commercy-300x221.jpg 300w\" sizes=\"auto, (max-width: 468px) 100vw, 468px\" \/><\/figure>\n\n\n\n<figure class=\"wp-block-image size-large\"><img loading=\"lazy\" decoding=\"async\" width=\"650\" height=\"441\" data-id=\"215\" src=\"https:\/\/www.fftbliguedelorraine.fr\/wp-content\/uploads\/2013\/08\/chateau-commercy.jpg\" alt=\"\" class=\"wp-image-215\" srcset=\"https:\/\/www.fftbliguedelorraine.fr\/wp-content\/uploads\/2013\/08\/chateau-commercy.jpg 650w, https:\/\/www.fftbliguedelorraine.fr\/wp-content\/uploads\/2013\/08\/chateau-commercy-300x203.jpg 300w\" sizes=\"auto, (max-width: 650px) 100vw, 650px\" \/><\/figure>\n\n\n\n<figure class=\"wp-block-image size-large\"><img loading=\"lazy\" decoding=\"async\" width=\"550\" height=\"412\" data-id=\"222\" src=\"https:\/\/www.fftbliguedelorraine.fr\/wp-content\/uploads\/2013\/08\/tour-de-la-liberte-a.jpg\" alt=\"\" class=\"wp-image-222\" srcset=\"https:\/\/www.fftbliguedelorraine.fr\/wp-content\/uploads\/2013\/08\/tour-de-la-liberte-a.jpg 550w, https:\/\/www.fftbliguedelorraine.fr\/wp-content\/uploads\/2013\/08\/tour-de-la-liberte-a-300x224.jpg 300w\" sizes=\"auto, (max-width: 550px) 100vw, 550px\" \/><\/figure>\n\n\n\n<figure class=\"wp-block-image size-large\"><img loading=\"lazy\" decoding=\"async\" width=\"933\" height=\"586\" data-id=\"217\" src=\"https:\/\/www.fftbliguedelorraine.fr\/wp-content\/uploads\/2013\/08\/lac-vosges_137105173730260600.jpg\" alt=\"\" class=\"wp-image-217\" srcset=\"https:\/\/www.fftbliguedelorraine.fr\/wp-content\/uploads\/2013\/08\/lac-vosges_137105173730260600.jpg 933w, https:\/\/www.fftbliguedelorraine.fr\/wp-content\/uploads\/2013\/08\/lac-vosges_137105173730260600-300x188.jpg 300w\" sizes=\"auto, (max-width: 933px) 100vw, 933px\" \/><\/figure>\n<\/figure>\n\n\n<div class=\"wp-block-image\">\n<figure class=\"aligncenter\"><img loading=\"lazy\" decoding=\"async\" width=\"240\" height=\"300\" src=\"http:\/\/www.fftbliguedelorraine.fr\/wp-content\/uploads\/2023\/04\/LOGO-CLUBS-FFSTB-2023-240x300.png\" alt=\"\" class=\"wp-image-9198\" srcset=\"https:\/\/www.fftbliguedelorraine.fr\/wp-content\/uploads\/2023\/04\/LOGO-CLUBS-FFSTB-2023-240x300.png 240w, https:\/\/www.fftbliguedelorraine.fr\/wp-content\/uploads\/2023\/04\/LOGO-CLUBS-FFSTB-2023-819x1024.png 819w, https:\/\/www.fftbliguedelorraine.fr\/wp-content\/uploads\/2023\/04\/LOGO-CLUBS-FFSTB-2023-768x960.png 768w, https:\/\/www.fftbliguedelorraine.fr\/wp-content\/uploads\/2023\/04\/LOGO-CLUBS-FFSTB-2023-1229x1536.png 1229w, https:\/\/www.fftbliguedelorraine.fr\/wp-content\/uploads\/2023\/04\/LOGO-CLUBS-FFSTB-2023-1638x2048.png 1638w\" sizes=\"auto, (max-width: 240px) 100vw, 240px\" \/><\/figure>\n<\/div>","protected":false},"excerpt":{"rendered":"<p>Bienvenue sur le site des Clubs des d\u00e9partements de la Meurthe et Moselle , Moselle, Meuse et&nbsp; Vosges de Twirling B\u00e2ton, nous d\u00e9pendons de la FFSTB F\u00e9d\u00e9ration Fran\u00e7aise Sportive de Twirling B\u00e2ton qui compte 25 000 licenci\u00e9s&nbsp;&nbsp; Monsieur Didier PASCAL Pr\u00e9sident de la F\u00e9d\u00e9ration Fran\u00e7aise Sportive de Twirling B\u00e2ton depuis le 7 d\u00e9cembre 2024. Pour<\/p>\n","protected":false},"author":1,"featured_media":0,"parent":0,"menu_order":0,"comment_status":"closed","ping_status":"closed","template":"","meta":{"footnotes":""},"class_list":["post-106","page","type-page","status-publish","hentry"],"_links":{"self":[{"href":"https:\/\/www.fftbliguedelorraine.fr\/index.php?rest_route=\/wp\/v2\/pages\/106","targetHints":{"allow":["GET"]}}],"collection":[{"href":"https:\/\/www.fftbliguedelorraine.fr\/index.php?rest_route=\/wp\/v2\/pages"}],"about":[{"href":"https:\/\/www.fftbliguedelorraine.fr\/index.php?rest_route=\/wp\/v2\/types\/page"}],"author":[{"embeddable":true,"href":"https:\/\/www.fftbliguedelorraine.fr\/index.php?rest_route=\/wp\/v2\/users\/1"}],"replies":[{"embeddable":true,"href":"https:\/\/www.fftbliguedelorraine.fr\/index.php?rest_route=%2Fwp%2Fv2%2Fcomments&post=106"}],"version-history":[{"count":2030,"href":"https:\/\/www.fftbliguedelorraine.fr\/index.php?rest_route=\/wp\/v2\/pages\/106\/revisions"}],"predecessor-version":[{"id":11716,"href":"https:\/\/www.fftbliguedelorraine.fr\/index.php?rest_route=\/wp\/v2\/pages\/106\/revisions\/11716"}],"wp:attachment":[{"href":"https:\/\/www.fftbliguedelorraine.fr\/index.php?rest_route=%2Fwp%2Fv2%2Fmedia&parent=106"}],"curies":[{"name":"wp","href":"https:\/\/api.w.org\/{rel}","templated":true}]}}