{"id":10483,"date":"2024-08-06T05:51:23","date_gmt":"2024-08-06T04:51:23","guid":{"rendered":"https:\/\/www.fftbliguedelorraine.fr\/?page_id=10483"},"modified":"2025-02-24T17:50:24","modified_gmt":"2025-02-24T16:50:24","slug":"competions-internationales","status":"publish","type":"page","link":"https:\/\/www.fftbliguedelorraine.fr\/?page_id=10483","title":{"rendered":"COMPETIONS INTERNATIONALES"},"content":{"rendered":"\n<div class=\"x_elementToProof\">\n<div>\u00a0<\/div>\n<div>\u00a0<\/div>\n<div>\u00a0<\/div>\n<div class=\"x_elementToProof\"><b><i>ANNULE ET REMPLACE<\/i><\/b><\/div>\n<div class=\"x_elementToProof\"><i>\u00a0<\/i><\/div>\n<div class=\"x_elementToProof\"><i>A l&rsquo;attention des Pr\u00e9sidents de\u00a0Clubs,<\/i><\/div>\n<div><i>Pour information aux Pr\u00e9sidents de Ligue, de Comit\u00e9 D\u00e9partemental, de Comit\u00e9 Interd\u00e9partemental,<\/i><\/div>\n<div><i>Pour information\u00a0aux membres du Comit\u00e9 Directeur F\u00e9d\u00e9ral,<\/i><\/div>\n<div><i>\u00a0<\/i><\/div>\n<div>Mesdames, Messieurs,<\/div>\n<div>Le rassemblement des pratiques au niveau international au sein de l\u2019IBTF (International B\u00e2ton Twirling F\u00e9d\u00e9ration) a pour cons\u00e9quence une nouvelle organisation des comp\u00e9titions \u00e0 l\u2019international avec deux types de comp\u00e9titions.<\/div>\n<div>\n<ul data-editing-info=\"{&quot;orderedStyleType&quot;:1,&quot;unorderedStyleType&quot;:2}\">\n<li>\n<div>Pour les disciplines techniques<\/div>\n<\/li>\n<li>\n<div>Pour les disciplines artistiques.<\/div>\n<\/li>\n<\/ul>\n<\/div>\n<div>Vous trouverez ci-jointe une pr\u00e9sentation exhaustive de ces comp\u00e9titions.<\/div>\n<div>Par ailleurs et pour que nos meilleurs athl\u00e8tes puissent repr\u00e9senter la France lors de ces \u00e9v\u00e8nements sportifs internationaux et pour poursuivre le rassemblement, la s\u00e9lection pour la plupart des disciplines sera d\u00e9sormais r\u00e9alis\u00e9e lors d\u2019un \u00e9v\u00e8nement unique \u2013 Le B\u00e2ton d\u2019Or &#8211; le 18 et 19 janvier 2025 \u00e0 Boulogne sur Mer.<\/div>\n<div>\u00a0Vous trouverez ci-jointe une pr\u00e9sentation du mode de s\u00e9lection\u00a0<\/div>\n<div>\n<ul data-editing-info=\"{&quot;orderedStyleType&quot;:1,&quot;unorderedStyleType&quot;:2}\">\n<li>\n<div>Par Niveau\u00a0: B \u2013 A \u2013 Elite<\/div>\n<\/li>\n<li>\n<div>Par discipline<\/div>\n<\/li>\n<li>\n<div>Par \u00e2ge \/ division.<\/div>\n<\/li>\n<\/ul>\n<\/div>\n<div class=\"x_elementToProof\">Je vous invite \u00e0 prendre connaissance de ces deux pr\u00e9sentations et nous restons \u00e0 votre disposition pour de plus amples renseignements.<\/div>\n<div>\u00a0<\/div>\n<div><a href=\"http:\/\/www.fftbliguedelorraine.fr\/wp-content\/uploads\/2024\/09\/Disciplines-internationales-2025-1.pdf\">Disciplines internationales 2025 (1)<\/a><\/div>\n<div><a href=\"http:\/\/www.fftbliguedelorraine.fr\/wp-content\/uploads\/2024\/09\/IBTF-2025-Mondial-Selections-detaillees-1.pdf\">IBTF 2025 &#8211; Mondial -S\u00e9lections d\u00e9taill\u00e9es (1)<\/a><\/div>\n<\/div>\n","protected":false},"excerpt":{"rendered":"<p>\u00a0 \u00a0 \u00a0 ANNULE ET REMPLACE \u00a0 A l&rsquo;attention des Pr\u00e9sidents de\u00a0Clubs, Pour information aux Pr\u00e9sidents de Ligue, de Comit\u00e9 D\u00e9partemental, de Comit\u00e9 Interd\u00e9partemental, Pour information\u00a0aux membres du Comit\u00e9 Directeur F\u00e9d\u00e9ral, \u00a0 Mesdames, Messieurs, Le rassemblement des pratiques au niveau international au sein de l\u2019IBTF (International B\u00e2ton Twirling F\u00e9d\u00e9ration) a pour cons\u00e9quence une nouvelle organisation<\/p>\n","protected":false},"author":1,"featured_media":0,"parent":0,"menu_order":0,"comment_status":"closed","ping_status":"closed","template":"","meta":{"footnotes":""},"class_list":["post-10483","page","type-page","status-publish","hentry"],"_links":{"self":[{"href":"https:\/\/www.fftbliguedelorraine.fr\/index.php?rest_route=\/wp\/v2\/pages\/10483","targetHints":{"allow":["GET"]}}],"collection":[{"href":"https:\/\/www.fftbliguedelorraine.fr\/index.php?rest_route=\/wp\/v2\/pages"}],"about":[{"href":"https:\/\/www.fftbliguedelorraine.fr\/index.php?rest_route=\/wp\/v2\/types\/page"}],"author":[{"embeddable":true,"href":"https:\/\/www.fftbliguedelorraine.fr\/index.php?rest_route=\/wp\/v2\/users\/1"}],"replies":[{"embeddable":true,"href":"https:\/\/www.fftbliguedelorraine.fr\/index.php?rest_route=%2Fwp%2Fv2%2Fcomments&post=10483"}],"version-history":[{"count":5,"href":"https:\/\/www.fftbliguedelorraine.fr\/index.php?rest_route=\/wp\/v2\/pages\/10483\/revisions"}],"predecessor-version":[{"id":10891,"href":"https:\/\/www.fftbliguedelorraine.fr\/index.php?rest_route=\/wp\/v2\/pages\/10483\/revisions\/10891"}],"wp:attachment":[{"href":"https:\/\/www.fftbliguedelorraine.fr\/index.php?rest_route=%2Fwp%2Fv2%2Fmedia&parent=10483"}],"curies":[{"name":"wp","href":"https:\/\/api.w.org\/{rel}","templated":true}]}}