{"id":9927,"date":"2024-02-10T10:18:14","date_gmt":"2024-02-10T09:18:14","guid":{"rendered":"http:\/\/www.fftbliguedelorraine.fr\/?page_id=9927"},"modified":"2024-08-13T05:55:22","modified_gmt":"2024-08-13T04:55:22","slug":"saison-2024","status":"publish","type":"page","link":"http:\/\/www.fftbliguedelorraine.fr\/?page_id=9927","title":{"rendered":"Saison 2024"},"content":{"rendered":"\n<p>Jeux Olympiques b\u00e9n\u00e9voles Marjorie Levan et M\u00e9lanie Wullens du Club de Villers les Nancy\u00a0<\/p>\n<p><img loading=\"lazy\" decoding=\"async\" class=\"alignleft size-medium wp-image-10463\" src=\"http:\/\/www.fftbliguedelorraine.fr\/wp-content\/uploads\/2024\/07\/1-1-300x279.jpg\" alt=\"\" width=\"300\" height=\"279\" srcset=\"http:\/\/www.fftbliguedelorraine.fr\/wp-content\/uploads\/2024\/07\/1-1-300x279.jpg 300w, http:\/\/www.fftbliguedelorraine.fr\/wp-content\/uploads\/2024\/07\/1-1-1024x953.jpg 1024w, http:\/\/www.fftbliguedelorraine.fr\/wp-content\/uploads\/2024\/07\/1-1-768x715.jpg 768w, http:\/\/www.fftbliguedelorraine.fr\/wp-content\/uploads\/2024\/07\/1-1.jpg 1063w\" sizes=\"auto, (max-width: 300px) 100vw, 300px\" \/> <img loading=\"lazy\" decoding=\"async\" class=\"alignleft size-medium wp-image-10464\" src=\"http:\/\/www.fftbliguedelorraine.fr\/wp-content\/uploads\/2024\/07\/2-300x146.jpg\" alt=\"\" width=\"300\" height=\"146\" srcset=\"http:\/\/www.fftbliguedelorraine.fr\/wp-content\/uploads\/2024\/07\/2-300x146.jpg 300w, http:\/\/www.fftbliguedelorraine.fr\/wp-content\/uploads\/2024\/07\/2-1024x499.jpg 1024w, http:\/\/www.fftbliguedelorraine.fr\/wp-content\/uploads\/2024\/07\/2-768x374.jpg 768w, http:\/\/www.fftbliguedelorraine.fr\/wp-content\/uploads\/2024\/07\/2-1536x749.jpg 1536w, http:\/\/www.fftbliguedelorraine.fr\/wp-content\/uploads\/2024\/07\/2.jpg 1920w\" sizes=\"auto, (max-width: 300px) 100vw, 300px\" \/> <img loading=\"lazy\" decoding=\"async\" class=\"alignleft size-medium wp-image-10465\" src=\"http:\/\/www.fftbliguedelorraine.fr\/wp-content\/uploads\/2024\/07\/3-300x168.jpg\" alt=\"\" width=\"300\" height=\"168\" srcset=\"http:\/\/www.fftbliguedelorraine.fr\/wp-content\/uploads\/2024\/07\/3-300x168.jpg 300w, http:\/\/www.fftbliguedelorraine.fr\/wp-content\/uploads\/2024\/07\/3-1024x572.jpg 1024w, http:\/\/www.fftbliguedelorraine.fr\/wp-content\/uploads\/2024\/07\/3-768x429.jpg 768w, http:\/\/www.fftbliguedelorraine.fr\/wp-content\/uploads\/2024\/07\/3-1536x859.jpg 1536w, http:\/\/www.fftbliguedelorraine.fr\/wp-content\/uploads\/2024\/07\/3.jpg 1769w\" sizes=\"auto, (max-width: 300px) 100vw, 300px\" \/> <img loading=\"lazy\" decoding=\"async\" class=\"alignleft size-medium wp-image-10466\" src=\"http:\/\/www.fftbliguedelorraine.fr\/wp-content\/uploads\/2024\/07\/4-2-300x183.jpg\" alt=\"\" width=\"300\" height=\"183\" srcset=\"http:\/\/www.fftbliguedelorraine.fr\/wp-content\/uploads\/2024\/07\/4-2-300x183.jpg 300w, http:\/\/www.fftbliguedelorraine.fr\/wp-content\/uploads\/2024\/07\/4-2-1024x623.jpg 1024w, http:\/\/www.fftbliguedelorraine.fr\/wp-content\/uploads\/2024\/07\/4-2-768x467.jpg 768w, http:\/\/www.fftbliguedelorraine.fr\/wp-content\/uploads\/2024\/07\/4-2-1536x935.jpg 1536w, http:\/\/www.fftbliguedelorraine.fr\/wp-content\/uploads\/2024\/07\/4-2.jpg 1625w\" sizes=\"auto, (max-width: 300px) 100vw, 300px\" \/> <img loading=\"lazy\" decoding=\"async\" class=\"alignleft size-medium wp-image-10467\" src=\"http:\/\/www.fftbliguedelorraine.fr\/wp-content\/uploads\/2024\/07\/4-1-300x170.jpg\" alt=\"\" width=\"300\" height=\"170\" srcset=\"http:\/\/www.fftbliguedelorraine.fr\/wp-content\/uploads\/2024\/07\/4-1-300x170.jpg 300w, http:\/\/www.fftbliguedelorraine.fr\/wp-content\/uploads\/2024\/07\/4-1-1024x581.jpg 1024w, http:\/\/www.fftbliguedelorraine.fr\/wp-content\/uploads\/2024\/07\/4-1-768x436.jpg 768w, http:\/\/www.fftbliguedelorraine.fr\/wp-content\/uploads\/2024\/07\/4-1-1536x871.jpg 1536w, http:\/\/www.fftbliguedelorraine.fr\/wp-content\/uploads\/2024\/07\/4-1.jpg 1744w\" sizes=\"auto, (max-width: 300px) 100vw, 300px\" \/> <img loading=\"lazy\" decoding=\"async\" class=\"alignleft size-medium wp-image-10468\" src=\"http:\/\/www.fftbliguedelorraine.fr\/wp-content\/uploads\/2024\/07\/5-1-300x140.jpg\" alt=\"\" width=\"300\" height=\"140\" srcset=\"http:\/\/www.fftbliguedelorraine.fr\/wp-content\/uploads\/2024\/07\/5-1-300x140.jpg 300w, http:\/\/www.fftbliguedelorraine.fr\/wp-content\/uploads\/2024\/07\/5-1-1024x476.jpg 1024w, http:\/\/www.fftbliguedelorraine.fr\/wp-content\/uploads\/2024\/07\/5-1-768x357.jpg 768w, http:\/\/www.fftbliguedelorraine.fr\/wp-content\/uploads\/2024\/07\/5-1-1536x714.jpg 1536w, http:\/\/www.fftbliguedelorraine.fr\/wp-content\/uploads\/2024\/07\/5-1.jpg 1920w\" sizes=\"auto, (max-width: 300px) 100vw, 300px\" \/> <img loading=\"lazy\" decoding=\"async\" class=\"alignleft size-medium wp-image-10469\" src=\"http:\/\/www.fftbliguedelorraine.fr\/wp-content\/uploads\/2024\/07\/6-1-300x180.jpg\" alt=\"\" width=\"300\" height=\"180\" srcset=\"http:\/\/www.fftbliguedelorraine.fr\/wp-content\/uploads\/2024\/07\/6-1-300x180.jpg 300w, http:\/\/www.fftbliguedelorraine.fr\/wp-content\/uploads\/2024\/07\/6-1-1024x616.jpg 1024w, http:\/\/www.fftbliguedelorraine.fr\/wp-content\/uploads\/2024\/07\/6-1-768x462.jpg 768w, http:\/\/www.fftbliguedelorraine.fr\/wp-content\/uploads\/2024\/07\/6-1-1536x924.jpg 1536w, http:\/\/www.fftbliguedelorraine.fr\/wp-content\/uploads\/2024\/07\/6-1.jpg 1644w\" sizes=\"auto, (max-width: 300px) 100vw, 300px\" \/> <img loading=\"lazy\" decoding=\"async\" class=\"alignleft size-medium wp-image-10470\" src=\"http:\/\/www.fftbliguedelorraine.fr\/wp-content\/uploads\/2024\/07\/7-218x300.jpg\" alt=\"\" width=\"218\" height=\"300\" srcset=\"http:\/\/www.fftbliguedelorraine.fr\/wp-content\/uploads\/2024\/07\/7-218x300.jpg 218w, http:\/\/www.fftbliguedelorraine.fr\/wp-content\/uploads\/2024\/07\/7.jpg 720w\" sizes=\"auto, (max-width: 218px) 100vw, 218px\" \/> <img loading=\"lazy\" decoding=\"async\" class=\"alignleft size-medium wp-image-10471\" src=\"http:\/\/www.fftbliguedelorraine.fr\/wp-content\/uploads\/2024\/07\/452891404_1007273684740534_2762774365759213325_n-1-300x204.jpg\" alt=\"\" width=\"300\" height=\"204\" srcset=\"http:\/\/www.fftbliguedelorraine.fr\/wp-content\/uploads\/2024\/07\/452891404_1007273684740534_2762774365759213325_n-1-300x204.jpg 300w, http:\/\/www.fftbliguedelorraine.fr\/wp-content\/uploads\/2024\/07\/452891404_1007273684740534_2762774365759213325_n-1-768x522.jpg 768w, http:\/\/www.fftbliguedelorraine.fr\/wp-content\/uploads\/2024\/07\/452891404_1007273684740534_2762774365759213325_n-1.jpg 960w\" sizes=\"auto, (max-width: 300px) 100vw, 300px\" \/> <img loading=\"lazy\" decoding=\"async\" class=\"alignleft size-medium wp-image-10472\" src=\"http:\/\/www.fftbliguedelorraine.fr\/wp-content\/uploads\/2024\/07\/452955963_1007273654740537_5611807797393948653_n-1-300x192.jpg\" alt=\"\" width=\"300\" height=\"192\" srcset=\"http:\/\/www.fftbliguedelorraine.fr\/wp-content\/uploads\/2024\/07\/452955963_1007273654740537_5611807797393948653_n-1-300x192.jpg 300w, http:\/\/www.fftbliguedelorraine.fr\/wp-content\/uploads\/2024\/07\/452955963_1007273654740537_5611807797393948653_n-1-768x492.jpg 768w, http:\/\/www.fftbliguedelorraine.fr\/wp-content\/uploads\/2024\/07\/452955963_1007273654740537_5611807797393948653_n-1.jpg 830w\" sizes=\"auto, (max-width: 300px) 100vw, 300px\" \/><\/p>\n<p>\u00a0<\/p>\n<p>\u00a0<\/p>\n\n\n\n\n\n\n","protected":false},"excerpt":{"rendered":"<p>Jeux Olympiques b\u00e9n\u00e9voles Marjorie Levan et M\u00e9lanie Wullens du Club de Villers les Nancy\u00a0 \u00a0 \u00a0<\/p>\n","protected":false},"author":1,"featured_media":0,"parent":0,"menu_order":0,"comment_status":"closed","ping_status":"closed","template":"","meta":{"footnotes":""},"class_list":["post-9927","page","type-page","status-publish","hentry"],"_links":{"self":[{"href":"http:\/\/www.fftbliguedelorraine.fr\/index.php?rest_route=\/wp\/v2\/pages\/9927","targetHints":{"allow":["GET"]}}],"collection":[{"href":"http:\/\/www.fftbliguedelorraine.fr\/index.php?rest_route=\/wp\/v2\/pages"}],"about":[{"href":"http:\/\/www.fftbliguedelorraine.fr\/index.php?rest_route=\/wp\/v2\/types\/page"}],"author":[{"embeddable":true,"href":"http:\/\/www.fftbliguedelorraine.fr\/index.php?rest_route=\/wp\/v2\/users\/1"}],"replies":[{"embeddable":true,"href":"http:\/\/www.fftbliguedelorraine.fr\/index.php?rest_route=%2Fwp%2Fv2%2Fcomments&post=9927"}],"version-history":[{"count":4,"href":"http:\/\/www.fftbliguedelorraine.fr\/index.php?rest_route=\/wp\/v2\/pages\/9927\/revisions"}],"predecessor-version":[{"id":10493,"href":"http:\/\/www.fftbliguedelorraine.fr\/index.php?rest_route=\/wp\/v2\/pages\/9927\/revisions\/10493"}],"wp:attachment":[{"href":"http:\/\/www.fftbliguedelorraine.fr\/index.php?rest_route=%2Fwp%2Fv2%2Fmedia&parent=9927"}],"curies":[{"name":"wp","href":"https:\/\/api.w.org\/{rel}","templated":true}]}}