{"id":9641,"date":"2023-10-28T06:41:13","date_gmt":"2023-10-28T05:41:13","guid":{"rendered":"http:\/\/www.fftbliguedelorraine.fr\/?page_id=9641"},"modified":"2025-10-09T17:27:36","modified_gmt":"2025-10-09T16:27:36","slug":"calendrier-2024-champagne-ardennes-08-10-51-52","status":"publish","type":"page","link":"http:\/\/www.fftbliguedelorraine.fr\/?page_id=9641","title":{"rendered":"Calendrier 2026 Champagne Ardennes (08-10-51-52)"},"content":{"rendered":"\n\n\n\n\n<p style=\"text-align: center;\"><span style=\"background-color: #ffcc99;\"><strong>Calendrier Comp\u00e9tition 2026<\/strong><\/span><\/p>\n<p style=\"text-align: center;\"><br \/><strong><span style=\"background-color: #ffff99;\">Grand Est Champagne Ardennes<\/span><\/strong><\/p>\n<p style=\"text-align: center;\"><br \/><span style=\"background-color: #ccffff;\"><strong>Championnats D\u00e9partementaux<\/strong><\/span><br \/>14 et 15 F\u00e9vrier 2026 D\u00e9partements 08-10-51-52 toutes les fili\u00e8res<\/p>\n<p style=\"text-align: center;\"><br \/><span style=\"background-color: #ccffff;\"><strong>Championnats S\u00e9lectifs Grand Est Champagne Ardennes<\/strong><\/span><br \/>14 et 15 Mars 2026 toutes les fili\u00e8res<\/p>\n<p style=\"text-align: center;\"><br \/><span style=\"background-color: #ccffff;\"><strong>Ligue<\/strong><\/span><br \/>11 et 12 Avril 2026 National 2 (Bourgogne Franche Comt\u00e9 Grand Est)<br \/>18 et 19 avril 2026 National 1 (Bourgogne Franche Comt\u00e9 Grand Est Haut de France Ile de France)<br \/>25 et 26 avril 2026 National 3 (Bourgogne Franche Comt\u00e9 Grand Est)<\/p>\n<p style=\"text-align: center;\"><br \/><span style=\"background-color: #ccffff;\"><strong>Demi-finale<\/strong><\/span><br \/>09 et 10 Mai 2026 National 2 Nord Est (Bourgogne Franche Comt\u00e9 Grand Est Haut de France IDF)<br \/>16 et 17 Mai 2026 National 1 Est<br \/>30 et 31 mai 2026 National 3 Nord Est<\/p>\n<p style=\"text-align: center;\"><br \/><strong><span style=\"background-color: #ccffff;\">Finale<\/span><\/strong><br \/><span style=\"background-color: #cc99ff;\">06 et 07 juin 2026 National 2<\/span><\/p>\n<p style=\"text-align: center;\"><i data-olk-copy-source=\"MessageBody\">Complexe Sportif Ren\u00e9-Yves Aubin<\/i><br \/>201 Boulevard de Montois \u2013 89000 Auxerre<\/p>\n<p style=\"text-align: center;\"><br \/><span style=\"background-color: #99ccff;\">13 et 14 juin 2026 National 1<\/span><\/p>\n<p style=\"text-align: center;\"><i data-olk-copy-source=\"MessageBody\">Arena Grand Paris<\/i><br \/>1 Avenue Traversi\u00e8re \u2013 93290 Tremblay-en-France<\/p>\n<p style=\"text-align: center;\"><br \/><span style=\"background-color: #ff99cc;\">20 et 21 juin 2026 National 3<\/span><\/p>\n<p style=\"text-align: center;\"><i data-olk-copy-source=\"MessageBody\">Palais Omnisports Joseph Claudel<\/i><br \/>Rue du 12\u00e8me R\u00e9giment d\u2019Artillerie Prolong\u00e9e \u2013 88100 Saint-Di\u00e9-des-Vosges<\/p>\n<p>\u00a0<\/p>\n\n\n","protected":false},"excerpt":{"rendered":"<p>Calendrier Comp\u00e9tition 2026 Grand Est Champagne Ardennes Championnats D\u00e9partementaux14 et 15 F\u00e9vrier 2026 D\u00e9partements 08-10-51-52 toutes les fili\u00e8res Championnats S\u00e9lectifs Grand Est Champagne Ardennes14 et 15 Mars 2026 toutes les fili\u00e8res Ligue11 et 12 Avril 2026 National 2 (Bourgogne Franche Comt\u00e9 Grand Est)18 et 19 avril 2026 National 1 (Bourgogne Franche Comt\u00e9 Grand Est Haut<\/p>\n","protected":false},"author":1,"featured_media":0,"parent":0,"menu_order":0,"comment_status":"closed","ping_status":"closed","template":"","meta":{"footnotes":""},"class_list":["post-9641","page","type-page","status-publish","hentry"],"_links":{"self":[{"href":"http:\/\/www.fftbliguedelorraine.fr\/index.php?rest_route=\/wp\/v2\/pages\/9641","targetHints":{"allow":["GET"]}}],"collection":[{"href":"http:\/\/www.fftbliguedelorraine.fr\/index.php?rest_route=\/wp\/v2\/pages"}],"about":[{"href":"http:\/\/www.fftbliguedelorraine.fr\/index.php?rest_route=\/wp\/v2\/types\/page"}],"author":[{"embeddable":true,"href":"http:\/\/www.fftbliguedelorraine.fr\/index.php?rest_route=\/wp\/v2\/users\/1"}],"replies":[{"embeddable":true,"href":"http:\/\/www.fftbliguedelorraine.fr\/index.php?rest_route=%2Fwp%2Fv2%2Fcomments&post=9641"}],"version-history":[{"count":34,"href":"http:\/\/www.fftbliguedelorraine.fr\/index.php?rest_route=\/wp\/v2\/pages\/9641\/revisions"}],"predecessor-version":[{"id":11575,"href":"http:\/\/www.fftbliguedelorraine.fr\/index.php?rest_route=\/wp\/v2\/pages\/9641\/revisions\/11575"}],"wp:attachment":[{"href":"http:\/\/www.fftbliguedelorraine.fr\/index.php?rest_route=%2Fwp%2Fv2%2Fmedia&parent=9641"}],"curies":[{"name":"wp","href":"https:\/\/api.w.org\/{rel}","templated":true}]}}