{"id":85,"date":"2013-08-25T16:50:02","date_gmt":"2013-08-25T15:50:02","guid":{"rendered":"http:\/\/localhost\/wordpress\/?page_id=85"},"modified":"2025-07-20T12:35:23","modified_gmt":"2025-07-20T11:35:23","slug":"formation-juge","status":"publish","type":"page","link":"http:\/\/www.fftbliguedelorraine.fr\/?page_id=85","title":{"rendered":"Formation juge"},"content":{"rendered":"\n<p>Veuillez-trouver ci-joint le cursus de la\u00a0formation\u00a0de\u00a0Juge\u00a0National 3 ainsi que la convention de formation qui sera dispens\u00e9e sur les dates suivantes en m\u00e9tropole en r\u00e9gion parisienne.<\/p>\n<p>\u00a0<\/p>\n<ul>\n<li>\n<p role=\"presentation\">CNF 1 : 20 et 21 septembre 2025<\/p>\n<\/li>\n<li>\n<div role=\"presentation\">CNF 2 : 4 et 5 octobre 2025<\/div>\n<\/li>\n<li>\n<div role=\"presentation\">CNF 3 : 18 et 19 octobre 2025<\/div>\n<\/li>\n<li>\n<div role=\"presentation\">CNF 4 : 1 et 2 novembre 2025<\/div>\n<\/li>\n<li>\n<div role=\"presentation\">CNF 5 : 29 et 30 novembre 2025<\/div>\n<\/li>\n<li>\n<div role=\"presentation\">CNF 6 : 13 et 14 d\u00e9cembre 2025<\/div>\n<\/li>\n<\/ul>\n<p>\u00a0<\/p>\n<p>Afin de nous permettre d&rsquo;organiser au mieux les sessions, merci de vous inscrire via le formulaire ci-dessous\u00a0<b>au plus tard avant le vendredi 15 ao\u00fbt<\/b>\u00a0:<\/p>\n<div>\u00a0<\/div>\n<div><b><u><a id=\"m_-3898194419774388138m_-6013998800027401469OWA689feebe-b200-bcd3-219b-f43365273d7c\" href=\"https:\/\/forms.gle\/NvMejgth8gSUm1ax8\" target=\"_blank\" rel=\"noopener noreferrer\" data-saferedirecturl=\"https:\/\/www.google.com\/url?q=https:\/\/forms.gle\/NvMejgth8gSUm1ax8&amp;source=gmail&amp;ust=1753097036066000&amp;usg=AOvVaw1af3f9DfjN-XFg5Vt5BF90\">https:\/\/forms.gle\/<wbr \/>NvMejgth8gSUm1ax8<\/a><\/u><\/b><\/div>\n<div>\u00a0<\/div>\n<div id=\"m_-3898194419774388138m_-6013998800027401469LPBorder_GTaHR0cHM6Ly9mb3Jtcy5nbGUvTnZNZWpndGg4Z1NVbTFheDg.\">\n<table id=\"m_-3898194419774388138m_-6013998800027401469LPContainer504643\">\n<tbody>\n<tr>\n<td>\n<div id=\"m_-3898194419774388138m_-6013998800027401469LPImageContainer504643\"><a id=\"m_-3898194419774388138m_-6013998800027401469LPImageAnchor504643\" href=\"https:\/\/forms.gle\/NvMejgth8gSUm1ax8\" target=\"_blank\" rel=\"noopener noreferrer\" data-saferedirecturl=\"https:\/\/www.google.com\/url?q=https:\/\/forms.gle\/NvMejgth8gSUm1ax8&amp;source=gmail&amp;ust=1753097036066000&amp;usg=AOvVaw1af3f9DfjN-XFg5Vt5BF90\"><img loading=\"lazy\" decoding=\"async\" id=\"m_-3898194419774388138m_-6013998800027401469LPThumbnailImageId504643\" class=\"CToWUd\" src=\"https:\/\/lh5.googleusercontent.com\/QHzjifSQURpWSXci-jPF3YzBLmcAcqB4vbHYQcfKSQJVBFnq04elD5_iYffbA67PXXxA-RTr4ax4dRY=w1200-h630-p\" width=\"240\" height=\"126\" crossorigin=\"\" data-bit=\"iit\" \/><\/a><\/div>\n<\/td>\n<td>\n<div id=\"m_-3898194419774388138m_-6013998800027401469LPTitle504643\"><a id=\"m_-3898194419774388138m_-6013998800027401469LPUrlAnchor504643\" href=\"https:\/\/forms.gle\/NvMejgth8gSUm1ax8\" target=\"_blank\" rel=\"noopener noreferrer\" data-saferedirecturl=\"https:\/\/www.google.com\/url?q=https:\/\/forms.gle\/NvMejgth8gSUm1ax8&amp;source=gmail&amp;ust=1753097036066000&amp;usg=AOvVaw1af3f9DfjN-XFg5Vt5BF90\">Inscription Formation Juge National 3<\/a><\/div>\n<div id=\"m_-3898194419774388138m_-6013998800027401469LPDescription504643\">2025 &#8211; 2026<\/div>\n<div id=\"m_-3898194419774388138m_-6013998800027401469LPMetadata504643\"><a href=\"http:\/\/forms.gle\/\" target=\"_blank\" rel=\"noopener noreferrer\" data-saferedirecturl=\"https:\/\/www.google.com\/url?q=http:\/\/forms.gle&amp;source=gmail&amp;ust=1753097036066000&amp;usg=AOvVaw2g1tUnDeEDr91cY9_NHIzv\">forms.gle<\/a><\/div>\n<\/td>\n<\/tr>\n<\/tbody>\n<\/table>\n<\/div>\n<div>L&rsquo;inscription d\u00e9finitive sera prise en compte lorsque la convention de formation en pi\u00e8ce jointe sera retourn\u00e9e sign\u00e9e \u00e0 l&rsquo;adresse suivante :\u00a0<b><i><a href=\"mailto:accueil@ffstb.fr\" target=\"_blank\" rel=\"noopener noreferrer\">accueil@ffstb.fr<\/a><\/i><\/b><\/div>\n<p>\u00a0<\/p>\n<p>\u00a0<\/p>\n","protected":false},"excerpt":{"rendered":"<p>Veuillez-trouver ci-joint le cursus de la\u00a0formation\u00a0de\u00a0Juge\u00a0National 3 ainsi que la convention de formation qui sera dispens\u00e9e sur les dates suivantes en m\u00e9tropole en r\u00e9gion parisienne. \u00a0 CNF 1 : 20 et 21 septembre 2025 CNF 2 : 4 et 5 octobre 2025 CNF 3 : 18 et 19 octobre 2025 CNF 4 : 1 et<\/p>\n","protected":false},"author":1,"featured_media":0,"parent":79,"menu_order":0,"comment_status":"closed","ping_status":"closed","template":"","meta":{"footnotes":""},"class_list":["post-85","page","type-page","status-publish","hentry"],"_links":{"self":[{"href":"http:\/\/www.fftbliguedelorraine.fr\/index.php?rest_route=\/wp\/v2\/pages\/85","targetHints":{"allow":["GET"]}}],"collection":[{"href":"http:\/\/www.fftbliguedelorraine.fr\/index.php?rest_route=\/wp\/v2\/pages"}],"about":[{"href":"http:\/\/www.fftbliguedelorraine.fr\/index.php?rest_route=\/wp\/v2\/types\/page"}],"author":[{"embeddable":true,"href":"http:\/\/www.fftbliguedelorraine.fr\/index.php?rest_route=\/wp\/v2\/users\/1"}],"replies":[{"embeddable":true,"href":"http:\/\/www.fftbliguedelorraine.fr\/index.php?rest_route=%2Fwp%2Fv2%2Fcomments&post=85"}],"version-history":[{"count":17,"href":"http:\/\/www.fftbliguedelorraine.fr\/index.php?rest_route=\/wp\/v2\/pages\/85\/revisions"}],"predecessor-version":[{"id":11371,"href":"http:\/\/www.fftbliguedelorraine.fr\/index.php?rest_route=\/wp\/v2\/pages\/85\/revisions\/11371"}],"up":[{"embeddable":true,"href":"http:\/\/www.fftbliguedelorraine.fr\/index.php?rest_route=\/wp\/v2\/pages\/79"}],"wp:attachment":[{"href":"http:\/\/www.fftbliguedelorraine.fr\/index.php?rest_route=%2Fwp%2Fv2%2Fmedia&parent=85"}],"curies":[{"name":"wp","href":"https:\/\/api.w.org\/{rel}","templated":true}]}}