{"id":8089,"date":"2022-03-28T06:51:45","date_gmt":"2022-03-28T05:51:45","guid":{"rendered":"http:\/\/www.fftbliguedelorraine.fr\/?page_id=8089"},"modified":"2026-04-17T15:11:53","modified_gmt":"2026-04-17T14:11:53","slug":"championnat-de-ligue-national-1national1-elite","status":"publish","type":"page","link":"http:\/\/www.fftbliguedelorraine.fr\/?page_id=8089","title":{"rendered":"Championnat R\u00e9gional National 1, National 1 Elite"},"content":{"rendered":"\n<p style=\"text-align: center;\"><strong>Championnat R\u00e9gional 18-19 avril 2026 Andr\u00e9sy&nbsp;<\/strong><\/p>\n<p style=\"text-align: center;\">Complexe sportif St\u00e9phane Diagana&nbsp;<\/p>\n<p style=\"text-align: center;\">78570 ANDRESY<\/p>\n\n\n\n<p><a href=\"http:\/\/www.fftbliguedelorraine.fr\/wp-content\/uploads\/2026\/04\/ODP-et-NOMINATIF-REGION-NORD-EST-N1-N1-ELITE.pdf\">ODP-et-NOMINATIF-REGION-NORD-EST-N1-N1-ELITE<\/a><\/p>\n\n\n\n\n\n\n\n\n\n<div class=\"x11i5rnm xat24cr x1mh8g0r x1vvkbs xtlvy1s x126k92a\">\n<div dir=\"auto\"><img loading=\"lazy\" decoding=\"async\" class=\"aligncenter size-large wp-image-11692\" src=\"http:\/\/www.fftbliguedelorraine.fr\/wp-content\/uploads\/2026\/04\/672338943_962075906211496_1867916187139386584_n-819x1024.jpg\" alt=\"\" width=\"819\" height=\"1024\" srcset=\"http:\/\/www.fftbliguedelorraine.fr\/wp-content\/uploads\/2026\/04\/672338943_962075906211496_1867916187139386584_n-819x1024.jpg 819w, http:\/\/www.fftbliguedelorraine.fr\/wp-content\/uploads\/2026\/04\/672338943_962075906211496_1867916187139386584_n-240x300.jpg 240w, http:\/\/www.fftbliguedelorraine.fr\/wp-content\/uploads\/2026\/04\/672338943_962075906211496_1867916187139386584_n-768x960.jpg 768w, http:\/\/www.fftbliguedelorraine.fr\/wp-content\/uploads\/2026\/04\/672338943_962075906211496_1867916187139386584_n.jpg 1080w\" sizes=\"auto, (max-width: 819px) 100vw, 819px\" \/><\/div>\n<\/div>\n\n\n\n<p><img loading=\"lazy\" decoding=\"async\" class=\"aligncenter size-large wp-image-11695\" src=\"http:\/\/www.fftbliguedelorraine.fr\/wp-content\/uploads\/2026\/04\/675441898_10237151205193461_6863397696363334152_n-724x1024.jpg\" alt=\"\" width=\"724\" height=\"1024\" srcset=\"http:\/\/www.fftbliguedelorraine.fr\/wp-content\/uploads\/2026\/04\/675441898_10237151205193461_6863397696363334152_n-724x1024.jpg 724w, http:\/\/www.fftbliguedelorraine.fr\/wp-content\/uploads\/2026\/04\/675441898_10237151205193461_6863397696363334152_n-212x300.jpg 212w, http:\/\/www.fftbliguedelorraine.fr\/wp-content\/uploads\/2026\/04\/675441898_10237151205193461_6863397696363334152_n-768x1086.jpg 768w, http:\/\/www.fftbliguedelorraine.fr\/wp-content\/uploads\/2026\/04\/675441898_10237151205193461_6863397696363334152_n-1086x1536.jpg 1086w, http:\/\/www.fftbliguedelorraine.fr\/wp-content\/uploads\/2026\/04\/675441898_10237151205193461_6863397696363334152_n.jpg 1448w\" sizes=\"auto, (max-width: 724px) 100vw, 724px\" \/><\/p>\n","protected":false},"excerpt":{"rendered":"<p>Championnat R\u00e9gional 18-19 avril 2026 Andr\u00e9sy&nbsp; Complexe sportif St\u00e9phane Diagana&nbsp; 78570 ANDRESY ODP-et-NOMINATIF-REGION-NORD-EST-N1-N1-ELITE<\/p>\n","protected":false},"author":1,"featured_media":0,"parent":0,"menu_order":0,"comment_status":"closed","ping_status":"closed","template":"","meta":{"footnotes":""},"class_list":["post-8089","page","type-page","status-publish","hentry"],"_links":{"self":[{"href":"http:\/\/www.fftbliguedelorraine.fr\/index.php?rest_route=\/wp\/v2\/pages\/8089","targetHints":{"allow":["GET"]}}],"collection":[{"href":"http:\/\/www.fftbliguedelorraine.fr\/index.php?rest_route=\/wp\/v2\/pages"}],"about":[{"href":"http:\/\/www.fftbliguedelorraine.fr\/index.php?rest_route=\/wp\/v2\/types\/page"}],"author":[{"embeddable":true,"href":"http:\/\/www.fftbliguedelorraine.fr\/index.php?rest_route=\/wp\/v2\/users\/1"}],"replies":[{"embeddable":true,"href":"http:\/\/www.fftbliguedelorraine.fr\/index.php?rest_route=%2Fwp%2Fv2%2Fcomments&post=8089"}],"version-history":[{"count":29,"href":"http:\/\/www.fftbliguedelorraine.fr\/index.php?rest_route=\/wp\/v2\/pages\/8089\/revisions"}],"predecessor-version":[{"id":11698,"href":"http:\/\/www.fftbliguedelorraine.fr\/index.php?rest_route=\/wp\/v2\/pages\/8089\/revisions\/11698"}],"wp:attachment":[{"href":"http:\/\/www.fftbliguedelorraine.fr\/index.php?rest_route=%2Fwp%2Fv2%2Fmedia&parent=8089"}],"curies":[{"name":"wp","href":"https:\/\/api.w.org\/{rel}","templated":true}]}}