{"id":77,"date":"2013-08-25T16:47:52","date_gmt":"2013-08-25T15:47:52","guid":{"rendered":"http:\/\/localhost\/wordpress\/?page_id=77"},"modified":"2025-07-20T12:51:07","modified_gmt":"2025-07-20T11:51:07","slug":"reglement-federal","status":"publish","type":"page","link":"http:\/\/www.fftbliguedelorraine.fr\/?page_id=77","title":{"rendered":"R\u00e8glement Sportif f\u00e9d\u00e9ral"},"content":{"rendered":"<div>R\u00e8glement sportif<strong> Pratique Artistique 2026<\/strong><\/div>\n<div><a href=\"http:\/\/www.fftbliguedelorraine.fr\/wp-content\/uploads\/2025\/07\/20250625_REGLEMENT_SPORTIF_ARTISTIQUE_2026.pdf\">20250625_REGLEMENT_SPORTIF_ARTISTIQUE_2026<\/a><\/div>\n<div>*************************************************************************************************************<\/div>\n<div><strong>Vous trouverez le R\u00e8glement Sportif Pratique Artistique FFTB 2025 sur le site f\u00e9d\u00e9ral<\/strong>\u00a0<\/div>\n<div><a href=\"https:\/\/fftwirl.fr\/statuts-et-reglements\/\">https:\/\/fftwirl.fr\/statuts-et-reglements\/<\/a><\/div>\n<div>*************************************************************************************************************<\/div>\n<div><strong>R\u00e9glement sportif 2024\u00a0<\/strong><\/div>\n<div><strong><a href=\"http:\/\/www.fftbliguedelorraine.fr\/wp-content\/uploads\/2023\/10\/V20230709_REGLEMENT_SPORTIF_2024.pdf\">V20230709_REGLEMENT_SPORTIF_2024<\/a><\/strong><\/div>\n<div>\u00a0<\/div>\n<div>***************************************************************************************************************<\/div>\n<div><strong>R\u00e8glement sportif 2023<\/strong><\/div>\n<div>\u00a0<\/div>\n<div><strong><a href=\"http:\/\/www.fftbliguedelorraine.fr\/wp-content\/uploads\/2022\/10\/REGLEMENT_SPORTIF_2023.pdf\">REGLEMENT_SPORTIF_2023<\/a>\u00a0<\/strong><\/div>\n<div dir=\"ltr\">\n<div style=\"font-size: small; text-decoration: none; font-family: 'Calibri'; font-weight: normal; color: #000000; font-style: normal; display: inline;\">\n<div style=\"color: #000000; font-family: Calibri; font-size: small; font-style: normal; font-weight: normal; text-decoration-line: none;\">\u00a0<\/div>\n<\/div>\n<\/div>\n\n","protected":false},"excerpt":{"rendered":"<p>R\u00e8glement sportif Pratique Artistique 2026 20250625_REGLEMENT_SPORTIF_ARTISTIQUE_2026 ************************************************************************************************************* Vous trouverez le R\u00e8glement Sportif Pratique Artistique FFTB 2025 sur le site f\u00e9d\u00e9ral\u00a0 https:\/\/fftwirl.fr\/statuts-et-reglements\/ ************************************************************************************************************* R\u00e9glement sportif 2024\u00a0 V20230709_REGLEMENT_SPORTIF_2024 \u00a0 *************************************************************************************************************** R\u00e8glement sportif 2023 \u00a0 REGLEMENT_SPORTIF_2023\u00a0 \u00a0<\/p>\n","protected":false},"author":1,"featured_media":0,"parent":75,"menu_order":0,"comment_status":"closed","ping_status":"closed","template":"","meta":{"footnotes":""},"class_list":["post-77","page","type-page","status-publish","hentry"],"_links":{"self":[{"href":"http:\/\/www.fftbliguedelorraine.fr\/index.php?rest_route=\/wp\/v2\/pages\/77","targetHints":{"allow":["GET"]}}],"collection":[{"href":"http:\/\/www.fftbliguedelorraine.fr\/index.php?rest_route=\/wp\/v2\/pages"}],"about":[{"href":"http:\/\/www.fftbliguedelorraine.fr\/index.php?rest_route=\/wp\/v2\/types\/page"}],"author":[{"embeddable":true,"href":"http:\/\/www.fftbliguedelorraine.fr\/index.php?rest_route=\/wp\/v2\/users\/1"}],"replies":[{"embeddable":true,"href":"http:\/\/www.fftbliguedelorraine.fr\/index.php?rest_route=%2Fwp%2Fv2%2Fcomments&post=77"}],"version-history":[{"count":30,"href":"http:\/\/www.fftbliguedelorraine.fr\/index.php?rest_route=\/wp\/v2\/pages\/77\/revisions"}],"predecessor-version":[{"id":11378,"href":"http:\/\/www.fftbliguedelorraine.fr\/index.php?rest_route=\/wp\/v2\/pages\/77\/revisions\/11378"}],"up":[{"embeddable":true,"href":"http:\/\/www.fftbliguedelorraine.fr\/index.php?rest_route=\/wp\/v2\/pages\/75"}],"wp:attachment":[{"href":"http:\/\/www.fftbliguedelorraine.fr\/index.php?rest_route=%2Fwp%2Fv2%2Fmedia&parent=77"}],"curies":[{"name":"wp","href":"https:\/\/api.w.org\/{rel}","templated":true}]}}