{"id":6841,"date":"2019-11-22T05:37:32","date_gmt":"2019-11-22T04:37:32","guid":{"rendered":"http:\/\/www.fftbliguedelorraine.fr\/?page_id=6841"},"modified":"2025-12-18T19:11:19","modified_gmt":"2025-12-18T18:11:19","slug":"criterium-2020","status":"publish","type":"page","link":"http:\/\/www.fftbliguedelorraine.fr\/?page_id=6841","title":{"rendered":"Crit\u00e9riums 2026"},"content":{"rendered":"\n<p>Crit\u00e9rium de Ch\u00e2lons en Champagne\u00a0<\/p>\n<p>Les inscriptions pour notre crit\u00e9rium sont ouvertes jusqu&rsquo;au 30 novembre 2025 ou jusqu&rsquo;\u00e0 ce que le nombre maximum d&rsquo;inscription soit atteint.<\/p>\n<p><br class=\"html-br\" \/>Un mail a \u00e9t\u00e9 envoy\u00e9 \u00e0 certains clubs.<br class=\"html-br\" \/>Si vous souhaitez recevoir les informations, envoyez nous un mail \u00e0 l&rsquo;adresse suivante : <a href=\"http:\/\/l'esperance.twirling@gmail.com\">l&rsquo;esperance.twirling@gmail.com<\/a><\/p>\n<p><img loading=\"lazy\" decoding=\"async\" class=\"alignleft size-medium wp-image-11543\" src=\"http:\/\/www.fftbliguedelorraine.fr\/wp-content\/uploads\/2025\/12\/574580093_835632742189147_4244502779207928446_n-211x300.png\" alt=\"\" width=\"211\" height=\"300\" srcset=\"http:\/\/www.fftbliguedelorraine.fr\/wp-content\/uploads\/2025\/12\/574580093_835632742189147_4244502779207928446_n-211x300.png 211w, http:\/\/www.fftbliguedelorraine.fr\/wp-content\/uploads\/2025\/12\/574580093_835632742189147_4244502779207928446_n.png 563w\" sizes=\"auto, (max-width: 211px) 100vw, 211px\" \/><\/p>\n<div dir=\"ltr\">\n<div>\n<div>\n<div dir=\"ltr\" data-setdir=\"false\"><img loading=\"lazy\" decoding=\"async\" class=\"alignleft size-large wp-image-11519\" src=\"http:\/\/www.fftbliguedelorraine.fr\/wp-content\/uploads\/2025\/11\/574580093_835632742189147_4244502779207928446_n-1-721x1024.jpg\" alt=\"\" width=\"721\" height=\"1024\" \/><\/div>\n<\/div>\n<\/div>\n<\/div>\n","protected":false},"excerpt":{"rendered":"<p>Crit\u00e9rium de Ch\u00e2lons en Champagne\u00a0 Les inscriptions pour notre crit\u00e9rium sont ouvertes jusqu&rsquo;au 30 novembre 2025 ou jusqu&rsquo;\u00e0 ce que le nombre maximum d&rsquo;inscription soit atteint. Un mail a \u00e9t\u00e9 envoy\u00e9 \u00e0 certains clubs.Si vous souhaitez recevoir les informations, envoyez nous un mail \u00e0 l&rsquo;adresse suivante : l&rsquo;esperance.twirling@gmail.com<\/p>\n","protected":false},"author":1,"featured_media":0,"parent":16,"menu_order":0,"comment_status":"closed","ping_status":"closed","template":"","meta":{"footnotes":""},"class_list":["post-6841","page","type-page","status-publish","hentry"],"_links":{"self":[{"href":"http:\/\/www.fftbliguedelorraine.fr\/index.php?rest_route=\/wp\/v2\/pages\/6841","targetHints":{"allow":["GET"]}}],"collection":[{"href":"http:\/\/www.fftbliguedelorraine.fr\/index.php?rest_route=\/wp\/v2\/pages"}],"about":[{"href":"http:\/\/www.fftbliguedelorraine.fr\/index.php?rest_route=\/wp\/v2\/types\/page"}],"author":[{"embeddable":true,"href":"http:\/\/www.fftbliguedelorraine.fr\/index.php?rest_route=\/wp\/v2\/users\/1"}],"replies":[{"embeddable":true,"href":"http:\/\/www.fftbliguedelorraine.fr\/index.php?rest_route=%2Fwp%2Fv2%2Fcomments&post=6841"}],"version-history":[{"count":50,"href":"http:\/\/www.fftbliguedelorraine.fr\/index.php?rest_route=\/wp\/v2\/pages\/6841\/revisions"}],"predecessor-version":[{"id":11544,"href":"http:\/\/www.fftbliguedelorraine.fr\/index.php?rest_route=\/wp\/v2\/pages\/6841\/revisions\/11544"}],"up":[{"embeddable":true,"href":"http:\/\/www.fftbliguedelorraine.fr\/index.php?rest_route=\/wp\/v2\/pages\/16"}],"wp:attachment":[{"href":"http:\/\/www.fftbliguedelorraine.fr\/index.php?rest_route=%2Fwp%2Fv2%2Fmedia&parent=6841"}],"curies":[{"name":"wp","href":"https:\/\/api.w.org\/{rel}","templated":true}]}}