{"id":5645,"date":"2018-05-14T19:23:01","date_gmt":"2018-05-14T18:23:01","guid":{"rendered":"http:\/\/www.fftbliguedelorraine.fr\/?page_id=5645"},"modified":"2024-11-27T07:24:23","modified_gmt":"2024-11-27T06:24:23","slug":"cid-alsace","status":"publish","type":"page","link":"http:\/\/www.fftbliguedelorraine.fr\/?page_id=5645","title":{"rendered":"CID Alsace"},"content":{"rendered":"<p><span style=\"color: #0000ff;\"><strong>CID Alsace<\/strong><\/span><\/p>\n<p>Pr\u00e9sident du Comit\u00e9 R\u00e9gional Grand Est FFSTB<\/p>\n<p>G\u00e9rard KUSTER<br \/>\n<span style=\"text-decoration: underline;\">Mail<\/span> :\u00a0<a href=\"mailto:g.kuster75@gmail.com\">g.kuster75@gmail.com<\/a><\/p>\n<hr \/>\n<div data-olk-copy-source=\"MessageBody\">MATHIEU C\u00e9line<\/div>\n<div><b>Responsable technique CID ALSACE<\/b><\/div>\n<div><b>Entraineur et tr\u00e9sori\u00e8re T.B.MAISONSGOUTTE 6701<\/b><\/div>\n<div><a href=\"cel_nico@hotmail.fr\">cel_nico@hotmail.fr<\/a><\/div>\n<p><span style=\"color: #0000ff;\"><strong>Les Clubs :<\/strong><\/span><\/p>\n<p><span style=\"background-color: #ccffff;\">\u2666 6713 Illkirch Graffenstaden<\/span> =&gt; SOCI\u00c9T\u00c9 OMNISPORTS D&rsquo;ILLKIRCH-GRAFFENSTADEN<\/p>\n<p>Contact =&gt; Gerard KUSTER =&gt;\u00a0<span style=\"text-decoration: underline;\">Mail<\/span>\u00a0=&gt;\u00a0<a href=\"mailto:g.kuster75@gmail.com\">g.kuster75@gmail.com<\/a><\/p>\n<p style=\"text-align: center;\">*********************<\/p>\n<p><span style=\"background-color: #ccffff;\">\u2666 6702 Obernai<\/span> =&gt;\u00a0LES TWIRLING D&rsquo;OBERNAI<\/p>\n<p>Contact =&gt;\u00a0Nathalie BINDLER =&gt; mail=&gt;\u00a0<a href=\"mailto:bindler.nathalie@wanadoo.fr\">bindler.nathalie@wanadoo.fr\u00a0<\/a><\/p>\n<p style=\"text-align: center;\">**********************<\/p>\n<p><span style=\"background-color: #ccffff;\">\u2666 6706 Haguenau<\/span> =&gt;\u00a0TBC HAGUENAU<\/p>\n<p>Contact =&gt; Alexandra CASTELLOTE =&gt; mail =&gt;\u00a0<a href=\"mailto:alexandra.castellote@gmail.com\">alexandra.castellote@gmail.com<\/a><\/p>\n<p style=\"text-align: center;\">*********************<\/p>\n<p><span style=\"background-color: #ccffff;\">\u2666 6701 Maisongoutte<\/span> =&gt;\u00a0TWIRLING BATON MAISONGOUTTE<\/p>\n<p>Contact =&gt; <span data-olk-copy-source=\"MessageBody\">Secr\u00e9taire : REGENASS Maryl\u00e8ne :<a href=\"mailto:secretariat.tbm67@gmail.com\"> secretariat.tbm67@gmail.com<\/a><\/span><\/p>\n<p style=\"text-align: center;\">********************<\/p>\n<p><span style=\"background-color: #ccffff;\">\u2666 6705 Wissembourg<\/span> =&gt;\u00a0SPORT TWIRL WISSEMBOURG<\/p>\n<p>Contact =&gt; Carine JOYEUX =&gt; mail =&gt;\u00a0<a href=\"mailto:sporttwirl.6705@sfr.fr\">sporttwirl.6705@sfr.fr\u00a0<\/a><\/p>\n<p style=\"text-align: center;\">*********************<\/p>\n<p><span style=\"background-color: #ccffff;\">\u2666 6710 Barr<\/span> =&gt;\u00a0ASSOCIATION SPORTIVE DE TWIRLING BATON<\/p>\n<p>Contact =&gt; Audrey ZIMMERMANN =&gt; mail =&gt;\u00a0<a href=\"mailto:nathalie.ernst@wanadoo.fr\">nathalie.ernst@wanadoo.fr\u00a0<\/a><\/p>\n<p style=\"text-align: center;\">**********************<\/p>\n<p><span style=\"background-color: #ccffff;\">\u2666 6801 Colmar<\/span> =&gt;\u00a0TWIRLING CLUB DE COLMAR<\/p>\n<p>Contact =&gt; Eugene MEGUIN =&gt; mail =&gt;\u00a0<a href=\"mailto:eugene.meguin@club-internet.fr\">eugene.meguin@club-internet.fr\u00a0<\/a><\/p>\n<p style=\"text-align: center;\">***********************<\/p>\n<p><span style=\"background-color: #ccffff;\">\u2666 6707 Plobsheim<\/span> =&gt;\u00a0TWIRLING BATON CLUB DE PLOBSHEIM<\/p>\n<p>Contact =&gt; Maurice SCHWENTZEL =&gt;\u00a0<a href=\"mailto:maurice.schwentzel@orange.fr\">maurice.schwentzel@orange.fr\u00a0<\/a><\/p>\n","protected":false},"excerpt":{"rendered":"<p>CID Alsace Pr\u00e9sident du Comit\u00e9 R\u00e9gional Grand Est FFSTB G\u00e9rard KUSTER Mail :\u00a0g.kuster75@gmail.com MATHIEU C\u00e9line Responsable technique CID ALSACE Entraineur et tr\u00e9sori\u00e8re T.B.MAISONSGOUTTE 6701 cel_nico@hotmail.fr Les Clubs : \u2666 6713 Illkirch Graffenstaden =&gt; SOCI\u00c9T\u00c9 OMNISPORTS D&rsquo;ILLKIRCH-GRAFFENSTADEN Contact =&gt; Gerard KUSTER =&gt;\u00a0Mail\u00a0=&gt;\u00a0g.kuster75@gmail.com ********************* \u2666 6702 Obernai =&gt;\u00a0LES TWIRLING D&rsquo;OBERNAI Contact =&gt;\u00a0Nathalie BINDLER =&gt; mail=&gt;\u00a0bindler.nathalie@wanadoo.fr\u00a0 ********************** \u2666<\/p>\n","protected":false},"author":1,"featured_media":0,"parent":4794,"menu_order":0,"comment_status":"closed","ping_status":"closed","template":"","meta":{"footnotes":""},"class_list":["post-5645","page","type-page","status-publish","hentry"],"_links":{"self":[{"href":"http:\/\/www.fftbliguedelorraine.fr\/index.php?rest_route=\/wp\/v2\/pages\/5645","targetHints":{"allow":["GET"]}}],"collection":[{"href":"http:\/\/www.fftbliguedelorraine.fr\/index.php?rest_route=\/wp\/v2\/pages"}],"about":[{"href":"http:\/\/www.fftbliguedelorraine.fr\/index.php?rest_route=\/wp\/v2\/types\/page"}],"author":[{"embeddable":true,"href":"http:\/\/www.fftbliguedelorraine.fr\/index.php?rest_route=\/wp\/v2\/users\/1"}],"replies":[{"embeddable":true,"href":"http:\/\/www.fftbliguedelorraine.fr\/index.php?rest_route=%2Fwp%2Fv2%2Fcomments&post=5645"}],"version-history":[{"count":12,"href":"http:\/\/www.fftbliguedelorraine.fr\/index.php?rest_route=\/wp\/v2\/pages\/5645\/revisions"}],"predecessor-version":[{"id":10745,"href":"http:\/\/www.fftbliguedelorraine.fr\/index.php?rest_route=\/wp\/v2\/pages\/5645\/revisions\/10745"}],"up":[{"embeddable":true,"href":"http:\/\/www.fftbliguedelorraine.fr\/index.php?rest_route=\/wp\/v2\/pages\/4794"}],"wp:attachment":[{"href":"http:\/\/www.fftbliguedelorraine.fr\/index.php?rest_route=%2Fwp%2Fv2%2Fmedia&parent=5645"}],"curies":[{"name":"wp","href":"https:\/\/api.w.org\/{rel}","templated":true}]}}