{"id":4144,"date":"2016-12-23T13:46:29","date_gmt":"2016-12-23T12:46:29","guid":{"rendered":"http:\/\/www.fftbliguedelorraine.fr\/?page_id=4144"},"modified":"2021-12-14T06:59:00","modified_gmt":"2021-12-14T05:59:00","slug":"reglement-interieur-et-reglement-disciplinaire","status":"publish","type":"page","link":"http:\/\/www.fftbliguedelorraine.fr\/?page_id=4144","title":{"rendered":"R\u00e8glement int\u00e9rieur et r\u00e8glement disciplinaire"},"content":{"rendered":"<div dir=\"ltr\">\n<div style=\"font-size: small; text-decoration: none; font-family: 'Calibri'; font-weight: normal; color: #000000; font-style: normal; display: inline;\">\n<div id=\"divtagdefaultwrapper\" dir=\"ltr\" style=\"font-size: 12pt; font-family: calibri,arial,helvetica,sans-serif; color: #000000;\">\n<div id=\"divtagdefaultwrapper\" dir=\"ltr\" style=\"font-size: 12pt; font-family: calibri,arial,helvetica,sans-serif; color: #000000;\">\n<div id=\"divtagdefaultwrapper\" dir=\"ltr\" style=\"font-size: 12pt; font-family: calibri,arial,helvetica,sans-serif; color: #000000;\">\n<div><\/div>\n<div><\/div>\n<\/div>\n<\/div>\n<\/div>\n<\/div>\n<\/div>\n","protected":false},"excerpt":{"rendered":"","protected":false},"author":1,"featured_media":0,"parent":75,"menu_order":0,"comment_status":"closed","ping_status":"closed","template":"","meta":{"footnotes":""},"class_list":["post-4144","page","type-page","status-publish","hentry"],"_links":{"self":[{"href":"http:\/\/www.fftbliguedelorraine.fr\/index.php?rest_route=\/wp\/v2\/pages\/4144","targetHints":{"allow":["GET"]}}],"collection":[{"href":"http:\/\/www.fftbliguedelorraine.fr\/index.php?rest_route=\/wp\/v2\/pages"}],"about":[{"href":"http:\/\/www.fftbliguedelorraine.fr\/index.php?rest_route=\/wp\/v2\/types\/page"}],"author":[{"embeddable":true,"href":"http:\/\/www.fftbliguedelorraine.fr\/index.php?rest_route=\/wp\/v2\/users\/1"}],"replies":[{"embeddable":true,"href":"http:\/\/www.fftbliguedelorraine.fr\/index.php?rest_route=%2Fwp%2Fv2%2Fcomments&post=4144"}],"version-history":[{"count":4,"href":"http:\/\/www.fftbliguedelorraine.fr\/index.php?rest_route=\/wp\/v2\/pages\/4144\/revisions"}],"predecessor-version":[{"id":7855,"href":"http:\/\/www.fftbliguedelorraine.fr\/index.php?rest_route=\/wp\/v2\/pages\/4144\/revisions\/7855"}],"up":[{"embeddable":true,"href":"http:\/\/www.fftbliguedelorraine.fr\/index.php?rest_route=\/wp\/v2\/pages\/75"}],"wp:attachment":[{"href":"http:\/\/www.fftbliguedelorraine.fr\/index.php?rest_route=%2Fwp%2Fv2%2Fmedia&parent=4144"}],"curies":[{"name":"wp","href":"https:\/\/api.w.org\/{rel}","templated":true}]}}