{"id":36,"date":"2013-08-25T16:25:37","date_gmt":"2013-08-25T15:25:37","guid":{"rendered":"http:\/\/www.fftbliguedelorraine.fr\/?page_id=36"},"modified":"2025-08-29T19:19:08","modified_gmt":"2025-08-29T18:19:08","slug":"le-comite","status":"publish","type":"page","link":"http:\/\/www.fftbliguedelorraine.fr\/?page_id=36","title":{"rendered":"Le comit\u00e9"},"content":{"rendered":"<p style=\"text-align: center;\"><span style=\"color: #ff0000; text-decoration: underline;\"><em><strong>Comit\u00e9 Directeur<\/strong> <\/em><\/span><\/p>\n<p style=\"text-align: left;\"><img decoding=\"async\" src=\"http:\/\/www.icone-gif.com\/gif\/barres\/decorative\/decor012.gif\" alt=\"\" \/><\/p>\n<p>Mme AUBRY Brigitte<\/p>\n<p><a href=\"mailto:rogeraubry0896@orange.fr\">rogeraubry0896@orange.fr<\/a><\/p>\n<p style=\"text-align: left;\"><img decoding=\"async\" src=\"http:\/\/www.icone-gif.com\/gif\/barres\/decorative\/decor012.gif\" alt=\"\" \/><\/p>\n<p style=\"text-align: left;\"><span style=\"color: #0000ff;\"><strong><span style=\"text-decoration: underline;\">Secr\u00e9taire<\/span> :<\/strong><\/span><\/p>\n<p style=\"text-align: left;\">BERTRAND Edith<\/p>\n<p><a href=\"twirlingbatonrambervillers@gmail.com\">twirlingbatonrambervillers@gmail.com<\/a><\/p>\n<p><img decoding=\"async\" src=\"http:\/\/www.icone-gif.com\/gif\/barres\/decorative\/decor012.gif\" alt=\"\" \/><\/p>\n<p><span style=\"color: #0000ff;\"><strong><span style=\"text-decoration: underline;\">Secr\u00e9taire adjointe<\/span> :<\/strong><\/span><\/p>\n<p>TISSERAND Annette<\/p>\n<p><a href=\"mailto:gerard.tisserand99@orange.fr\">gerard.tisserand99@orange<\/a><\/p>\n<p><img decoding=\"async\" src=\"http:\/\/www.icone-gif.com\/gif\/barres\/decorative\/decor012.gif\" alt=\"\" \/><\/p>\n<p><span style=\"color: #0000ff;\"><strong><span style=\"text-decoration: underline;\">Tr\u00e9sori\u00e8re\u00a0<\/span><\/strong><\/span><\/p>\n<p>Madame Anne Cl\u00e9ment<\/p>\n<p><a href=\"mailto:clementmoissetteanne@yahoo.fr\"><span style=\"text-decoration: underline;\">clementmoissetteanne@yahoo.fr<\/span><\/a><\/p>\n<p><img decoding=\"async\" src=\"http:\/\/www.icone-gif.com\/gif\/barres\/decorative\/decor012.gif\" alt=\"\" \/><\/p>\n<p><span style=\"color: #0000ff;\"><strong><span style=\"text-decoration: underline;\">C.T.R<\/span> :<\/strong><\/span><\/p>\n<p>LEVAN\u00a0 Marjorie (Bondarewicz)<\/p>\n<p><a href=\"http:\/\/marjo.bonda@gmail.com\">marjo.bonda@gmail.com<\/a><\/p>\n<p><img decoding=\"async\" src=\"http:\/\/www.icone-gif.com\/gif\/barres\/decorative\/decor012.gif\" alt=\"\" \/><\/p>\n<p><span style=\"text-decoration: underline;\"><span style=\"color: #0000ff;\"><strong>C.T.R adjointe<\/strong><\/span><\/span><\/p>\n<p>SCHUSTER Caroline =&gt; <a href=\"mailto:caro.schuster@ymail.com\">caro.schuster@ymail.com<\/a><\/p>\n<p><img decoding=\"async\" src=\"http:\/\/www.icone-gif.com\/gif\/barres\/decorative\/decor012.gif\" alt=\"\" \/><\/p>\n<p style=\"text-align: center;\"><strong><span style=\"color: #0000ff; text-decoration: underline;\"><em>MEMBRES<\/em> <\/span><\/strong><\/p>\n<p style=\"text-align: center;\">\n<p><img decoding=\"async\" src=\"http:\/\/www.icone-gif.com\/gif\/barres\/decorative\/decor012.gif\" alt=\"\" \/><\/p>\n<p>KIEFER Sylvie<\/p>\n<p><a href=\"mailto:sylvie.kiefer@zf.com\">sylvie.kiefer@zf.com<\/a><\/p>\n<p><img decoding=\"async\" src=\"http:\/\/www.icone-gif.com\/gif\/barres\/decorative\/decor012.gif\" alt=\"\" \/><\/p>\n<p>BONAFOUX Alain<\/p>\n<p><a href=\"mailto:bertrand.edith@neuf.fr\"><span style=\"text-decoration: underline;\">bertrand.edith@neuf.fr<\/span><\/a><\/p>\n<p><img decoding=\"async\" src=\"http:\/\/www.icone-gif.com\/gif\/barres\/decorative\/decor012.gif\" alt=\"\" \/><\/p>\n<p>BATTUNG Solange<\/p>\n<p style=\"text-align: left;\"><a href=\"mailto:solange.battung@wanadoo.fr\">solange.battung@wanadoo.fr<\/a><\/p>\n<p><img decoding=\"async\" src=\"http:\/\/www.icone-gif.com\/gif\/barres\/decorative\/decor012.gif\" alt=\"\" \/><\/p>\n<p>CHEVALIER Laurence<\/p>\n<p><a href=\"mailto:eric.chevalier954@orange.fr\">eric.chevalier954@orange.fr<\/a><\/p>\n","protected":false},"excerpt":{"rendered":"<p>Comit\u00e9 Directeur Mme AUBRY Brigitte rogeraubry0896@orange.fr Secr\u00e9taire : BERTRAND Edith twirlingbatonrambervillers@gmail.com Secr\u00e9taire adjointe : TISSERAND Annette gerard.tisserand99@orange Tr\u00e9sori\u00e8re\u00a0 Madame Anne Cl\u00e9ment clementmoissetteanne@yahoo.fr C.T.R : LEVAN\u00a0 Marjorie (Bondarewicz) marjo.bonda@gmail.com C.T.R adjointe SCHUSTER Caroline =&gt; caro.schuster@ymail.com MEMBRES KIEFER Sylvie sylvie.kiefer@zf.com BONAFOUX Alain bertrand.edith@neuf.fr BATTUNG Solange solange.battung@wanadoo.fr CHEVALIER Laurence eric.chevalier954@orange.fr<\/p>\n","protected":false},"author":1,"featured_media":0,"parent":22,"menu_order":0,"comment_status":"closed","ping_status":"closed","template":"","meta":{"footnotes":""},"class_list":["post-36","page","type-page","status-publish","hentry"],"_links":{"self":[{"href":"http:\/\/www.fftbliguedelorraine.fr\/index.php?rest_route=\/wp\/v2\/pages\/36","targetHints":{"allow":["GET"]}}],"collection":[{"href":"http:\/\/www.fftbliguedelorraine.fr\/index.php?rest_route=\/wp\/v2\/pages"}],"about":[{"href":"http:\/\/www.fftbliguedelorraine.fr\/index.php?rest_route=\/wp\/v2\/types\/page"}],"author":[{"embeddable":true,"href":"http:\/\/www.fftbliguedelorraine.fr\/index.php?rest_route=\/wp\/v2\/users\/1"}],"replies":[{"embeddable":true,"href":"http:\/\/www.fftbliguedelorraine.fr\/index.php?rest_route=%2Fwp%2Fv2%2Fcomments&post=36"}],"version-history":[{"count":38,"href":"http:\/\/www.fftbliguedelorraine.fr\/index.php?rest_route=\/wp\/v2\/pages\/36\/revisions"}],"predecessor-version":[{"id":11382,"href":"http:\/\/www.fftbliguedelorraine.fr\/index.php?rest_route=\/wp\/v2\/pages\/36\/revisions\/11382"}],"up":[{"embeddable":true,"href":"http:\/\/www.fftbliguedelorraine.fr\/index.php?rest_route=\/wp\/v2\/pages\/22"}],"wp:attachment":[{"href":"http:\/\/www.fftbliguedelorraine.fr\/index.php?rest_route=%2Fwp%2Fv2%2Fmedia&parent=36"}],"curies":[{"name":"wp","href":"https:\/\/api.w.org\/{rel}","templated":true}]}}