{"id":3136,"date":"2015-10-17T05:11:06","date_gmt":"2015-10-17T04:11:06","guid":{"rendered":"http:\/\/www.fftbliguedelorraine.fr\/?page_id=3136"},"modified":"2025-01-25T10:51:56","modified_gmt":"2025-01-25T09:51:56","slug":"baremes-2016","status":"publish","type":"page","link":"http:\/\/www.fftbliguedelorraine.fr\/?page_id=3136","title":{"rendered":"Bar\u00e8mes et M\u00e9thodologie"},"content":{"rendered":"\n<div data-olk-copy-source=\"MessageBody\">\n<div class=\"x_elementToProof\" data-olk-copy-source=\"MessageBody\">Suite au dernier S\u00e9minaire Juges de la pratique Artistique, certaines pr\u00e9cisions ont \u00e9t\u00e9 apport\u00e9 sur:<\/div>\n<ul>\n<li>des mouvements du bar\u00e8me<\/li>\n<li>des points de la m\u00e9thodologie de jugement<\/li>\n<\/ul>\n<div>Afin que vous ayez tous les m\u00eames informations, vous retrouverez dans le fichier joint, ces pr\u00e9cisions apport\u00e9es aux juges.<\/div>\n<div>\u00a0<\/div>\n<\/div>\n<div data-olk-copy-source=\"MessageBody\"><a href=\"http:\/\/www.fftbliguedelorraine.fr\/wp-content\/uploads\/2025\/01\/Retour-du-Seminaire-Juges-2025.pdf\">Retour du S\u00e9minaire Juges 2025<\/a><\/div>\n<div data-olk-copy-source=\"MessageBody\">\n<div data-olk-copy-source=\"MessageBody\"><hr \/><\/div>\n<div class=\"x_elementToProof\" data-olk-copy-source=\"MessageBody\">Vous trouverez ci-dessous :<\/div>\n<div data-olk-copy-source=\"MessageBody\">\u00a0<\/div>\n<div>\n<div class=\"x_elementToProof\">Une lettre de diffusion<\/div>\n<div class=\"x_elementToProof\">Les m\u00e9thodologies de jugement ainsi que les feuilles de notation 2025<\/div>\n<div class=\"x_elementToProof\">Les fiches FPI avec mode op\u00e9ratoire 2025<\/div>\n<\/div>\n<\/div>\n<div>\u00a0<\/div>\n<div><a href=\"http:\/\/www.fftbliguedelorraine.fr\/wp-content\/uploads\/2024\/12\/Lettre-de-diffusion-Methodologie.pdf\">Lettre de diffusion M\u00e9thodologie<\/a><\/div>\n<div><a href=\"http:\/\/www.fftbliguedelorraine.fr\/wp-content\/uploads\/2024\/12\/METHODOLOGIE-DE-JUGEMENT-FILIERE-N1-N1-ELITE-2025.pdf\">METHODOLOGIE DE JUGEMENT FILIERE N1 &#8211; N1 ELITE 2025<\/a><\/div>\n<div><a href=\"http:\/\/www.fftbliguedelorraine.fr\/wp-content\/uploads\/2024\/12\/METHODOLOGIE-DE-JUGEMENT-FILIERE-N2-2025.pdf\">METHODOLOGIE DE JUGEMENT FILIERE N2 2025<\/a><\/div>\n<div><a href=\"http:\/\/www.fftbliguedelorraine.fr\/wp-content\/uploads\/2024\/12\/METHODOLOGIE-DE-JUGEMENT-FILIERE-N3-2025.pdf\">METHODOLOGIE DE JUGEMENT FILIERE N3 2025<\/a><\/div>\n<div><a href=\"http:\/\/www.fftbliguedelorraine.fr\/wp-content\/uploads\/2024\/12\/MODE-OPERATOIRE-FPI-N1-N1-ELITE-2025.pdf\">MODE OPERATOIRE FPI N1 &#8211; N1 ELITE 2025<\/a><\/div>\n<div><a href=\"http:\/\/www.fftbliguedelorraine.fr\/wp-content\/uploads\/2024\/12\/MODE-OPERATOIRE-FPI-N2-N3-2025.pdf\">MODE OPERATOIRE FPI N2 N3 2025<\/a><\/div>\n<div><a href=\"http:\/\/www.fftbliguedelorraine.fr\/wp-content\/uploads\/2024\/12\/FEUILLES-DE-NOTATION-SOLOS-N3-N2-et-DUO-EQUIPE-TOUTE-FILIERE.pdf\">FEUILLES DE NOTATION SOLOS N3 N2 et DUO EQUIPE TOUTE FILIERE<\/a><\/div>\n<div><a href=\"http:\/\/www.fftbliguedelorraine.fr\/wp-content\/uploads\/2024\/12\/FPI-N1-N1-ELITE_2025.xlsx\">FPI N1 -N1 ELITE_2025<\/a><\/div>\n<div><a href=\"http:\/\/www.fftbliguedelorraine.fr\/wp-content\/uploads\/2024\/12\/FPI-N2_2025.xlsx\">FPI N2_2025<\/a><\/div>\n<div><a href=\"http:\/\/www.fftbliguedelorraine.fr\/wp-content\/uploads\/2024\/12\/FPI-N3_2025.xlsx\">FPI N3_2025<\/a><\/div>\n<div data-olk-copy-source=\"MessageBody\"><hr \/><\/div>\n<div data-olk-copy-source=\"MessageBody\">Nous vous prions de bien vouloir trouver ci-joint la modification du bar\u00e8me pour les \u00e9quipes N2, ainsi que les lexiques des \u00e9changes DUO et \u00c9QUIPE.<br \/>Vous pouvez \u00e9galement les retrouver sur le site FFTWIRL.<\/div>\n<div data-olk-copy-source=\"MessageBody\"><a href=\"http:\/\/www.fftbliguedelorraine.fr\/wp-content\/uploads\/2024\/11\/ECHANGE-DUO-N2-N3.pdf\">ECHANGE DUO N2 N3<\/a><\/div>\n<div data-olk-copy-source=\"MessageBody\"><a href=\"http:\/\/www.fftbliguedelorraine.fr\/wp-content\/uploads\/2024\/11\/ECHANGE-EQUIPE-N2-N3.pdf\">ECHANGE EQUIPE N2 N3<\/a><\/div>\n<div data-olk-copy-source=\"MessageBody\"><a href=\"http:\/\/www.fftbliguedelorraine.fr\/wp-content\/uploads\/2024\/11\/EQUIPE-N2-V2.pdf\">EQUIPE N2 V2<\/a><\/div>\n<div data-olk-copy-source=\"MessageBody\"><hr \/><\/div>\n<div class=\"x_elementToProof\" data-olk-copy-source=\"MessageBody\">Nous vous prions de trouver\u00a0ci-joint une communication sur les bar\u00e8mes 2025\u00a0<\/div>\n<div>\u00a0<\/div>\n<div><a href=\"http:\/\/www.fftbliguedelorraine.fr\/wp-content\/uploads\/2024\/10\/20241016_Communication-Baremes-2025.pdf\">20241016_Communication Bare\u0300mes 2025<\/a><\/div>\n<div><a href=\"http:\/\/www.fftbliguedelorraine.fr\/wp-content\/uploads\/2024\/10\/DUO-N1-Octobre-24.pdf\">DUO N1 Octobre 24<\/a><\/div>\n<div><a href=\"http:\/\/www.fftbliguedelorraine.fr\/wp-content\/uploads\/2024\/10\/DUO-N2-Octobre-24.pdf\">DUO N2 Octobre 24<\/a><\/div>\n<div><a href=\"http:\/\/www.fftbliguedelorraine.fr\/wp-content\/uploads\/2024\/10\/DUO-N3-Octobre-24.pdf\">DUO N3 Octobre 24<\/a><\/div>\n<div><a href=\"http:\/\/www.fftbliguedelorraine.fr\/wp-content\/uploads\/2024\/10\/EQUIPES-N1-Octobre-2024.pdf\">EQUIPES N1 Octobre 2024<\/a><\/div>\n<div><a href=\"http:\/\/www.fftbliguedelorraine.fr\/wp-content\/uploads\/2024\/10\/EQUIPES-N2-Octobre-24.pdf\">EQUIPES N2 Octobre 24<\/a><\/div>\n<div><a href=\"http:\/\/www.fftbliguedelorraine.fr\/wp-content\/uploads\/2024\/10\/EQUIPES-N3-Octobre-24.pdf\">EQUIPES N3 Octobre 24<\/a><\/div>\n<div><a href=\"http:\/\/www.fftbliguedelorraine.fr\/wp-content\/uploads\/2024\/10\/PROGRESSION-MG-N1-POUR-DUO-ET-EQUIPES-Octobre-24.pdf\">PROGRESSION MG N1 POUR DUO ET EQUIPES Octobre 24<\/a><\/div>\n<div><a href=\"http:\/\/www.fftbliguedelorraine.fr\/wp-content\/uploads\/2024\/10\/PROGRESSION-MG-N2-Octobre-24.pdf\">PROGRESSION MG N2 Octobre 24<\/a><\/div>\n<div><a href=\"http:\/\/www.fftbliguedelorraine.fr\/wp-content\/uploads\/2024\/10\/PROGRESSION-MG-N3-Octobre-24.pdf\">PROGRESSION MG N3 Octobre 24<\/a><\/div>\n<div><a href=\"http:\/\/www.fftbliguedelorraine.fr\/wp-content\/uploads\/2024\/10\/PROGRESSION-ROULERS-N1-POUR-DUOS-ET-EQUIPES-Octobre-24.pdf\">PROGRESSION ROULERS N1 POUR DUOS ET EQUIPES Octobre 24<\/a><\/div>\n<div><a href=\"http:\/\/www.fftbliguedelorraine.fr\/wp-content\/uploads\/2024\/10\/PROGRESSION-ROULERS-N1-SOLO-Octobre-24.pdf\">PROGRESSION ROULERS N1 SOLO Octobre 24<\/a><\/div>\n<div><a href=\"http:\/\/www.fftbliguedelorraine.fr\/wp-content\/uploads\/2024\/10\/PROGRESSION-ROULERS-N2-Octobre-24.pdf\">PROGRESSION ROULERS N2 Octobre 24<\/a><\/div>\n<div><a href=\"http:\/\/www.fftbliguedelorraine.fr\/wp-content\/uploads\/2024\/10\/PROGRESSION-ROULERS-N3-Octobre-24.pdf\">PROGRESSION ROULERS N3 Octobre 24<\/a><\/div>\n<div><a href=\"http:\/\/www.fftbliguedelorraine.fr\/wp-content\/uploads\/2024\/10\/TABLEAU-DES-ELEMENTS-SOUS-LE-BATON-TOUTE-FILIERES-Octobre-24.pdf\">TABLEAU DES ELEMENTS SOUS LE BATON TOUTE FILIERES Octobre 24<\/a><\/div>\n<div><a href=\"http:\/\/www.fftbliguedelorraine.fr\/wp-content\/uploads\/2024\/10\/TABLEAU-DES-ENGAGEMENTS-ET-RATTRAPAGES-TOUTES-FILIERES-Octobre-24.pdf\">TABLEAU DES ENGAGEMENTS ET RATTRAPAGES TOUTES FILIERES Octobre 24<\/a><\/div>\n<p>*************************************************************************************************<\/p>\n<p>A l&rsquo;attention des Pr\u00e9sidents de Club Pratique FFTB,<br \/>A l&rsquo;attention des Pr\u00e9sidents de D\u00e9partement et de Ligue,<br \/>Pour information aux Membres du Comit\u00e9 Directeur F\u00e9d\u00e9ral,<\/p>\n<p>Vous trouverez ci-joint une communication sur les bar\u00e8mes et la m\u00e9thodologie 2024\/2025 mais aussi :<\/p>\n<p>Elements sous le lancer<br \/>Bar\u00e8me Roulers<br \/>MG en version internationale pour information<br \/>Les engagements et rattrapage<\/p>\n<p><a href=\"http:\/\/www.fftbliguedelorraine.fr\/wp-content\/uploads\/2024\/07\/Communication-baremes-et-methodologie-2025-6-JUILLET-24.pdf\">Communication baremes et methodologie 2025- 6 JUILLET 24<\/a><\/p>\n<p><a href=\"http:\/\/www.fftbliguedelorraine.fr\/wp-content\/uploads\/2024\/07\/PROGRESSION-ROULERS-N1-VERSION-6-JUILLET-24.pdf\">PROGRESSION ROULERS N1 VERSION 6 JUILLET 24<\/a><\/p>\n<p><a href=\"http:\/\/www.fftbliguedelorraine.fr\/wp-content\/uploads\/2024\/07\/TABLEAU-DES-ELEMENTS-SOUS-LE-BATON-VERSION-6-JUILLET-24.pdf\">TABLEAU DES ELEMENTS SOUS LE BATON VERSION 6 JUILLET 24<\/a><\/p>\n<p><a href=\"http:\/\/www.fftbliguedelorraine.fr\/wp-content\/uploads\/2024\/07\/TABLEAU-DES-ENGAGEMENTS-ET-RATTRAPAGES-VERSION-6-JUILLET-24.pdf\">TABLEAU DES ENGAGEMENTS ET RATTRAPAGES VERSION 6 JUILLET 24<\/a><\/p>\n<p><a href=\"http:\/\/www.fftbliguedelorraine.fr\/wp-content\/uploads\/2024\/07\/Appendix-G-Contact-Grid-20210818.pdf\">Appendix G Contact Grid 20210818<\/a><\/p>\n<p>*************************************************************************<\/p>\n<p><a href=\"http:\/\/www.fftbliguedelorraine.fr\/wp-content\/uploads\/2024\/09\/TABLEAU-DES-ENGAGEMENTS-ET-RATTRAPAGES-VERSION-Octobre-23.pdf\">TABLEAU DES ENGAGEMENTS ET RATTRAPAGES VERSION Octobre 23<\/a><\/p>\n<p><a href=\"http:\/\/www.fftbliguedelorraine.fr\/wp-content\/uploads\/2024\/09\/TABLEAU-DES-ELEMENTS-SOUS-LE-BATON-VERSION-Octobre-23.pdf\">TABLEAU DES ELEMENTS SOUS LE BATON VERSION Octobre 23<\/a><\/p>\n<p><a href=\"http:\/\/www.fftbliguedelorraine.fr\/wp-content\/uploads\/2024\/09\/PROGRESSION-ROULERS-N3-VERSION-Octobre-2023.pdf\">PROGRESSION ROULERS N3 VERSION Octobre 2023<\/a><\/p>\n<p><a href=\"http:\/\/www.fftbliguedelorraine.fr\/wp-content\/uploads\/2024\/09\/PROGRESSION-ROULERS-N2-VERSION-Octobre-2023.pdf\">PROGRESSION ROULERS N2 VERSION Octobre 2023<\/a><\/p>\n<p><a href=\"http:\/\/www.fftbliguedelorraine.fr\/wp-content\/uploads\/2024\/09\/PROGRESSION-ROULERS-N1-VERSION-Octobre-2023.pdf\">PROGRESSION ROULERS N1 VERSION Octobre 2023<\/a><\/p>\n<p><a href=\"http:\/\/www.fftbliguedelorraine.fr\/wp-content\/uploads\/2024\/09\/PROGRESSION-MG-N1-N2-N3-VERSION-octobre-2023.pdf\">PROGRESSION MG N1 N2 N3 VERSION octobre 2023<\/a><\/p>\n<p><a href=\"http:\/\/www.fftbliguedelorraine.fr\/wp-content\/uploads\/2024\/09\/METHODOLOGIE-DE-JUGEMENT-2024.pdf\">METHODOLOGIE DE JUGEMENT 2024<\/a><\/p>\n<p><a href=\"http:\/\/www.fftbliguedelorraine.fr\/wp-content\/uploads\/2024\/09\/LEXIQUE-ABREVIATION.pdf\">LEXIQUE ABREVIATION<\/a><\/p>\n<p><a href=\"http:\/\/www.fftbliguedelorraine.fr\/wp-content\/uploads\/2024\/09\/EQUIPES-N3-VERSION-Octobre-2023.pdf\">EQUIPES N3 VERSION Octobre 2023<\/a><\/p>\n<p><a href=\"http:\/\/www.fftbliguedelorraine.fr\/wp-content\/uploads\/2024\/09\/EQUIPES-N2-VERSION-Octobre-2023.pdf\">EQUIPES N2 VERSION Octobre 2023<\/a><\/p>\n<p><a href=\"http:\/\/www.fftbliguedelorraine.fr\/wp-content\/uploads\/2024\/09\/EQUIPES-N1-VERSION-Octobre-2023.pdf\">EQUIPES N1 VERSION Octobre 2023<\/a><\/p>\n<p><a href=\"http:\/\/www.fftbliguedelorraine.fr\/wp-content\/uploads\/2024\/09\/DUOS-N3-VERSION-Octobre-2023.pdf\">DUOS N3 VERSION Octobre 2023<\/a><\/p>\n<p><a href=\"http:\/\/www.fftbliguedelorraine.fr\/wp-content\/uploads\/2024\/09\/DUOS-N2-VERSION-Octobre-2023.pdf\">DUOS N2 VERSION Octobre 2023<\/a><\/p>\n<p><a href=\"http:\/\/www.fftbliguedelorraine.fr\/wp-content\/uploads\/2024\/09\/DUOS-N1-VERSION-Octobre-2023.pdf\">DUOS N1 VERSION Octobre 2023<\/a><\/p>\n<p>\u00a0<\/p>\n","protected":false},"excerpt":{"rendered":"<p>Suite au dernier S\u00e9minaire Juges de la pratique Artistique, certaines pr\u00e9cisions ont \u00e9t\u00e9 apport\u00e9 sur: des mouvements du bar\u00e8me des points de la m\u00e9thodologie de jugement Afin que vous ayez tous les m\u00eames informations, vous retrouverez dans le fichier joint, ces pr\u00e9cisions apport\u00e9es aux juges. \u00a0 Retour du S\u00e9minaire Juges 2025 Vous trouverez ci-dessous :<\/p>\n","protected":false},"author":1,"featured_media":0,"parent":16,"menu_order":0,"comment_status":"closed","ping_status":"closed","template":"","meta":{"footnotes":""},"class_list":["post-3136","page","type-page","status-publish","hentry"],"_links":{"self":[{"href":"http:\/\/www.fftbliguedelorraine.fr\/index.php?rest_route=\/wp\/v2\/pages\/3136","targetHints":{"allow":["GET"]}}],"collection":[{"href":"http:\/\/www.fftbliguedelorraine.fr\/index.php?rest_route=\/wp\/v2\/pages"}],"about":[{"href":"http:\/\/www.fftbliguedelorraine.fr\/index.php?rest_route=\/wp\/v2\/types\/page"}],"author":[{"embeddable":true,"href":"http:\/\/www.fftbliguedelorraine.fr\/index.php?rest_route=\/wp\/v2\/users\/1"}],"replies":[{"embeddable":true,"href":"http:\/\/www.fftbliguedelorraine.fr\/index.php?rest_route=%2Fwp%2Fv2%2Fcomments&post=3136"}],"version-history":[{"count":40,"href":"http:\/\/www.fftbliguedelorraine.fr\/index.php?rest_route=\/wp\/v2\/pages\/3136\/revisions"}],"predecessor-version":[{"id":10847,"href":"http:\/\/www.fftbliguedelorraine.fr\/index.php?rest_route=\/wp\/v2\/pages\/3136\/revisions\/10847"}],"up":[{"embeddable":true,"href":"http:\/\/www.fftbliguedelorraine.fr\/index.php?rest_route=\/wp\/v2\/pages\/16"}],"wp:attachment":[{"href":"http:\/\/www.fftbliguedelorraine.fr\/index.php?rest_route=%2Fwp%2Fv2%2Fmedia&parent=3136"}],"curies":[{"name":"wp","href":"https:\/\/api.w.org\/{rel}","templated":true}]}}