{"id":2880,"date":"2015-06-30T16:50:36","date_gmt":"2015-06-30T15:50:36","guid":{"rendered":"http:\/\/www.fftbliguedelorraine.fr\/?page_id=2880"},"modified":"2026-02-19T19:02:25","modified_gmt":"2026-02-19T18:02:25","slug":"divers-documents-fftb","status":"publish","type":"page","link":"http:\/\/www.fftbliguedelorraine.fr\/?page_id=2880","title":{"rendered":"PV de r\u00e9unions, relev\u00e9s de d\u00e9cisions FFSTB &#8230;&#8230;.."},"content":{"rendered":"<div style=\"text-align: center;\">\n<div><\/div>\n<div><\/div>\n<\/div>\n","protected":false},"excerpt":{"rendered":"","protected":false},"author":1,"featured_media":0,"parent":75,"menu_order":0,"comment_status":"closed","ping_status":"closed","template":"","meta":{"footnotes":""},"class_list":["post-2880","page","type-page","status-publish","hentry"],"_links":{"self":[{"href":"http:\/\/www.fftbliguedelorraine.fr\/index.php?rest_route=\/wp\/v2\/pages\/2880","targetHints":{"allow":["GET"]}}],"collection":[{"href":"http:\/\/www.fftbliguedelorraine.fr\/index.php?rest_route=\/wp\/v2\/pages"}],"about":[{"href":"http:\/\/www.fftbliguedelorraine.fr\/index.php?rest_route=\/wp\/v2\/types\/page"}],"author":[{"embeddable":true,"href":"http:\/\/www.fftbliguedelorraine.fr\/index.php?rest_route=\/wp\/v2\/users\/1"}],"replies":[{"embeddable":true,"href":"http:\/\/www.fftbliguedelorraine.fr\/index.php?rest_route=%2Fwp%2Fv2%2Fcomments&post=2880"}],"version-history":[{"count":50,"href":"http:\/\/www.fftbliguedelorraine.fr\/index.php?rest_route=\/wp\/v2\/pages\/2880\/revisions"}],"predecessor-version":[{"id":11615,"href":"http:\/\/www.fftbliguedelorraine.fr\/index.php?rest_route=\/wp\/v2\/pages\/2880\/revisions\/11615"}],"up":[{"embeddable":true,"href":"http:\/\/www.fftbliguedelorraine.fr\/index.php?rest_route=\/wp\/v2\/pages\/75"}],"wp:attachment":[{"href":"http:\/\/www.fftbliguedelorraine.fr\/index.php?rest_route=%2Fwp%2Fv2%2Fmedia&parent=2880"}],"curies":[{"name":"wp","href":"https:\/\/api.w.org\/{rel}","templated":true}]}}