{"id":2793,"date":"2015-06-02T18:36:39","date_gmt":"2015-06-02T17:36:39","guid":{"rendered":"http:\/\/www.fftbliguedelorraine.fr\/?page_id=2793"},"modified":"2025-04-28T07:05:39","modified_gmt":"2025-04-28T06:05:39","slug":"stage-dete","status":"publish","type":"page","link":"http:\/\/www.fftbliguedelorraine.fr\/?page_id=2793","title":{"rendered":"Stage d&rsquo;\u00e9t\u00e9"},"content":{"rendered":"<p><img loading=\"lazy\" decoding=\"async\" class=\"wp-image-11212 aligncenter\" src=\"http:\/\/www.fftbliguedelorraine.fr\/wp-content\/uploads\/2025\/04\/492942208_9593882350708416_3208759905522859803_n.jpg\" alt=\"\" width=\"537\" height=\"761\" srcset=\"http:\/\/www.fftbliguedelorraine.fr\/wp-content\/uploads\/2025\/04\/492942208_9593882350708416_3208759905522859803_n.jpg 641w, http:\/\/www.fftbliguedelorraine.fr\/wp-content\/uploads\/2025\/04\/492942208_9593882350708416_3208759905522859803_n-212x300.jpg 212w\" sizes=\"auto, (max-width: 537px) 100vw, 537px\" \/><\/p>\n<div data-olk-copy-source=\"MessageBody\">Comme les ann\u00e9es pass\u00e9es, notre club organise son stage d&rsquo;\u00e9t\u00e9 les19 et 20 juillet 2025 au Palais Omnisports Joseph Claudel &#8211; rue du 12\u00e8me r\u00e9giment d&rsquo;artillerie prolong\u00e9e 88100 SAINT DIE DES VOSGES. Aucun transport \u00e0 pr\u00e9voir, le stage se d\u00e9roule uniquement sur le Palais Omnisports.<\/div>\n<div>\u00a0<\/div>\n<div>Les intervenants sont :<\/div>\n<div>\n<ul>\n<li>Xavier PAPIN &#8211; Entra\u00eeneur et Juge International<\/li>\n<li>Nicolas DREUMONT &#8211; Entra\u00eeneur national et coach sportif<\/li>\n<li>Sabrina P\u00c9AN &#8211; Championne du Monde en Equipe de France 2024<\/li>\n<li>Allan REVILLON &#8211; Danseur professionnel<\/li>\n<li>Sandra FESARD &#8211; Danse zumba<\/li>\n<li>Marion DOPPLER &#8211; Gymnastique<\/li>\n<\/ul>\n<div>Les horaires sont :<\/div>\n<\/div>\n<div>\n<ul>\n<li>Samedi 22 juillet &#8211; de 9h00 \u00e0 17h00<\/li>\n<li>Dimanche 23 juillet de 08h30 \u00e0 16h30<\/li>\n<\/ul>\n<div>Les tarifs sont :<\/div>\n<div>\n<ul>\n<li>40 \u20ac pour une journ\u00e9e<\/li>\n<li>70 \u20ac pour les deux journ\u00e9es<\/li>\n<\/ul>\n<\/div>\n<div>Possibilit\u00e9 de prendre des cours suppl\u00e9mentaires avec les intervenants twirling, le samedi soir uniquement. Les inscriptions seront trait\u00e9es par ordre d&rsquo;arriv\u00e9e.\u00a0<\/div>\n<\/div>\n<div>\u00a0<\/div>\n<div><span style=\"background-color: #ffff99;\"><strong>Le stage est limit\u00e9 \u00e0 90 participants maximum. Le minimum technique exig\u00e9 est le lanc\u00e9 simple.<\/strong><\/span><\/div>\n<div>\u00a0<\/div>\n<div>Restant \u00e0 votre disposition pour tout renseignement compl\u00e9mentaire,<\/div>\n<div>Cordialement<\/div>\n<div>Gis\u00e8le VATT\u00c9 &#8211; Pr\u00e9sidente Saint Di\u00e9 des Vosges Twirling<\/div>\n<p><a href=\"http:\/\/www.fftbliguedelorraine.fr\/wp-content\/uploads\/2025\/04\/Bulletin-dinscription-Stage-dEte-Juillet-2025.docx\">Bulletin d&rsquo;inscription Stage d&rsquo;Et\u00e9 &#8211; Juillet 2025<\/a><\/p>\n<hr \/>\n<p><img loading=\"lazy\" decoding=\"async\" class=\"size-medium wp-image-11045 aligncenter\" src=\"http:\/\/www.fftbliguedelorraine.fr\/wp-content\/uploads\/2025\/03\/484867601_1178663237602918_4381095703805318360_n-300x300.jpg\" alt=\"\" width=\"300\" height=\"300\" srcset=\"http:\/\/www.fftbliguedelorraine.fr\/wp-content\/uploads\/2025\/03\/484867601_1178663237602918_4381095703805318360_n-300x300.jpg 300w, http:\/\/www.fftbliguedelorraine.fr\/wp-content\/uploads\/2025\/03\/484867601_1178663237602918_4381095703805318360_n-150x150.jpg 150w, http:\/\/www.fftbliguedelorraine.fr\/wp-content\/uploads\/2025\/03\/484867601_1178663237602918_4381095703805318360_n-60x60.jpg 60w, http:\/\/www.fftbliguedelorraine.fr\/wp-content\/uploads\/2025\/03\/484867601_1178663237602918_4381095703805318360_n.jpg 526w\" sizes=\"auto, (max-width: 300px) 100vw, 300px\" \/><\/p>\n<p style=\"text-align: center;\">******************************************************<\/p>\n<p><img loading=\"lazy\" decoding=\"async\" class=\"alignleft  wp-image-10681\" src=\"http:\/\/www.fftbliguedelorraine.fr\/wp-content\/uploads\/2024\/11\/stage-ete-300x225.jpg\" alt=\"\" width=\"409\" height=\"307\" srcset=\"http:\/\/www.fftbliguedelorraine.fr\/wp-content\/uploads\/2024\/11\/stage-ete-300x225.jpg 300w, http:\/\/www.fftbliguedelorraine.fr\/wp-content\/uploads\/2024\/11\/stage-ete-1024x768.jpg 1024w, http:\/\/www.fftbliguedelorraine.fr\/wp-content\/uploads\/2024\/11\/stage-ete-768x576.jpg 768w, http:\/\/www.fftbliguedelorraine.fr\/wp-content\/uploads\/2024\/11\/stage-ete-1536x1152.jpg 1536w, http:\/\/www.fftbliguedelorraine.fr\/wp-content\/uploads\/2024\/11\/stage-ete.jpg 2000w\" sizes=\"auto, (max-width: 409px) 100vw, 409px\" \/><\/p>\n<p><span style=\"background-color: #ccffff;\"><strong>Stage d&rsquo;\u00e9t\u00e9 de Saint-Di\u00e9 des Vosges des 22 et 23 juillet 2023\u00a0<\/strong><\/span><\/p>\n<p><img loading=\"lazy\" decoding=\"async\" class=\"alignleft  wp-image-9364\" src=\"http:\/\/www.fftbliguedelorraine.fr\/wp-content\/uploads\/2023\/07\/1-1024x576.jpg\" alt=\"\" width=\"692\" height=\"390\" srcset=\"http:\/\/www.fftbliguedelorraine.fr\/wp-content\/uploads\/2023\/07\/1-1024x576.jpg 1024w, http:\/\/www.fftbliguedelorraine.fr\/wp-content\/uploads\/2023\/07\/1-300x169.jpg 300w, http:\/\/www.fftbliguedelorraine.fr\/wp-content\/uploads\/2023\/07\/1-768x432.jpg 768w, http:\/\/www.fftbliguedelorraine.fr\/wp-content\/uploads\/2023\/07\/1-1536x864.jpg 1536w, http:\/\/www.fftbliguedelorraine.fr\/wp-content\/uploads\/2023\/07\/1-2048x1152.jpg 2048w\" sizes=\"auto, (max-width: 692px) 100vw, 692px\" \/><\/p>\n<p><img loading=\"lazy\" decoding=\"async\" class=\"alignleft  wp-image-9365\" src=\"http:\/\/www.fftbliguedelorraine.fr\/wp-content\/uploads\/2023\/07\/2-1024x576.jpg\" alt=\"\" width=\"705\" height=\"397\" srcset=\"http:\/\/www.fftbliguedelorraine.fr\/wp-content\/uploads\/2023\/07\/2-1024x576.jpg 1024w, http:\/\/www.fftbliguedelorraine.fr\/wp-content\/uploads\/2023\/07\/2-300x169.jpg 300w, http:\/\/www.fftbliguedelorraine.fr\/wp-content\/uploads\/2023\/07\/2-768x432.jpg 768w, http:\/\/www.fftbliguedelorraine.fr\/wp-content\/uploads\/2023\/07\/2-1536x864.jpg 1536w, http:\/\/www.fftbliguedelorraine.fr\/wp-content\/uploads\/2023\/07\/2-2048x1152.jpg 2048w\" sizes=\"auto, (max-width: 705px) 100vw, 705px\" \/> <img loading=\"lazy\" decoding=\"async\" class=\"alignleft  wp-image-9366\" src=\"http:\/\/www.fftbliguedelorraine.fr\/wp-content\/uploads\/2023\/07\/3-1024x576.jpg\" alt=\"\" width=\"698\" height=\"393\" srcset=\"http:\/\/www.fftbliguedelorraine.fr\/wp-content\/uploads\/2023\/07\/3-1024x576.jpg 1024w, http:\/\/www.fftbliguedelorraine.fr\/wp-content\/uploads\/2023\/07\/3-300x169.jpg 300w, http:\/\/www.fftbliguedelorraine.fr\/wp-content\/uploads\/2023\/07\/3-768x432.jpg 768w, http:\/\/www.fftbliguedelorraine.fr\/wp-content\/uploads\/2023\/07\/3-1536x864.jpg 1536w, http:\/\/www.fftbliguedelorraine.fr\/wp-content\/uploads\/2023\/07\/3-2048x1152.jpg 2048w\" sizes=\"auto, (max-width: 698px) 100vw, 698px\" \/> <img loading=\"lazy\" decoding=\"async\" class=\"alignleft  wp-image-9367\" src=\"http:\/\/www.fftbliguedelorraine.fr\/wp-content\/uploads\/2023\/07\/4-1024x576.jpg\" alt=\"\" width=\"694\" height=\"391\" srcset=\"http:\/\/www.fftbliguedelorraine.fr\/wp-content\/uploads\/2023\/07\/4-1024x576.jpg 1024w, http:\/\/www.fftbliguedelorraine.fr\/wp-content\/uploads\/2023\/07\/4-300x169.jpg 300w, http:\/\/www.fftbliguedelorraine.fr\/wp-content\/uploads\/2023\/07\/4-768x432.jpg 768w, http:\/\/www.fftbliguedelorraine.fr\/wp-content\/uploads\/2023\/07\/4-1536x864.jpg 1536w, http:\/\/www.fftbliguedelorraine.fr\/wp-content\/uploads\/2023\/07\/4-2048x1152.jpg 2048w\" sizes=\"auto, (max-width: 694px) 100vw, 694px\" \/><\/p>\n\n","protected":false},"excerpt":{"rendered":"<p>Comme les ann\u00e9es pass\u00e9es, notre club organise son stage d&rsquo;\u00e9t\u00e9 les19 et 20 juillet 2025 au Palais Omnisports Joseph Claudel &#8211; rue du 12\u00e8me r\u00e9giment d&rsquo;artillerie prolong\u00e9e 88100 SAINT DIE DES VOSGES. Aucun transport \u00e0 pr\u00e9voir, le stage se d\u00e9roule uniquement sur le Palais Omnisports. \u00a0 Les intervenants sont : Xavier PAPIN &#8211; Entra\u00eeneur et<\/p>\n","protected":false},"author":1,"featured_media":0,"parent":110,"menu_order":0,"comment_status":"closed","ping_status":"closed","template":"","meta":{"footnotes":""},"class_list":["post-2793","page","type-page","status-publish","hentry"],"_links":{"self":[{"href":"http:\/\/www.fftbliguedelorraine.fr\/index.php?rest_route=\/wp\/v2\/pages\/2793","targetHints":{"allow":["GET"]}}],"collection":[{"href":"http:\/\/www.fftbliguedelorraine.fr\/index.php?rest_route=\/wp\/v2\/pages"}],"about":[{"href":"http:\/\/www.fftbliguedelorraine.fr\/index.php?rest_route=\/wp\/v2\/types\/page"}],"author":[{"embeddable":true,"href":"http:\/\/www.fftbliguedelorraine.fr\/index.php?rest_route=\/wp\/v2\/users\/1"}],"replies":[{"embeddable":true,"href":"http:\/\/www.fftbliguedelorraine.fr\/index.php?rest_route=%2Fwp%2Fv2%2Fcomments&post=2793"}],"version-history":[{"count":62,"href":"http:\/\/www.fftbliguedelorraine.fr\/index.php?rest_route=\/wp\/v2\/pages\/2793\/revisions"}],"predecessor-version":[{"id":11218,"href":"http:\/\/www.fftbliguedelorraine.fr\/index.php?rest_route=\/wp\/v2\/pages\/2793\/revisions\/11218"}],"up":[{"embeddable":true,"href":"http:\/\/www.fftbliguedelorraine.fr\/index.php?rest_route=\/wp\/v2\/pages\/110"}],"wp:attachment":[{"href":"http:\/\/www.fftbliguedelorraine.fr\/index.php?rest_route=%2Fwp%2Fv2%2Fmedia&parent=2793"}],"curies":[{"name":"wp","href":"https:\/\/api.w.org\/{rel}","templated":true}]}}