{"id":1351,"date":"2014-05-13T15:53:48","date_gmt":"2014-05-13T14:53:48","guid":{"rendered":"http:\/\/www.fftbliguedelorraine.fr\/?page_id=1351"},"modified":"2025-03-20T19:18:22","modified_gmt":"2025-03-20T18:18:22","slug":"informations-diverses","status":"publish","type":"page","link":"http:\/\/www.fftbliguedelorraine.fr\/?page_id=1351","title":{"rendered":"(CDOS 54, CROS,DRJSCS  Lorraine,CNOSF)"},"content":{"rendered":"\n<p data-olk-copy-source=\"MessageBody\">Le CDOS 54 d\u00e9m\u00e9nage!<\/p>\n<p>Pour des raisons logistiques\u00a0<strong>nous serons ferm\u00e9s du jeudi 13\/03\/25 au mercredi 19\/03\/25.<\/strong><\/p>\n<p>La nouvelle adresse postale du CDOS 54 est au\u00a0<strong>44 rue colonel Driant 54220 Malz\u00e9ville<\/strong><strong>.<\/strong><\/p>\n<p>Le nouveau num\u00e9ro de t\u00e9l\u00e9phone du secr\u00e9tariat sera le\u00a0<strong>03 83 67 01 84<\/strong>.<\/p>\n<p>Les horaires d\u2019accueil au public ne changeront pas pour l&rsquo;instant.<\/p>\n<hr \/>\n<p class=\"x_MsoNormal\" data-olk-copy-source=\"MessageBody\">Prochaine assembl\u00e9e g\u00e9n\u00e9rale ordinaire et\u00a0 assembl\u00e9e g\u00e9n\u00e9rale \u00e9lective pour la nouvelle olympiade 2025 \u2013 2029 qui se tiendra le :<\/p>\n<p class=\"x_MsoNormal\"><b>\u00a0<\/b><b>Vendredi 4 avril 2025 \u00e0 18 H (Accueil \u00e0 partir de 17 H)<\/b><\/p>\n<p class=\"x_MsoNormal\"><b>Salle polyvalente Michel DINET<\/b><\/p>\n<p class=\"x_MsoNormal\"><b>Place Fran\u00e7ois Mitterrand<\/b><\/p>\n<p class=\"x_MsoNormal\"><b>54220 Malz\u00e9ville (nombreux parkings \u00e0 proximit\u00e9)<\/b><\/p>\n<p class=\"x_MsoNormal\">Merci de nous transmettre votre r\u00e9ponse par comit\u00e9 d\u00e9partemental\u00a0<b>avant le 01\/04\/2025<\/b><\/p>\n<p class=\"x_MsoNormal\"><a href=\"http:\/\/www.fftbliguedelorraine.fr\/wp-content\/uploads\/2025\/03\/Coupon-reponse-Assemblee-Generale-CDOS-54-2025.docx\">Coupon r\u00e9ponse Assembl\u00e9e G\u00e9n\u00e9rale CDOS 54 2025<\/a><\/p>\n<p class=\"x_MsoNormal\"><a href=\"http:\/\/www.fftbliguedelorraine.fr\/wp-content\/uploads\/2025\/03\/invitation-AG-2025-CDOS-54.pdf\">invitation AG 2025 CDOS 54<\/a><\/p>\n<p class=\"x_MsoNormal\"><a href=\"http:\/\/www.fftbliguedelorraine.fr\/wp-content\/uploads\/2025\/03\/Ordre-du-jour-et-convocation-a-lassemblee-generale-ordinaire-et-elective-du-cdos-54.pdf\">Ordre du jour et convocation \u00e0 l&rsquo;assembl\u00e9e g\u00e9n\u00e9rale ordinaire et \u00e9lective du cdos 54;<\/a><\/p>\n<p class=\"x_MsoNormal\"><a href=\"http:\/\/www.fftbliguedelorraine.fr\/wp-content\/uploads\/2025\/03\/Pouvoir-2025.docx\">Pouvoir 2025<\/a><\/p>\n<p>\u00a0<\/p>\n<hr \/>\n<p><a href=\"http:\/\/www.fftbliguedelorraine.fr\/wp-content\/uploads\/2024\/10\/BORDEREAUDENVOIASSOCIATIONSPORTIVEETCOLLECTIVITES2023-2024.xlsx\">BORDEREAUD&rsquo;ENVOIASSOCIATIONSPORTIVEETCOLLECTIVITES2023-2024<\/a><\/p>\n<div><strong><span data-olk-copy-source=\"MessageBody\">N&rsquo;h\u00e9sitez pas \u00e0 nous transmettre votre dossier Pass Jeunes d\u00e8s que possible.<br \/><br \/>Plus t\u00f4t envoy\u00e9 = Plus t\u00f4t pay\u00e9 !<\/span><\/strong><br \/><br \/>Si vous avez des questions, n&rsquo;h\u00e9sitez pas \u00e0 nous contacter.<\/div>\n<div aria-hidden=\"true\">\u00a0<\/div>\n<div>Les bordereaux et les justificatifs sont \u00e0 nous transmettre par voie postale jusqu&rsquo;au <strong>28 f\u00e9vrier 2025<\/strong><br \/>(date de fin de campagne du Pass Jeunes 54)<\/div>\n<div data-olk-copy-source=\"MessageBody\">N&rsquo;oubliez pas de nous fournir\u00a0<strong><u>l&rsquo;extrait compteasso des Pass Sport<\/u>\u00a0<\/strong>des Jeunes qui cumulent les deux dispositifs (Pass Jeunes \/ Pass Sport).<br \/><br \/><strong>Vous pouvez t\u00e9l\u00e9charger un r\u00e9capitulatif de votre demande de remboursement depuis le compteasso.<\/strong><\/div>\n<div aria-hidden=\"true\">\u00a0<\/div>\n<div>Voici le chemin :<br \/><br \/><em>G\u00e9rer les inscriptions Pass Sport &gt; Suivi des inscriptions &gt; Extraire la liste des b\u00e9n\u00e9ficiaires (petit rectangle bleu juste au-dessus de votre liste r\u00e9capitulative des b\u00e9n\u00e9ficiaires saisis)<\/em><\/div>\n<hr \/>\n<p>La saison 2024-2025 du PASS SPORT d\u00e9bute !<\/p>\n<p>Elle est ouverte du 1er juin au 31 d\u00e9cembre 2024.<\/p>\n<p>Le pass Sport 2024 s&rsquo;adressera aux jeunes qui sont :<\/p>\n<p>-n\u00e9s entre le 16 septembre 2006 et le 31 d\u00e9cembre 2018 et b\u00e9n\u00e9ficient de l&rsquo;allocation de rentr\u00e9e scolaire ;<br \/>-n\u00e9s entre le 1er juin 2004 et le 31 d\u00e9cembre 2018 et b\u00e9n\u00e9ficient de l&rsquo;allocation d&rsquo;\u00e9ducation de l&rsquo;enfant handicap\u00e9 ;<br \/>-n\u00e9s entre le 16 septembre 1993 et le 31 d\u00e9cembre 2008 et b\u00e9n\u00e9ficient de l&rsquo;allocation aux adultes handicap\u00e9s ;<br \/>-\u00e9tudiants, \u00e2g\u00e9s de 28 ans r\u00e9volus au plus, et b\u00e9n\u00e9ficient au plus tard le 15 octobre 2024, d&rsquo;une bourse de l&rsquo;\u00e9tat de l&rsquo;enseignement sup\u00e9rieur sous conditions de ressources, d&rsquo;une aide annuelle du CROUS ou d&rsquo;une bourse r\u00e9gionale pour les formations sanitaires et sociales pour l&rsquo;ann\u00e9e universitaire 2024 &#8211; 2025.<br \/>\u00a0<\/p>\n<p>Ils sont a d\u00e9clarer sur le compteasso ( https:\/\/lecompteasso.associations.gouv.fr\/ ) afin que vous puissiez bien vous faire rembourser.<\/p>\n<p>De plus nous vous invitons \u00e0 garder une copie des pass sport (scan, duplicata papier) pour votre comptabilit\u00e9.<\/p>\n<p>Sportivement<\/p>\n<p>CDOS 54<\/p>\n<p>3 Avenue du Rhin, 54320, MAXEVILLE<\/p>\n<p>\u00a0<\/p>\n<p style=\"text-align: center;\">********************************************************<\/p>\n<p>\u00a0<\/p>\n<p>\u00a0<\/p>\n<p>\u00a0<\/p>\n<p>\u00a0<\/p>\n<p>\u00a0<\/p>\n<p><br \/><br \/><u><\/u><br \/><br \/><br \/><br \/><br \/><br \/><\/p>\n<p><br \/><br \/><\/p>\n<p>\u00a0<\/p>\n","protected":false},"excerpt":{"rendered":"<p>Le CDOS 54 d\u00e9m\u00e9nage! Pour des raisons logistiques\u00a0nous serons ferm\u00e9s du jeudi 13\/03\/25 au mercredi 19\/03\/25. La nouvelle adresse postale du CDOS 54 est au\u00a044 rue colonel Driant 54220 Malz\u00e9ville. Le nouveau num\u00e9ro de t\u00e9l\u00e9phone du secr\u00e9tariat sera le\u00a003 83 67 01 84. Les horaires d\u2019accueil au public ne changeront pas pour l&rsquo;instant. Prochaine assembl\u00e9e<\/p>\n","protected":false},"author":1,"featured_media":0,"parent":110,"menu_order":0,"comment_status":"closed","ping_status":"closed","template":"","meta":{"footnotes":""},"class_list":["post-1351","page","type-page","status-publish","hentry"],"_links":{"self":[{"href":"http:\/\/www.fftbliguedelorraine.fr\/index.php?rest_route=\/wp\/v2\/pages\/1351","targetHints":{"allow":["GET"]}}],"collection":[{"href":"http:\/\/www.fftbliguedelorraine.fr\/index.php?rest_route=\/wp\/v2\/pages"}],"about":[{"href":"http:\/\/www.fftbliguedelorraine.fr\/index.php?rest_route=\/wp\/v2\/types\/page"}],"author":[{"embeddable":true,"href":"http:\/\/www.fftbliguedelorraine.fr\/index.php?rest_route=\/wp\/v2\/users\/1"}],"replies":[{"embeddable":true,"href":"http:\/\/www.fftbliguedelorraine.fr\/index.php?rest_route=%2Fwp%2Fv2%2Fcomments&post=1351"}],"version-history":[{"count":105,"href":"http:\/\/www.fftbliguedelorraine.fr\/index.php?rest_route=\/wp\/v2\/pages\/1351\/revisions"}],"predecessor-version":[{"id":11037,"href":"http:\/\/www.fftbliguedelorraine.fr\/index.php?rest_route=\/wp\/v2\/pages\/1351\/revisions\/11037"}],"up":[{"embeddable":true,"href":"http:\/\/www.fftbliguedelorraine.fr\/index.php?rest_route=\/wp\/v2\/pages\/110"}],"wp:attachment":[{"href":"http:\/\/www.fftbliguedelorraine.fr\/index.php?rest_route=%2Fwp%2Fv2%2Fmedia&parent=1351"}],"curies":[{"name":"wp","href":"https:\/\/api.w.org\/{rel}","templated":true}]}}