{"id":11389,"date":"2025-08-29T19:33:29","date_gmt":"2025-08-29T18:33:29","guid":{"rendered":"https:\/\/www.fftbliguedelorraine.fr\/?page_id=11389"},"modified":"2026-02-25T11:54:52","modified_gmt":"2026-02-25T10:54:52","slug":"centre-technique-regional","status":"publish","type":"page","link":"http:\/\/www.fftbliguedelorraine.fr\/?page_id=11389","title":{"rendered":"Centre Technique R\u00e9gional"},"content":{"rendered":"\n<p>Prochain centre technique les 24 et 25 f\u00e9vrier 2026 \u00e0 Saint-di\u00e9 des Vosges (88) centre des Sports Joseph Claudel ,\u00a0 Rue du 12\u00e8me R\u00e9giment d&rsquo;Artillerie<\/p>\n<p><img loading=\"lazy\" decoding=\"async\" class=\"aligncenter size-large wp-image-11627\" src=\"http:\/\/www.fftbliguedelorraine.fr\/wp-content\/uploads\/2026\/02\/a261a8fd-e6fa-4c27-abb1-9074102121dc-1024x576.jpg\" alt=\"\" width=\"1024\" height=\"576\" srcset=\"http:\/\/www.fftbliguedelorraine.fr\/wp-content\/uploads\/2026\/02\/a261a8fd-e6fa-4c27-abb1-9074102121dc-1024x576.jpg 1024w, http:\/\/www.fftbliguedelorraine.fr\/wp-content\/uploads\/2026\/02\/a261a8fd-e6fa-4c27-abb1-9074102121dc-300x169.jpg 300w, http:\/\/www.fftbliguedelorraine.fr\/wp-content\/uploads\/2026\/02\/a261a8fd-e6fa-4c27-abb1-9074102121dc-768x432.jpg 768w, http:\/\/www.fftbliguedelorraine.fr\/wp-content\/uploads\/2026\/02\/a261a8fd-e6fa-4c27-abb1-9074102121dc-1536x864.jpg 1536w, http:\/\/www.fftbliguedelorraine.fr\/wp-content\/uploads\/2026\/02\/a261a8fd-e6fa-4c27-abb1-9074102121dc.jpg 1600w\" sizes=\"auto, (max-width: 1024px) 100vw, 1024px\" \/><\/p>\n<hr \/>\n<div data-olk-copy-source=\"MessageBody\">Voici les athl\u00e8tes suppl\u00e9mentaires qui int\u00e8grent le Centre Technique R\u00e9gional du Grand Est\u00a0<\/div>\n<div>\u00a0<\/div>\n<div>&#8211; Lana LOR<\/div>\n<div>&#8211; Daphn\u00e9e\u00a0HUBLOT-FORBES<\/div>\n<div>&#8211; Sarah WAGNER<\/div>\n<div>&#8211; Imae SEITH<\/div>\n<div>&#8211; L\u00e9a SCHIRCK<\/div>\n<div>&#8211; C\u00e9cile PINGOT<\/div>\n<div>&#8211; Eva WAGNER<\/div>\n<div>&#8211; Jade ZIMMERMANN<\/div>\n<div>&#8211; Livia ISIDORE<\/div>\n<div>&#8211; Lyana CARTA<\/div>\n<div>&#8211; Meily DESCHAMPS<\/div>\n<div>&#8211; L\u00e9onie REBER<\/div>\n<div>&#8211; L\u00e9na\u00a0<\/div>\n<div>&#8211; Ciana\u00a0<\/div>\n<div>\u00a0<\/div>\n<div><span style=\"background-color: #edc4f2;\"><strong>Rendez-vous le 28 et 29 octobre 2025, au centre des sports Bernard Guy, avenue Guynemer \u00e0 Pont \u00e0 Mousson.<\/strong><\/span><\/div>\n<div><span style=\"background-color: #edc4f2;\"><strong>Merci de ramener une cl\u00e9 USB avec musique de solo.<\/strong><\/span><\/div>\n<div>\u00a0<\/div>\n<div><hr \/><\/div>\n<p><img loading=\"lazy\" decoding=\"async\" class=\"alignleft size-large wp-image-11510\" src=\"http:\/\/www.fftbliguedelorraine.fr\/wp-content\/uploads\/2025\/10\/centre-technique-de-septembre-1024x459.jpg\" alt=\"\" width=\"1024\" height=\"459\" srcset=\"http:\/\/www.fftbliguedelorraine.fr\/wp-content\/uploads\/2025\/10\/centre-technique-de-septembre-1024x459.jpg 1024w, http:\/\/www.fftbliguedelorraine.fr\/wp-content\/uploads\/2025\/10\/centre-technique-de-septembre-300x134.jpg 300w, http:\/\/www.fftbliguedelorraine.fr\/wp-content\/uploads\/2025\/10\/centre-technique-de-septembre-768x344.jpg 768w, http:\/\/www.fftbliguedelorraine.fr\/wp-content\/uploads\/2025\/10\/centre-technique-de-septembre-1536x688.jpg 1536w, http:\/\/www.fftbliguedelorraine.fr\/wp-content\/uploads\/2025\/10\/centre-technique-de-septembre.jpg 1920w\" sizes=\"auto, (max-width: 1024px) 100vw, 1024px\" \/><\/p>\n<p>33 athl\u00e8tes sont convoqu\u00e9s pour la saison 2025-2026 au Centre Technique du Grand Est de Twirling B\u00e2ton.<\/p>\n<p>Toutes nos F\u00e9licitations !<\/p>\n<p>Nous vous attendons pour le tout premier stage de l\u2019ann\u00e9e qui se d\u00e9roulera le <strong><span style=\"background-color: #ffff00;\">samedi 27 septembre 2025, de 13h \u00e0 18h et le dimanche 28 septembre 2025, de 9h \u00e0 16h au gymnase Absalon \u00e0 Heillecourt<\/span><\/strong> (M\u00e9tropole du Grand Nancy)<\/p>\n<p>Intervenants : Levan Marjorie, Ma\u00e9va Leduc, Laura Aubry et Korali Bergeron (prof de gym)<\/p>\n<p>&#8211;\u00a0\u00a0\u00a0\u00a0\u00a0\u00a0\u00a0\u00a0DIAWARA Lalya Club de Saint-Dizier 52<\/p>\n<p>&#8211;\u00a0\u00a0\u00a0\u00a0\u00a0\u00a0\u00a0\u00a0CLAUDIN Lola R\u00e9milly 57<\/p>\n<p>&#8211;\u00a0\u00a0\u00a0\u00a0\u00a0\u00a0\u00a0\u00a0BROBST Erine Yutz Thionville 57<\/p>\n<p>&#8211;\u00a0\u00a0\u00a0\u00a0\u00a0\u00a0\u00a0\u00a0SMIGIELSKI Lola R\u00e9milly 57<\/p>\n<p>&#8211;\u00a0\u00a0\u00a0\u00a0\u00a0\u00a0\u00a0\u00a0TRAGUS Margot R\u00e9milly 57<\/p>\n<p>&#8211;\u00a0\u00a0\u00a0\u00a0\u00a0\u00a0\u00a0\u00a0WILIG Lily Woustviller 57<\/p>\n<p>&#8211;\u00a0\u00a0\u00a0\u00a0\u00a0\u00a0\u00a0\u00a0SIMON Alice Ch\u00e2lons en Champagne 51<\/p>\n<p>&#8211;\u00a0\u00a0\u00a0\u00a0\u00a0\u00a0\u00a0\u00a0MOUZNI Maysa Florange 57<\/p>\n<p>&#8211;\u00a0\u00a0\u00a0\u00a0\u00a0\u00a0\u00a0\u00a0MOUZNI Soukayna Florange 57<\/p>\n<p>&#8211;\u00a0\u00a0\u00a0\u00a0\u00a0\u00a0\u00a0\u00a0BINDLER Fanny Obernai 67<\/p>\n<p>&#8211;\u00a0\u00a0\u00a0\u00a0\u00a0\u00a0\u00a0\u00a0MARINONI FISCHER Ma\u00eblle Florange 57<\/p>\n<p>&#8211;\u00a0\u00a0\u00a0\u00a0\u00a0\u00a0\u00a0\u00a0KIRCHMANN Margot Obernai 67<\/p>\n<p>&#8211;\u00a0\u00a0\u00a0\u00a0\u00a0\u00a0\u00a0\u00a0SABANOVIC Mayra Florange 57<\/p>\n<p>&#8211;\u00a0\u00a0\u00a0\u00a0\u00a0\u00a0\u00a0\u00a0RENAULD Lyna Lornel 52<\/p>\n<p>&#8211;\u00a0\u00a0\u00a0\u00a0\u00a0\u00a0\u00a0\u00a0DELLINAVELLI Luna R\u00e9milly 57<\/p>\n<p>&#8211;\u00a0\u00a0\u00a0\u00a0\u00a0\u00a0\u00a0\u00a0SERY Mya Yutz Thionville 57<\/p>\n<p>&#8211;\u00a0\u00a0\u00a0\u00a0\u00a0\u00a0\u00a0\u00a0MOSCATO Romane Florange 57<\/p>\n<p>&#8211;\u00a0\u00a0\u00a0\u00a0\u00a0\u00a0\u00a0\u00a0DAUMAIL Anastasia Florange 57\u00a0<\/p>\n<p>&#8211;\u00a0\u00a0\u00a0\u00a0\u00a0\u00a0\u00a0\u00a0KAPS Yanaelle Saint-Di\u00e9 88<\/p>\n<p>&#8211;\u00a0\u00a0\u00a0\u00a0\u00a0\u00a0\u00a0\u00a0NEPPEL RENKES Agathe R\u00e9milly 57<\/p>\n<p>&#8211;\u00a0\u00a0\u00a0\u00a0\u00a0\u00a0\u00a0\u00a0STRASZKO Leslie S\u00e9r\u00e9mange 57<\/p>\n<p>&#8211;\u00a0\u00a0\u00a0\u00a0\u00a0\u00a0\u00a0\u00a0DECKER Valentine Florange 57<\/p>\n<p>&#8211;\u00a0\u00a0\u00a0\u00a0\u00a0\u00a0\u00a0\u00a0GUENEGUEN Louane R\u00e9milly 57<\/p>\n<p>&#8211;\u00a0\u00a0\u00a0\u00a0\u00a0\u00a0\u00a0\u00a0PORTNER Thaisse Remiremont 88 (Pratique technique )<\/p>\n<p>&#8211;\u00a0\u00a0\u00a0\u00a0\u00a0\u00a0\u00a0\u00a0JACQUEMIN Lya Remiremont 88 (Pratique technique)<\/p>\n<p>&#8211;\u00a0\u00a0\u00a0\u00a0\u00a0\u00a0\u00a0\u00a0GRANDIN YERG JAGER C\u00e9l\u00e9na Remiremont 88 (Pratique technique)<\/p>\n<p>&#8211;\u00a0\u00a0\u00a0\u00a0\u00a0\u00a0\u00a0\u00a0AESCHBACHER KELLER Linn Hegenheim 68 (Pratique technique)<\/p>\n<p>&#8211;\u00a0\u00a0\u00a0\u00a0\u00a0\u00a0\u00a0\u00a0KINSING L\u00e9andre Epinal Golbet 88 (Pratique technique)<\/p>\n<p>&#8211;\u00a0\u00a0\u00a0\u00a0\u00a0\u00a0\u00a0\u00a0SIMON Lyzie Remiremont 88 (Pratique technique)<\/p>\n<p>&#8211;\u00a0\u00a0\u00a0\u00a0\u00a0\u00a0\u00a0\u00a0PORTNER Aaron Remiremont 88 (Pratique technique)<\/p>\n<p>&#8211;\u00a0\u00a0\u00a0\u00a0\u00a0\u00a0\u00a0\u00a0LEDUC Lylianna Epinal Golbey 88 (Pratique technique)<\/p>\n<p>&#8211;\u00a0\u00a0\u00a0\u00a0\u00a0\u00a0\u00a0\u00a0MICHEL Alice Epinal Golbet (Pratique technique)<\/p>\n","protected":false},"excerpt":{"rendered":"<p>Prochain centre technique les 24 et 25 f\u00e9vrier 2026 \u00e0 Saint-di\u00e9 des Vosges (88) centre des Sports Joseph Claudel ,\u00a0 Rue du 12\u00e8me R\u00e9giment d&rsquo;Artillerie Voici les athl\u00e8tes suppl\u00e9mentaires qui int\u00e8grent le Centre Technique R\u00e9gional du Grand Est\u00a0 \u00a0 &#8211; Lana LOR &#8211; Daphn\u00e9e\u00a0HUBLOT-FORBES &#8211; Sarah WAGNER &#8211; Imae SEITH &#8211; L\u00e9a SCHIRCK &#8211; C\u00e9cile<\/p>\n","protected":false},"author":1,"featured_media":0,"parent":0,"menu_order":0,"comment_status":"closed","ping_status":"closed","template":"","meta":{"footnotes":""},"class_list":["post-11389","page","type-page","status-publish","hentry"],"_links":{"self":[{"href":"http:\/\/www.fftbliguedelorraine.fr\/index.php?rest_route=\/wp\/v2\/pages\/11389","targetHints":{"allow":["GET"]}}],"collection":[{"href":"http:\/\/www.fftbliguedelorraine.fr\/index.php?rest_route=\/wp\/v2\/pages"}],"about":[{"href":"http:\/\/www.fftbliguedelorraine.fr\/index.php?rest_route=\/wp\/v2\/types\/page"}],"author":[{"embeddable":true,"href":"http:\/\/www.fftbliguedelorraine.fr\/index.php?rest_route=\/wp\/v2\/users\/1"}],"replies":[{"embeddable":true,"href":"http:\/\/www.fftbliguedelorraine.fr\/index.php?rest_route=%2Fwp%2Fv2%2Fcomments&post=11389"}],"version-history":[{"count":9,"href":"http:\/\/www.fftbliguedelorraine.fr\/index.php?rest_route=\/wp\/v2\/pages\/11389\/revisions"}],"predecessor-version":[{"id":11628,"href":"http:\/\/www.fftbliguedelorraine.fr\/index.php?rest_route=\/wp\/v2\/pages\/11389\/revisions\/11628"}],"wp:attachment":[{"href":"http:\/\/www.fftbliguedelorraine.fr\/index.php?rest_route=%2Fwp%2Fv2%2Fmedia&parent=11389"}],"curies":[{"name":"wp","href":"https:\/\/api.w.org\/{rel}","templated":true}]}}