{"id":10,"date":"2013-08-25T16:16:18","date_gmt":"2013-08-25T15:16:18","guid":{"rendered":"http:\/\/www.fftbliguedelorraine.fr\/?page_id=10"},"modified":"2018-03-29T14:05:35","modified_gmt":"2018-03-29T13:05:35","slug":"definition-du-twirling","status":"publish","type":"page","link":"http:\/\/www.fftbliguedelorraine.fr\/?page_id=10","title":{"rendered":"D\u00e9finition du twirling"},"content":{"rendered":"<p>Le Twirling B\u00e2ton est un sport artistique complet qui allie dext\u00e9rit\u00e9,gymnastique au sol et expression corporelle.<\/p>\n<p>On distingue :<\/p>\n<ul>\n<li>un engin unique par athl\u00e8te, le b\u00e2ton.<\/li>\n<li>une prestation individuelle, en duo, en \u00e9quipe ou en groupe.<\/li>\n<li>des \u00e9volutions tridimensionnelles du corps et du b\u00e2ton,dans un espace g\u00e9om\u00e9trique limit\u00e9.<\/li>\n<li>une r\u00e9alisation d&rsquo;enchainements destin\u00e9s \u00e0 \u00eatre vus et jug\u00e9s suivant un r\u00e8glement, un jury note chaque prestation. L&rsquo;athl\u00e8te est \u00e9valu\u00e9 par deux \u00e0 cing juges qui lui attribuent deux notes (une note artistique et une note technique) sur 10 pour les solos, sur 100 pour les duos, les \u00e9quipes, les groupes .<\/li>\n<\/ul>\n<p>Il\u00a0se conjugue au f\u00e9minin comme au masculin , il se pratique seul, en duo, en \u00e9quipe de 6 \u00e0\u00a08 athl\u00e8tes ou en groupe de 10 \u00e0 12 ou 15 \u00e0 20 athl\u00e8tes.<\/p>\n<p>Le tout est mis en valeur, les athl\u00e8tes dansent et manient le b\u00e2ton en m\u00eame temps pendant un temps minimal qui d\u00e9pend de chaque cat\u00e9gorie, les niveaux sont multiples.<\/p>\n<p>Les comp\u00e9titions sont organis\u00e9es pour chaque cat\u00e9gorie d&rsquo;\u00e2ge, il y a 6 cat\u00e9gories d&rsquo;\u00e2ge :<\/p>\n<p>&#8211; poussins (6 ans dans l&rsquo;ann\u00e9e civile)<\/p>\n<p>&#8211; benjamins (7 \u00e0 9 ans)<\/p>\n<p>&#8211; minimes (10 \u00e0 11 ans)<\/p>\n<p>&#8211; cadettes (12 \u00e0 13 ans)<\/p>\n<p>&#8211; juniors et juniors \u00e9lites (14 \u00e0 16 ans)\u00e0 partir de 2014-2015, trois ann\u00e9es de junior<\/p>\n<p>&#8211; s\u00e9niors et s\u00e9niors \u00e9lites (17 ans et plus)<\/p>\n<p>Les niveaux sont multiples et les progr\u00e9s de chacun r\u00e9compens\u00e9s par le passage de tests individuels, appel\u00e9s degr\u00e9s.<\/p>\n<p>Les comp\u00e9titions sont organis\u00e9es pour chaque cat\u00e9gorie d&rsquo;\u00e2ge au niveau des clubs,des d\u00e9partements,des ligues r\u00e9gionales et au niveau national pour l&rsquo;obtention du titre de champion de France.<\/p>\n<p><strong><span style=\"text-decoration: underline;\">Il existe trois fili\u00e8res de comp\u00e9titions :<\/span><\/strong><\/p>\n<p><strong><span style=\"text-decoration: underline;\">Championnat de France National 1 (haut niveau)<\/span>\u00a0. Pour l&rsquo;instant les degr\u00e9s ne sont pas exig\u00e9s pour les comp\u00e9titions.\u00a0<\/strong><\/p>\n<p>Les s\u00e9lections se font sur la moyenne nationale.<\/p>\n<p><strong><span style=\"text-decoration: underline;\">Championnat de France National 2<\/span>\u00a0 P<\/strong>as besoin de degr\u00e9s, le niveau des difficult\u00e9s est restreint.<\/p>\n<p>Les s\u00e9lections se font sur la moyenne nationale.<\/p>\n<p><strong><span style=\"text-decoration: underline;\">Championnat de France National 3<\/span>\u00a0 L<\/strong>e niveau des difficult\u00e9s est \u00e9galement restreint.<\/p>\n<p>Les s\u00e9lections sont effectu\u00e9es par rapport \u00e0 un quota de l&rsquo;effectif de base de chaque cat\u00e9gorie dans les ligues et ensuite par zone sur une note minimale + sur une moyenne nationale.<\/p>\n<p><strong><span style=\"text-decoration: underline;\">Et 6 niveaux de comp\u00e9titions :<\/span><\/strong><\/p>\n<p>&#8211; crit\u00e9riums (comp\u00e9titions amicales)<\/p>\n<p>&#8211; Championnats D\u00e9partementaux<\/p>\n<p>&#8211; Championnats Pr\u00e9-S\u00e9lectifs<\/p>\n<p>&#8211; Championnat de Ligue<\/p>\n<p>&#8211; 1\/2 finale de Championnat de France<\/p>\n<p>&#8211; Finale de Championnat de France<\/p>\n","protected":false},"excerpt":{"rendered":"<p>Le Twirling B\u00e2ton est un sport artistique complet qui allie dext\u00e9rit\u00e9,gymnastique au sol et expression corporelle. On distingue : un engin unique par athl\u00e8te, le b\u00e2ton. une prestation individuelle, en duo, en \u00e9quipe ou en groupe. des \u00e9volutions tridimensionnelles du corps et du b\u00e2ton,dans un espace g\u00e9om\u00e9trique limit\u00e9. une r\u00e9alisation d&rsquo;enchainements destin\u00e9s \u00e0 \u00eatre vus<\/p>\n","protected":false},"author":1,"featured_media":0,"parent":0,"menu_order":0,"comment_status":"closed","ping_status":"closed","template":"","meta":{"footnotes":""},"class_list":["post-10","page","type-page","status-publish","hentry"],"_links":{"self":[{"href":"http:\/\/www.fftbliguedelorraine.fr\/index.php?rest_route=\/wp\/v2\/pages\/10","targetHints":{"allow":["GET"]}}],"collection":[{"href":"http:\/\/www.fftbliguedelorraine.fr\/index.php?rest_route=\/wp\/v2\/pages"}],"about":[{"href":"http:\/\/www.fftbliguedelorraine.fr\/index.php?rest_route=\/wp\/v2\/types\/page"}],"author":[{"embeddable":true,"href":"http:\/\/www.fftbliguedelorraine.fr\/index.php?rest_route=\/wp\/v2\/users\/1"}],"replies":[{"embeddable":true,"href":"http:\/\/www.fftbliguedelorraine.fr\/index.php?rest_route=%2Fwp%2Fv2%2Fcomments&post=10"}],"version-history":[{"count":8,"href":"http:\/\/www.fftbliguedelorraine.fr\/index.php?rest_route=\/wp\/v2\/pages\/10\/revisions"}],"predecessor-version":[{"id":5414,"href":"http:\/\/www.fftbliguedelorraine.fr\/index.php?rest_route=\/wp\/v2\/pages\/10\/revisions\/5414"}],"wp:attachment":[{"href":"http:\/\/www.fftbliguedelorraine.fr\/index.php?rest_route=%2Fwp%2Fv2%2Fmedia&parent=10"}],"curies":[{"name":"wp","href":"https:\/\/api.w.org\/{rel}","templated":true}]}}